{"id":6457,"date":"2026-02-24T10:06:59","date_gmt":"2026-02-24T09:06:59","guid":{"rendered":"https:\/\/stephanie-wedding.com\/?page_id=6457"},"modified":"2026-03-05T10:13:30","modified_gmt":"2026-03-05T09:13:30","slug":"stijl-schieten-alin-manuel","status":"publish","type":"page","link":"https:\/\/stephanie-wedding.com\/nl\/style-shooting-alin-manuel\/","title":{"rendered":"Stijlfotografie Alin &amp; Manuel"},"content":{"rendered":"<div data-elementor-type=\"wp-page\" data-elementor-id=\"6457\" class=\"elementor elementor-6457\" data-elementor-post-type=\"page\">\n\t\t\t\t<div class=\"elementor-element elementor-element-b10b827 e-con-full e-flex e-con e-parent\" data-id=\"b10b827\" data-element_type=\"container\" data-e-type=\"container\" data-settings=\"{&quot;background_background&quot;:&quot;classic&quot;}\">\n\t\t\t\t<div class=\"elementor-element elementor-element-8c4347d elementor-widget elementor-widget-heading\" data-id=\"8c4347d\" data-element_type=\"widget\" data-e-type=\"widget\" data-widget_type=\"heading.default\">\n\t\t\t\t<div class=\"elementor-widget-container\">\n\t\t\t\t\t<h1 class=\"elementor-heading-title elementor-size-default\">Alin &amp; Manuel<\/h1>\t\t\t\t<\/div>\n\t\t\t\t<\/div>\n\t\t\t\t<\/div>\n\t\t<div class=\"elementor-element elementor-element-4fe5b5c e-con-full e-flex e-con e-parent\" data-id=\"4fe5b5c\" data-element_type=\"container\" data-e-type=\"container\" data-settings=\"{&quot;background_background&quot;:&quot;classic&quot;}\">\n\t\t<div class=\"elementor-element elementor-element-b0e2828 e-con-full e-flex e-con e-child\" data-id=\"b0e2828\" data-element_type=\"container\" data-e-type=\"container\">\n\t\t\t\t<div class=\"elementor-element elementor-element-3773fd6 elementor-widget elementor-widget-gallery\" data-id=\"3773fd6\" data-element_type=\"widget\" data-e-type=\"widget\" data-settings=\"{&quot;columns&quot;:3,&quot;aspect_ratio&quot;:&quot;1:1&quot;,&quot;columns_tablet&quot;:3,&quot;columns_mobile&quot;:3,&quot;lazyload&quot;:&quot;yes&quot;,&quot;gallery_layout&quot;:&quot;grid&quot;,&quot;gap&quot;:{&quot;unit&quot;:&quot;px&quot;,&quot;size&quot;:10,&quot;sizes&quot;:[]},&quot;gap_tablet&quot;:{&quot;unit&quot;:&quot;px&quot;,&quot;size&quot;:10,&quot;sizes&quot;:[]},&quot;gap_mobile&quot;:{&quot;unit&quot;:&quot;px&quot;,&quot;size&quot;:10,&quot;sizes&quot;:[]},&quot;content_hover_animation&quot;:&quot;fade-in&quot;}\" data-widget_type=\"gallery.default\">\n\t\t\t\t<div class=\"elementor-widget-container\">\n\t\t\t\t\t\t\t<div class=\"elementor-gallery__container\">\n\t\t\t\t\t\t\t<div class=\"e-gallery-item elementor-gallery-item elementor-animated-content\">\n\t\t\t\t\t<div class=\"e-gallery-image elementor-gallery-item__image\" data-thumbnail=\"https:\/\/stephanie-wedding.com\/wp-content\/uploads\/2026\/02\/stephanie-weddings-hochzeitsplanung-Salzburg-21-1022x1536.jpg\" data-width=\"1022\" data-height=\"1536\" aria-label=\"Braut und Br\u00e4utigam in f\u00f6rmlicher Kleidung sitzen eng beieinander auf einer Bank, halten sich an den H\u00e4nden und tragen Sonnenbrillen, um einen stilvollen Moment einer Hochzeit in \u00d6sterreich einzufangen.\" role=\"img\" ><\/div>\n\t\t\t\t\t\t\t\t\t\t\t\t\t\t<\/div>\n\t\t\t\t\t\t\t<div class=\"e-gallery-item elementor-gallery-item elementor-animated-content\">\n\t\t\t\t\t<div class=\"e-gallery-image elementor-gallery-item__image\" data-thumbnail=\"https:\/\/stephanie-wedding.com\/wp-content\/uploads\/2026\/01\/stephanie-weddings-hochzeitsplanung-Salzburg-12-1024x1536.jpg\" data-width=\"1024\" data-height=\"1536\" aria-label=\"Elegant gedeckter Tisch f\u00fcr eine unvergessliche Hochzeit in \u00d6sterreich mit Kerzen, Weingl\u00e4sern und einem floralen Mittelst\u00fcck auf einem Holztisch mit wei\u00dfem L\u00e4ufer - perfekt arrangiert von einer Hochzeitsplanerin.\" role=\"img\" ><\/div>\n\t\t\t\t\t\t\t\t\t\t\t\t\t\t<\/div>\n\t\t\t\t\t\t\t<div class=\"e-gallery-item elementor-gallery-item elementor-animated-content\">\n\t\t\t\t\t<div class=\"e-gallery-image elementor-gallery-item__image\" data-thumbnail=\"https:\/\/stephanie-wedding.com\/wp-content\/uploads\/2026\/01\/stephanie-weddings-hochzeitsplanung-Salzburg-3-1022x1536.jpg\" data-width=\"1022\" data-height=\"1536\" aria-label=\"Drie personen poseren op een bruiloft in Zuid-Duitsland; de bruid houdt een boeket vast, geflankeerd door twee glimlachende gasten in formele kleding.\" role=\"img\" ><\/div>\n\t\t\t\t\t\t\t\t\t\t\t\t\t\t<\/div>\n\t\t\t\t\t\t\t<div class=\"e-gallery-item elementor-gallery-item elementor-animated-content\">\n\t\t\t\t\t<div class=\"e-gallery-image elementor-gallery-item__image\" data-thumbnail=\"https:\/\/stephanie-wedding.com\/wp-content\/uploads\/2026\/02\/stephanie-weddings-hochzeitsplanung-Salzburg-16-1024x1536.jpg\" data-width=\"1024\" data-height=\"1536\" aria-label=\"Hochzeitseinladungen, Ringe, wei\u00dfe Abs\u00e4tze, Granatapfel und Gr\u00fcnzeug arrangiert auf einem rustikalen Holztisch - die perfekte Inspiration f\u00fcr eine Hochzeitsplanerin in \u00d6sterreich oder S\u00fcddeutschland.\" role=\"img\" ><\/div>\n\t\t\t\t\t\t\t\t\t\t\t\t\t\t<\/div>\n\t\t\t\t\t\t\t<div class=\"e-gallery-item elementor-gallery-item elementor-animated-content\">\n\t\t\t\t\t<div class=\"e-gallery-image elementor-gallery-item__image\" data-thumbnail=\"https:\/\/stephanie-wedding.com\/wp-content\/uploads\/2026\/02\/stephanie-weddings-hochzeitsplanung-Salzburg-23-1022x1536.jpg\" data-width=\"1022\" data-height=\"1536\" aria-label=\"Braut im wei\u00dfen Kleid mit Blumenstrau\u00df auf einer Terrasse mit Blumenarrangements und atemberaubendem Bergblick in \u00d6sterreich - die perfekte Inspiration f\u00fcr Ihre Hochzeit, kuratiert von einer erfahrenen Hochzeitsplanerin.\" role=\"img\" ><\/div>\n\t\t\t\t\t\t\t\t\t\t\t\t\t\t<\/div>\n\t\t\t\t\t\t\t<div class=\"e-gallery-item elementor-gallery-item elementor-animated-content\">\n\t\t\t\t\t<div class=\"e-gallery-image elementor-gallery-item__image\" data-thumbnail=\"https:\/\/stephanie-wedding.com\/wp-content\/uploads\/2026\/02\/stephanie-weddings-hochzeitsplanung-Salzburg-22-1022x1536.jpg\" data-width=\"1022\" data-height=\"1536\" aria-label=\"Braut und Br\u00e4utigam sitzen eng beieinander an einem geschm\u00fcckten Tisch in einem rustikalen, sonnendurchfluteten Lokal, das perfekt f\u00fcr eine vom Charme S\u00fcddeutschlands oder \u00d6sterreichs inspirierte Hochzeit ist.\" role=\"img\" ><\/div>\n\t\t\t\t\t\t\t\t\t\t\t\t\t\t<\/div>\n\t\t\t\t\t\t\t<div class=\"e-gallery-item elementor-gallery-item elementor-animated-content\">\n\t\t\t\t\t<div class=\"e-gallery-image elementor-gallery-item__image\" data-thumbnail=\"https:\/\/stephanie-wedding.com\/wp-content\/uploads\/2026\/02\/stephanie-weddings-hochzeitsplanung-Salzburg-15-1024x1536.jpg\" data-width=\"1024\" data-height=\"1536\" aria-label=\"Herzf\u00f6rmige wei\u00dfe Desserts mit rosa Blumen und Himbeeren auf einem goldenen Tablett, perfekt f\u00fcr eine s\u00fcddeutsche Hochzeit, umgeben von rosa Stoff und Beeren.\" role=\"img\" ><\/div>\n\t\t\t\t\t\t\t\t\t\t\t\t\t\t<\/div>\n\t\t\t\t\t\t\t<div class=\"e-gallery-item elementor-gallery-item elementor-animated-content\">\n\t\t\t\t\t<div class=\"e-gallery-image elementor-gallery-item__image\" data-thumbnail=\"https:\/\/stephanie-wedding.com\/wp-content\/uploads\/2026\/02\/stephanie-weddings-hochzeitsplanung-Salzburg-26-1022x1536.jpg\" data-width=\"1022\" data-height=\"1536\" aria-label=\"Braut und Br\u00e4utigam l\u00e4cheln sich an, w\u00e4hrend sie zwischen Blumenarrangements mit Bergen im Hintergrund stehen - perfekt f\u00fcr eine romantische Hochzeit in S\u00fcddeutschland oder \u00d6sterreich.\" role=\"img\" ><\/div>\n\t\t\t\t\t\t\t\t\t\t\t\t\t\t<\/div>\n\t\t\t\t\t\t\t<div class=\"e-gallery-item elementor-gallery-item elementor-animated-content\">\n\t\t\t\t\t<div class=\"e-gallery-image elementor-gallery-item__image\" data-thumbnail=\"https:\/\/stephanie-wedding.com\/wp-content\/uploads\/2026\/02\/stephanie-weddings-hochzeitsplanung-Salzburg-24-1022x1536.jpg\" data-width=\"1022\" data-height=\"1536\" aria-label=\"Eine Braut im Spitzenhochzeitskleid, die einen Blumenstrau\u00df hinter dem R\u00fccken h\u00e4lt, steht in einem Haus mit Blumen in der N\u00e4he - die perfekte Inspiration f\u00fcr Ihre Hochzeit in S\u00fcddeutschland.\" role=\"img\" ><\/div>\n\t\t\t\t\t\t\t\t\t\t\t\t\t\t<\/div>\n\t\t\t\t\t\t\t<div class=\"e-gallery-item elementor-gallery-item elementor-animated-content\">\n\t\t\t\t\t<div class=\"e-gallery-image elementor-gallery-item__image\" data-thumbnail=\"https:\/\/stephanie-wedding.com\/wp-content\/uploads\/2026\/02\/stephanie-weddings-hochzeitsplanung-Salzburg-25-1022x1536.jpg\" data-width=\"1022\" data-height=\"1536\" aria-label=\"Braut und Br\u00e4utigam tauschen ihr Eheversprechen unter freiem Himmel in S\u00fcddeutschland aus, umgeben von Blumenarrangements mit Bergen im Hintergrund - perfekt koordiniert von einer erfahrenen Hochzeitsplanerin.\" role=\"img\" ><\/div>\n\t\t\t\t\t\t\t\t\t\t\t\t\t\t<\/div>\n\t\t\t\t\t\t\t<div class=\"e-gallery-item elementor-gallery-item elementor-animated-content\">\n\t\t\t\t\t<div class=\"e-gallery-image elementor-gallery-item__image\" data-thumbnail=\"https:\/\/stephanie-wedding.com\/wp-content\/uploads\/2026\/02\/stephanie-weddings-hochzeitsplanung-Salzburg-20-1022x1536.jpg\" data-width=\"1022\" data-height=\"1536\" aria-label=\"Zwei Frauen in roten Kleidern sitzen an einem mit Blumen und Kerzen geschm\u00fcckten Tisch, im Hintergrund sind die Berge zu sehen - eine elegante Hochzeitsszene, inspiriert vom Charme S\u00fcddeutschlands.\" role=\"img\" ><\/div>\n\t\t\t\t\t\t\t\t\t\t\t\t\t\t<\/div>\n\t\t\t\t\t\t\t<div class=\"e-gallery-item elementor-gallery-item elementor-animated-content\">\n\t\t\t\t\t<div class=\"e-gallery-image elementor-gallery-item__image\" data-thumbnail=\"https:\/\/stephanie-wedding.com\/wp-content\/uploads\/2026\/01\/stephanie-weddings-hochzeitsplanung-Salzburg-8-1022x1536.jpg\" data-width=\"1022\" data-height=\"1536\" aria-label=\"Tweedelige witte taart met roze bloemen, omringd door een bloemenkrans en roze stof op een houten tafel - perfect voor een bruiloft in Zuid-Duitsland.\" role=\"img\" ><\/div>\n\t\t\t\t\t\t\t\t\t\t\t\t\t\t<\/div>\n\t\t\t\t\t\t\t<div class=\"e-gallery-item elementor-gallery-item elementor-animated-content\">\n\t\t\t\t\t<div class=\"e-gallery-image elementor-gallery-item__image\" data-thumbnail=\"https:\/\/stephanie-wedding.com\/wp-content\/uploads\/2026\/02\/stephanie-weddings-hochzeitsplanung-Salzburg-19-1022x1536.jpg\" data-width=\"1022\" data-height=\"1536\" aria-label=\"Eine Braut in einem wei\u00dfen Kleid und mit einem Blumenstrau\u00df in der Hand schreitet einen Gang aus Holzst\u00fchlen bei einer Hochzeit im Freien in \u00d6sterreich entlang, perfekt organisiert von einer professionellen Hochzeitsplanerin.\" role=\"img\" ><\/div>\n\t\t\t\t\t\t\t\t\t\t\t\t\t\t<\/div>\n\t\t\t\t\t\t\t<div class=\"e-gallery-item elementor-gallery-item elementor-animated-content\">\n\t\t\t\t\t<div class=\"e-gallery-image elementor-gallery-item__image\" data-thumbnail=\"https:\/\/stephanie-wedding.com\/wp-content\/uploads\/2026\/02\/stephanie-weddings-hochzeitsplanung-Salzburg-27-1022x1536.jpg\" data-width=\"1022\" data-height=\"1536\" aria-label=\"Braut und Br\u00e4utigam stehen vor einem Hochzeitsaltar im Freien mit Blumen und einem Holzbogen, der Trauzeuge steht neben ihnen - perfekt f\u00fcr Feiern in S\u00fcddeutschland oder \u00d6sterreich.\" role=\"img\" ><\/div>\n\t\t\t\t\t\t\t\t\t\t\t\t\t\t<\/div>\n\t\t\t\t\t\t\t<div class=\"e-gallery-item elementor-gallery-item elementor-animated-content\">\n\t\t\t\t\t<div class=\"e-gallery-image elementor-gallery-item__image\" data-thumbnail=\"https:\/\/stephanie-wedding.com\/wp-content\/uploads\/2026\/02\/stephanie-weddings-hochzeitsplanung-Salzburg-18-1024x1536.jpg\" data-width=\"1024\" data-height=\"1536\" aria-label=\"Witte schoenen, een aangesneden granaatappel, groen, parfum en papieren op een houten tafel - de perfecte inspiratie voor elke bruiloftsplanner in Zuid-Duitsland.\" role=\"img\" ><\/div>\n\t\t\t\t\t\t\t\t\t\t\t\t\t\t<\/div>\n\t\t\t\t\t\t\t<div class=\"e-gallery-item elementor-gallery-item elementor-animated-content\">\n\t\t\t\t\t<div class=\"e-gallery-image elementor-gallery-item__image\" data-thumbnail=\"https:\/\/stephanie-wedding.com\/wp-content\/uploads\/2026\/02\/stephanie-weddings-hochzeitsplanung-Salzburg-28-1022x1536.jpg\" data-width=\"1022\" data-height=\"1536\" aria-label=\"Die Braut im wei\u00dfen Kleid und mit einem Blumenstrau\u00df in der Hand steht unter einer h\u00f6lzernen, begr\u00fcnten Pergola, die eine romantische, vom Charme S\u00fcddeutschlands und \u00d6sterreichs inspirierte Hochzeitsatmosph\u00e4re schafft.\" role=\"img\" ><\/div>\n\t\t\t\t\t\t\t\t\t\t\t\t\t\t<\/div>\n\t\t\t\t\t\t\t<div class=\"e-gallery-item elementor-gallery-item elementor-animated-content\">\n\t\t\t\t\t<div class=\"e-gallery-image elementor-gallery-item__image\" data-thumbnail=\"https:\/\/stephanie-wedding.com\/wp-content\/uploads\/2026\/01\/stephanie-weddings-hochzeitsplanung-Salzburg-1-1022x1536.jpg\" data-width=\"1022\" data-height=\"1536\" aria-label=\"Een bruidegom tilt zijn bruid op voor een meer en bergen onder een bewolkte hemel, en legt zo een magisch huwelijksmoment in Zuid-Duitsland vast.\" role=\"img\" ><\/div>\n\t\t\t\t\t\t\t\t\t\t\t\t\t\t<\/div>\n\t\t\t\t\t\t\t<div class=\"e-gallery-item elementor-gallery-item elementor-animated-content\">\n\t\t\t\t\t<div class=\"e-gallery-image elementor-gallery-item__image\" data-thumbnail=\"https:\/\/stephanie-wedding.com\/wp-content\/uploads\/2026\/01\/stephanie-weddings-hochzeitsplanung-Salzburg-11-1024x1536.jpg\" data-width=\"1024\" data-height=\"1536\" aria-label=\"Een desserttafel ge\u00efnspireerd op Zuid-Duitsland met gebakjes, roze macarons, bloemen, kaarsen en een roze tafelkleed \u2013 perfect voor een bruiloft of feest in Oostenrijk.\" role=\"img\" ><\/div>\n\t\t\t\t\t\t\t\t\t\t\t\t\t\t<\/div>\n\t\t\t\t\t<\/div>\n\t\t\t\t\t<\/div>\n\t\t\t\t<\/div>\n\t\t\t\t<\/div>\n\t\t<div class=\"elementor-element elementor-element-e4d1f73 e-con-full e-flex e-con e-child\" data-id=\"e4d1f73\" data-element_type=\"container\" data-e-type=\"container\">\n\t\t\t\t<div class=\"elementor-element elementor-element-dfd8938 elementor-widget__width-initial elementor-widget elementor-widget-heading\" data-id=\"dfd8938\" data-element_type=\"widget\" data-e-type=\"widget\" data-widget_type=\"heading.default\">\n\t\t\t\t<div class=\"elementor-widget-container\">\n\t\t\t\t\t<h2 class=\"elementor-heading-title elementor-size-default\">Fotograferen op een moderne bergweide<\/h2>\t\t\t\t<\/div>\n\t\t\t\t<\/div>\n\t\t\t\t<div class=\"elementor-element elementor-element-ac60b34 elementor-widget__width-initial elementor-widget elementor-widget-heading\" data-id=\"ac60b34\" data-element_type=\"widget\" data-e-type=\"widget\" data-widget_type=\"heading.default\">\n\t\t\t\t<div class=\"elementor-widget-container\">\n\t\t\t\t\t<h3 class=\"elementor-heading-title elementor-size-default\">Kleuren: Bourgondi\u00eb, Canyon Rose, Perzik, Saliegroen, Gedroogd kruid\n\n<\/h3>\t\t\t\t<\/div>\n\t\t\t\t<\/div>\n\t\t<div class=\"elementor-element elementor-element-46f77b6 e-grid e-con-full e-con e-child\" data-id=\"46f77b6\" data-element_type=\"container\" data-e-type=\"container\">\n\t\t\t\t<div class=\"elementor-element elementor-element-78ac4aa elementor-widget elementor-widget-text-editor\" data-id=\"78ac4aa\" data-element_type=\"widget\" data-e-type=\"widget\" data-widget_type=\"text-editor.default\">\n\t\t\t\t<div class=\"elementor-widget-container\">\n\t\t\t\t\t\t\t\t\t<p data-start=\"120\" data-end=\"278\"><strong data-start=\"120\" data-end=\"146\">Plaats: Tom Almh\u00fctte<\/strong><br data-start=\"146\" data-end=\"149\" \/>Moderne berghut midden in de bergen van Maria Alm am Hochk\u00f6nig. Eigentijds. Stijlvol. Alles behalve rustiek en clich\u00e9matig.<\/p><p data-start=\"280\" data-end=\"314\"><strong data-start=\"280\" data-end=\"314\">Concept: Moderne bruiloft in de bergen. <br \/><\/strong>Heldere lijnen ontmoeten alpine landschap.<\/p><p data-start=\"358\" data-end=\"486\">Trouwen in de bergen hoeft niet op een rustieke bergweide te gebeuren. Ze kunnen elegant, minimalistisch en designgericht zijn.<\/p><p data-start=\"488\" data-end=\"574\"><strong data-start=\"488\" data-end=\"537\">Kleurenwereld: Bourgondi\u00eb, Ros\u00e9, Saliegroen &amp; Perzik.<\/strong><br data-start=\"537\" data-end=\"540\" \/>Diep. Harmonieus. Nobel gecombineerd.<\/p>\t\t\t\t\t\t\t\t<\/div>\n\t\t\t\t<\/div>\n\t\t\t\t<div class=\"elementor-element elementor-element-68dee97 elementor-widget elementor-widget-text-editor\" data-id=\"68dee97\" data-element_type=\"widget\" data-e-type=\"widget\" data-widget_type=\"text-editor.default\">\n\t\t\t\t<div class=\"elementor-widget-container\">\n\t\t\t\t\t\t\t\t\t<p data-start=\"576\" data-end=\"591\"><strong data-start=\"576\" data-end=\"591\">Hoogtepunten:<\/strong><\/p><ul><li data-start=\"593\" data-end=\"663\">Koppelshoot bij een bergmeer - rustig, intiem, ingebed in de natuur.<\/li><li data-start=\"665\" data-end=\"699\">Bloemisterij als een sterk statement.<\/li><li data-start=\"701\" data-end=\"787\">Een trouwboog bestaande uit twee opvallende zuilen - een moderne interpretatie, architectonisch bedacht.<\/li><\/ul><p data-start=\"789\" data-end=\"813\">\u00a0<\/p><p data-start=\"789\" data-end=\"813\">Een shoot die laat zien:<br \/>Bergen kunnen modern zijn. Alpen kunnen design hebben. En stijl kent geen hoogtelimieten.<\/p>\t\t\t\t\t\t\t\t<\/div>\n\t\t\t\t<\/div>\n\t\t\t\t<\/div>\n\t\t\t\t<\/div>\n\t\t\t\t<\/div>\n\t\t\t\t<\/div>","protected":false},"excerpt":{"rendered":"<p>Alin &amp; Manuel Shooting auf einer modernen Alm Farben: Burgundy, Canyon Rose, Peach, Sage Green, Dried herb Location: Tom Almh\u00fctteModerne Almh\u00fctte inmitten der Bergwelt von Maria Alm am Hochk\u00f6nig. Zeitgem\u00e4\u00df. Stilvoll. Alles andere als rustikal-klischeehaft. Konzept: Moderne Berghochzeit. Klare Linien treffen auf alpine Kulisse. Hochzeiten in den Bergen m\u00fcssen nicht auf einer urigen Alm stattfinden. [&hellip;]<\/p>\n","protected":false},"author":4,"featured_media":0,"parent":0,"menu_order":0,"comment_status":"closed","ping_status":"closed","template":"elementor_header_footer","meta":{"footnotes":""},"class_list":["post-6457","page","type-page","status-publish","hentry"],"_links":{"self":[{"href":"https:\/\/stephanie-wedding.com\/nl\/wp-json\/wp\/v2\/pages\/6457","targetHints":{"allow":["GET"]}}],"collection":[{"href":"https:\/\/stephanie-wedding.com\/nl\/wp-json\/wp\/v2\/pages"}],"about":[{"href":"https:\/\/stephanie-wedding.com\/nl\/wp-json\/wp\/v2\/types\/page"}],"author":[{"embeddable":true,"href":"https:\/\/stephanie-wedding.com\/nl\/wp-json\/wp\/v2\/users\/4"}],"replies":[{"embeddable":true,"href":"https:\/\/stephanie-wedding.com\/nl\/wp-json\/wp\/v2\/comments?post=6457"}],"version-history":[{"count":10,"href":"https:\/\/stephanie-wedding.com\/nl\/wp-json\/wp\/v2\/pages\/6457\/revisions"}],"predecessor-version":[{"id":6682,"href":"https:\/\/stephanie-wedding.com\/nl\/wp-json\/wp\/v2\/pages\/6457\/revisions\/6682"}],"wp:attachment":[{"href":"https:\/\/stephanie-wedding.com\/nl\/wp-json\/wp\/v2\/media?parent=6457"}],"curies":[{"name":"wp","href":"https:\/\/api.w.org\/{rel}","templated":true}]}}