{"id":6382,"date":"2026-02-24T08:55:59","date_gmt":"2026-02-24T07:55:59","guid":{"rendered":"https:\/\/stephanie-wedding.com\/?page_id=6382"},"modified":"2026-03-05T10:15:48","modified_gmt":"2026-03-05T09:15:48","slug":"stijlschieten-martha-uwe","status":"publish","type":"page","link":"https:\/\/stephanie-wedding.com\/nl\/style-shooting-martha-uwe\/","title":{"rendered":"Stijlfotografie Martha &amp; Uwe"},"content":{"rendered":"<div data-elementor-type=\"wp-page\" data-elementor-id=\"6382\" class=\"elementor elementor-6382\" data-elementor-post-type=\"page\">\n\t\t\t\t<div class=\"elementor-element elementor-element-84630fd e-con-full e-flex e-con e-parent\" data-id=\"84630fd\" data-element_type=\"container\" data-e-type=\"container\" data-settings=\"{&quot;background_background&quot;:&quot;classic&quot;}\">\n\t\t\t\t<div class=\"elementor-element elementor-element-f61637a elementor-widget elementor-widget-heading\" data-id=\"f61637a\" data-element_type=\"widget\" data-e-type=\"widget\" data-widget_type=\"heading.default\">\n\t\t\t\t<div class=\"elementor-widget-container\">\n\t\t\t\t\t<h1 class=\"elementor-heading-title elementor-size-default\">Martha &amp; Uwe<\/h1>\t\t\t\t<\/div>\n\t\t\t\t<\/div>\n\t\t\t\t<\/div>\n\t\t<div class=\"elementor-element elementor-element-3a6c284 e-con-full e-flex e-con e-parent\" data-id=\"3a6c284\" data-element_type=\"container\" data-e-type=\"container\" data-settings=\"{&quot;background_background&quot;:&quot;classic&quot;}\">\n\t\t<div class=\"elementor-element elementor-element-925d561 e-con-full e-flex e-con e-child\" data-id=\"925d561\" data-element_type=\"container\" data-e-type=\"container\">\n\t\t\t\t<div class=\"elementor-element elementor-element-cd53732 elementor-widget elementor-widget-gallery\" data-id=\"cd53732\" data-element_type=\"widget\" data-e-type=\"widget\" data-settings=\"{&quot;columns&quot;:3,&quot;aspect_ratio&quot;:&quot;1:1&quot;,&quot;columns_tablet&quot;:3,&quot;columns_mobile&quot;:3,&quot;lazyload&quot;:&quot;yes&quot;,&quot;gallery_layout&quot;:&quot;grid&quot;,&quot;gap&quot;:{&quot;unit&quot;:&quot;px&quot;,&quot;size&quot;:10,&quot;sizes&quot;:[]},&quot;gap_tablet&quot;:{&quot;unit&quot;:&quot;px&quot;,&quot;size&quot;:10,&quot;sizes&quot;:[]},&quot;gap_mobile&quot;:{&quot;unit&quot;:&quot;px&quot;,&quot;size&quot;:10,&quot;sizes&quot;:[]},&quot;content_hover_animation&quot;:&quot;fade-in&quot;}\" data-widget_type=\"gallery.default\">\n\t\t\t\t<div class=\"elementor-widget-container\">\n\t\t\t\t\t\t\t<div class=\"elementor-gallery__container\">\n\t\t\t\t\t\t\t<div class=\"e-gallery-item elementor-gallery-item elementor-animated-content\">\n\t\t\t\t\t<div class=\"e-gallery-image elementor-gallery-item__image\" data-thumbnail=\"https:\/\/stephanie-wedding.com\/wp-content\/uploads\/2026\/02\/stephanie-weddings-hochzeitsplanung-oesterreich-21-1024x1536.jpg\" data-width=\"1024\" data-height=\"1536\" aria-label=\"Ein l\u00e4chelndes \u00e4lteres Paar umarmt sich im Freien in \u00d6sterreich, die Frau h\u00e4lt ein orangefarbenes Telefon in der Hand, beide lachen fr\u00f6hlich wie Frischverm\u00e4hlte auf ihrer Hochzeit.\" role=\"img\" ><\/div>\n\t\t\t\t\t\t\t\t\t\t\t\t\t\t<\/div>\n\t\t\t\t\t\t\t<div class=\"e-gallery-item elementor-gallery-item elementor-animated-content\">\n\t\t\t\t\t<div class=\"e-gallery-image elementor-gallery-item__image\" data-thumbnail=\"https:\/\/stephanie-wedding.com\/wp-content\/uploads\/2026\/02\/stephanie-weddings-hochzeitsplanung-oesterreich-40-1024x1536.jpg\" data-width=\"1024\" data-height=\"1536\" aria-label=\"Bunte Blumenarrangements und hohe orangefarbene Kerzen auf wei\u00dfen St\u00e4ndern und einem goldenen Tablett im Freien auf Gras, perfekt f\u00fcr eine stilvolle Hochzeit in \u00d6sterreich oder S\u00fcddeutschland.\" role=\"img\" ><\/div>\n\t\t\t\t\t\t\t\t\t\t\t\t\t\t<\/div>\n\t\t\t\t\t\t\t<div class=\"e-gallery-item elementor-gallery-item elementor-animated-content\">\n\t\t\t\t\t<div class=\"e-gallery-image elementor-gallery-item__image\" data-thumbnail=\"https:\/\/stephanie-wedding.com\/wp-content\/uploads\/2026\/02\/stephanie-weddings-hochzeitsplanung-oesterreich-23-1024x1536.jpg\" data-width=\"1024\" data-height=\"1536\" aria-label=\"\u00c4lteres Ehepaar schneidet eine blumengeschm\u00fcckte Torte im Freien an ihrer Hochzeit in S\u00fcddeutschland an, umgeben von Cupcakes auf eleganten St\u00e4ndern.\" role=\"img\" ><\/div>\n\t\t\t\t\t\t\t\t\t\t\t\t\t\t<\/div>\n\t\t\t\t\t\t\t<div class=\"e-gallery-item elementor-gallery-item elementor-animated-content\">\n\t\t\t\t\t<div class=\"e-gallery-image elementor-gallery-item__image\" data-thumbnail=\"https:\/\/stephanie-wedding.com\/wp-content\/uploads\/2026\/02\/stephanie-weddings-hochzeitsplanung-oesterreich-36-1024x1536.jpg\" data-width=\"1024\" data-height=\"1536\" aria-label=\"Bunte Rosen und Kerzen, arrangiert in einem Tafelaufsatz auf einem wei\u00df gedeckten Tisch f\u00fcr eine Hochzeit - eine perfekte Inspiration von einer Hochzeitsplanerin aus S\u00fcddeutschland.\" role=\"img\" ><\/div>\n\t\t\t\t\t\t\t\t\t\t\t\t\t\t<\/div>\n\t\t\t\t\t\t\t<div class=\"e-gallery-item elementor-gallery-item elementor-animated-content\">\n\t\t\t\t\t<div class=\"e-gallery-image elementor-gallery-item__image\" data-thumbnail=\"https:\/\/stephanie-wedding.com\/wp-content\/uploads\/2026\/02\/stephanie-weddings-hochzeitsplanung-oesterreich-24-1024x1536.jpg\" data-width=\"1024\" data-height=\"1536\" aria-label=\"Zwei Personen sto\u00dfen in S\u00fcddeutschland mit Orangencocktails an; auf den B\u00e4ndern an den Gl\u00e4sern stehen Braut und Br\u00e4utigam. Darunter sind Blumen zu sehen, die einen Moment einfangen, den jede Hochzeitsplanerin in \u00d6sterreich gerne gestalten w\u00fcrde.\" role=\"img\" ><\/div>\n\t\t\t\t\t\t\t\t\t\t\t\t\t\t<\/div>\n\t\t\t\t\t\t\t<div class=\"e-gallery-item elementor-gallery-item elementor-animated-content\">\n\t\t\t\t\t<div class=\"e-gallery-image elementor-gallery-item__image\" data-thumbnail=\"https:\/\/stephanie-wedding.com\/wp-content\/uploads\/2026\/02\/stephanie-weddings-hochzeitsplanung-oesterreich-25-1024x1536.jpg\" data-width=\"1024\" data-height=\"1536\" aria-label=\"Ein l\u00e4chelndes \u00e4lteres Ehepaar st\u00f6\u00dft mit Getr\u00e4nken an, h\u00e4lt Blumen in der Hand und tr\u00e4gt elegante, festliche Kleidung im Freien in \u00d6sterreich - und f\u00e4ngt einen fr\u00f6hlichen Hochzeitsmoment ein.\" role=\"img\" ><\/div>\n\t\t\t\t\t\t\t\t\t\t\t\t\t\t<\/div>\n\t\t\t\t\t\t\t<div class=\"e-gallery-item elementor-gallery-item elementor-animated-content\">\n\t\t\t\t\t<div class=\"e-gallery-image elementor-gallery-item__image\" data-thumbnail=\"https:\/\/stephanie-wedding.com\/wp-content\/uploads\/2026\/02\/stephanie-weddings-hochzeitsplanung-oesterreich-27-1024x1536.jpg\" data-width=\"1024\" data-height=\"1536\" aria-label=\"Eine Person, die ein rotes Buch mit Wachssiegel und Leseb\u00e4ndchen in der Hand h\u00e4lt und einen hell gemusterten \u00c4rmel tr\u00e4gt - h\u00e4ufig zu sehen bei einer Hochzeit in S\u00fcddeutschland oder \u00d6sterreich.\" role=\"img\" ><\/div>\n\t\t\t\t\t\t\t\t\t\t\t\t\t\t<\/div>\n\t\t\t\t\t\t\t<div class=\"e-gallery-item elementor-gallery-item elementor-animated-content\">\n\t\t\t\t\t<div class=\"e-gallery-image elementor-gallery-item__image\" data-thumbnail=\"https:\/\/stephanie-wedding.com\/wp-content\/uploads\/2026\/02\/stephanie-weddings-hochzeitsplanung-oesterreich-35-1024x1536.jpg\" data-width=\"1024\" data-height=\"1536\" aria-label=\"Ein wei\u00dfer Teller mit rosa Men\u00fckarte, Gl\u00e4ser, bunte Blumen und orangefarbene Kerzen auf einem gedeckten Tisch - perfekt f\u00fcr eine elegante Hochzeit in \u00d6sterreich, liebevoll arrangiert von einer erfahrenen Hochzeitsplanerin.\" role=\"img\" ><\/div>\n\t\t\t\t\t\t\t\t\t\t\t\t\t\t<\/div>\n\t\t\t\t\t\t\t<div class=\"e-gallery-item elementor-gallery-item elementor-animated-content\">\n\t\t\t\t\t<div class=\"e-gallery-image elementor-gallery-item__image\" data-thumbnail=\"https:\/\/stephanie-wedding.com\/wp-content\/uploads\/2026\/02\/stephanie-weddings-hochzeitsplanung-oesterreich-28-1024x1536.jpg\" data-width=\"1024\" data-height=\"1536\" aria-label=\"Ein Mann in einer orangefarbenen Jacke h\u00e4lt eine Karte in der Hand und spricht mit einer Frau im Freien - vielleicht bespricht er Hochzeitspl\u00e4ne mit einer Hochzeitsplanerin in S\u00fcddeutschland.\" role=\"img\" ><\/div>\n\t\t\t\t\t\t\t\t\t\t\t\t\t\t<\/div>\n\t\t\t\t\t\t\t<div class=\"e-gallery-item elementor-gallery-item elementor-animated-content\">\n\t\t\t\t\t<div class=\"e-gallery-image elementor-gallery-item__image\" data-thumbnail=\"https:\/\/stephanie-wedding.com\/wp-content\/uploads\/2026\/01\/stephanie-weddings-hochzeitsplanung-oesterreich-15-1024x1536.jpg\" data-width=\"1024\" data-height=\"1536\" aria-label=\"Eine Hochzeitsplanerin arrangiert Blumen in Vasen auf einem Tisch im Freien, geschm\u00fcckt mit farbenfrohen Bl\u00fcten und Kerzenleuchtern aus Messing - perfekt f\u00fcr eine Feier in S\u00fcddeutschland oder \u00d6sterreich.\" role=\"img\" ><\/div>\n\t\t\t\t\t\t\t\t\t\t\t\t\t\t<\/div>\n\t\t\t\t\t\t\t<div class=\"e-gallery-item elementor-gallery-item elementor-animated-content\">\n\t\t\t\t\t<div class=\"e-gallery-image elementor-gallery-item__image\" data-thumbnail=\"https:\/\/stephanie-wedding.com\/wp-content\/uploads\/2026\/02\/stephanie-weddings-hochzeitsplanung-oesterreich-26-1024x1536.jpg\" data-width=\"1024\" data-height=\"1536\" aria-label=\"Zwei fr\u00f6hliche Menschen in Anz\u00fcgen feiern ihre Hochzeit im Freien in S\u00fcddeutschland, umgeben von bunten Blumen und eleganten Kerzenarrangements.\" role=\"img\" ><\/div>\n\t\t\t\t\t\t\t\t\t\t\t\t\t\t<\/div>\n\t\t\t\t\t\t\t<div class=\"e-gallery-item elementor-gallery-item elementor-animated-content\">\n\t\t\t\t\t<div class=\"e-gallery-image elementor-gallery-item__image\" data-thumbnail=\"https:\/\/stephanie-wedding.com\/wp-content\/uploads\/2026\/02\/stephanie-weddings-hochzeitsplanung-oesterreich-34-1024x1536.jpg\" data-width=\"1024\" data-height=\"1536\" aria-label=\"Eine wei\u00dfe Vase, gef\u00fcllt mit rosa, pfirsichfarbenen und gelben Rosen - perfekt f\u00fcr eine Hochzeitsplanerin in S\u00fcddeutschland oder \u00d6sterreich - ist mit dunkelgr\u00fcnen Bl\u00e4ttern und zarten Begleitbl\u00fcten versehen.\" role=\"img\" ><\/div>\n\t\t\t\t\t\t\t\t\t\t\t\t\t\t<\/div>\n\t\t\t\t\t\t\t<div class=\"e-gallery-item elementor-gallery-item elementor-animated-content\">\n\t\t\t\t\t<div class=\"e-gallery-image elementor-gallery-item__image\" data-thumbnail=\"https:\/\/stephanie-wedding.com\/wp-content\/uploads\/2026\/02\/stephanie-weddings-hochzeitsplanung-oesterreich-29-1024x1536.jpg\" data-width=\"1024\" data-height=\"1536\" aria-label=\"Zwei Jacken, eine cremefarbene und eine orangefarbene, h\u00e4ngen drau\u00dfen auf beiden Seiten eines Fensters an einer geschindelten Holzwand - vielleicht warten sie auf eine Hochzeit in S\u00fcddeutschland.\" role=\"img\" ><\/div>\n\t\t\t\t\t\t\t\t\t\t\t\t\t\t<\/div>\n\t\t\t\t\t\t\t<div class=\"e-gallery-item elementor-gallery-item elementor-animated-content\">\n\t\t\t\t\t<div class=\"e-gallery-image elementor-gallery-item__image\" data-thumbnail=\"https:\/\/stephanie-wedding.com\/wp-content\/uploads\/2026\/02\/stephanie-weddings-hochzeitsplanung-oesterreich-30-1024x1536.jpg\" data-width=\"1024\" data-height=\"1536\" aria-label=\"Ein \u00e4lteres Paar umarmt sich im Freien in S\u00fcddeutschland; die Frau h\u00e4lt einen Strau\u00df mit leuchtend rosa und orangefarbenen Blumen.\" role=\"img\" ><\/div>\n\t\t\t\t\t\t\t\t\t\t\t\t\t\t<\/div>\n\t\t\t\t\t\t\t<div class=\"e-gallery-item elementor-gallery-item elementor-animated-content\">\n\t\t\t\t\t<div class=\"e-gallery-image elementor-gallery-item__image\" data-thumbnail=\"https:\/\/stephanie-wedding.com\/wp-content\/uploads\/2026\/02\/stephanie-weddings-hochzeitsplanung-oesterreich-38-1024x1536.jpg\" data-width=\"1024\" data-height=\"1536\" aria-label=\"Ein f\u00fcr ein Essen gedeckter Tisch im Freien mit bunten Blumen, Kerzen und Holzst\u00fchlen auf einer Wiese - perfekt f\u00fcr eine Hochzeit in \u00d6sterreich, kuratiert von einer erfahrenen Hochzeitsplanerin.\" role=\"img\" ><\/div>\n\t\t\t\t\t\t\t\t\t\t\t\t\t\t<\/div>\n\t\t\t\t\t\t\t<div class=\"e-gallery-item elementor-gallery-item elementor-animated-content\">\n\t\t\t\t\t<div class=\"e-gallery-image elementor-gallery-item__image\" data-thumbnail=\"https:\/\/stephanie-wedding.com\/wp-content\/uploads\/2026\/01\/stephanie-weddings-hochzeitsplanung-oesterreich-12-1024x1536.jpg\" data-width=\"1024\" data-height=\"1536\" aria-label=\"Een bruiloftsplanner in Oostenrijk dekt een buitentafel gedecoreerd met roze en oranje bloemen en kaarsen, terwijl ze een zwart dossier vasthoudt om de perfecte bruiloft te plannen.\" role=\"img\" ><\/div>\n\t\t\t\t\t\t\t\t\t\t\t\t\t\t<\/div>\n\t\t\t\t\t\t\t<div class=\"e-gallery-item elementor-gallery-item elementor-animated-content\">\n\t\t\t\t\t<div class=\"e-gallery-image elementor-gallery-item__image\" data-thumbnail=\"https:\/\/stephanie-wedding.com\/wp-content\/uploads\/2026\/02\/stephanie-weddings-hochzeitsplanung-oesterreich-31-1024x1536.jpg\" data-width=\"1024\" data-height=\"1536\" aria-label=\"L\u00e4chelndes \u00e4lteres Paar im Freien in S\u00fcddeutschland, mit bunten Blumen in der Hand und in eleganten wei\u00dfen und orangefarbenen Anz\u00fcgen gekleidet.\" role=\"img\" ><\/div>\n\t\t\t\t\t\t\t\t\t\t\t\t\t\t<\/div>\n\t\t\t\t\t\t\t<div class=\"e-gallery-item elementor-gallery-item elementor-animated-content\">\n\t\t\t\t\t<div class=\"e-gallery-image elementor-gallery-item__image\" data-thumbnail=\"https:\/\/stephanie-wedding.com\/wp-content\/uploads\/2026\/02\/stephanie-weddings-hochzeitsplanung-oesterreich-33-1024x1536.jpg\" data-width=\"1024\" data-height=\"1536\" aria-label=\"Ein l\u00e4chelndes Paar steht bei seiner Hochzeit in \u00d6sterreich im Freien, umgeben von bunten Blumen und Kerzen, mit Bergen und B\u00e4umen im Hintergrund.\" role=\"img\" ><\/div>\n\t\t\t\t\t\t\t\t\t\t\t\t\t\t<\/div>\n\t\t\t\t\t\t\t<div class=\"e-gallery-item elementor-gallery-item elementor-animated-content\">\n\t\t\t\t\t<div class=\"e-gallery-image elementor-gallery-item__image\" data-thumbnail=\"https:\/\/stephanie-wedding.com\/wp-content\/uploads\/2026\/02\/stephanie-weddings-hochzeitsplanung-oesterreich-32-1024x1536.jpg\" data-width=\"1024\" data-height=\"1536\" aria-label=\"Eine Hochzeitsplanerin in \u00d6sterreich h\u00e4lt eine rosafarbene Speisekarte und eine Zitronenscheibe an einen mit bunten Blumen geschm\u00fcckten Tisch, der den Rahmen f\u00fcr eine sch\u00f6ne Hochzeit bildet.\" role=\"img\" ><\/div>\n\t\t\t\t\t\t\t\t\t\t\t\t\t\t<\/div>\n\t\t\t\t\t\t\t<div class=\"e-gallery-item elementor-gallery-item elementor-animated-content\">\n\t\t\t\t\t<div class=\"e-gallery-image elementor-gallery-item__image\" data-thumbnail=\"https:\/\/stephanie-wedding.com\/wp-content\/uploads\/2026\/02\/stephanie-weddings-hochzeitsplanung-oesterreich-41-1024x1536.jpg\" data-width=\"1024\" data-height=\"1536\" aria-label=\"Bunte Blumenarrangements und hohe orangefarbene Kerzen auf St\u00e4ndern, im Freien mit den Bergen im Hintergrund - perfekt f\u00fcr eine Hochzeit in S\u00fcddeutschland.\" role=\"img\" ><\/div>\n\t\t\t\t\t\t\t\t\t\t\t\t\t\t<\/div>\n\t\t\t\t\t\t\t<div class=\"e-gallery-item elementor-gallery-item elementor-animated-content\">\n\t\t\t\t\t<div class=\"e-gallery-image elementor-gallery-item__image\" data-thumbnail=\"https:\/\/stephanie-wedding.com\/wp-content\/uploads\/2026\/02\/stephanie-weddings-hochzeitsplanung-oesterreich-39-1024x1536.jpg\" data-width=\"1024\" data-height=\"1536\" aria-label=\"Een vrouw in een wit kanten topje dekt lachend een tafel buiten, met een huis op de achtergrond - perfect voor een bruiloft in Zuid-Duitsland.\" role=\"img\" ><\/div>\n\t\t\t\t\t\t\t\t\t\t\t\t\t\t<\/div>\n\t\t\t\t\t<\/div>\n\t\t\t\t\t<\/div>\n\t\t\t\t<\/div>\n\t\t\t\t<\/div>\n\t\t<div class=\"elementor-element elementor-element-64880c7 e-con-full e-flex e-con e-child\" data-id=\"64880c7\" data-element_type=\"container\" data-e-type=\"container\">\n\t\t\t\t<div class=\"elementor-element elementor-element-e544b0e elementor-widget__width-initial elementor-widget elementor-widget-heading\" data-id=\"e544b0e\" data-element_type=\"widget\" data-e-type=\"widget\" data-widget_type=\"heading.default\">\n\t\t\t\t<div class=\"elementor-widget-container\">\n\t\t\t\t\t<h2 class=\"elementor-heading-title elementor-size-default\">Stijl Opname Kleur Vermogen<\/h2>\t\t\t\t<\/div>\n\t\t\t\t<\/div>\n\t\t\t\t<div class=\"elementor-element elementor-element-de31c7e elementor-widget__width-initial elementor-widget elementor-widget-heading\" data-id=\"de31c7e\" data-element_type=\"widget\" data-e-type=\"widget\" data-widget_type=\"heading.default\">\n\t\t\t\t<div class=\"elementor-widget-container\">\n\t\t\t\t\t<h3 class=\"elementor-heading-title elementor-size-default\">Kleurrijke, intense kleuren\nKleuren: Bloedoranje, fuchsia, roze\n\n<\/h3>\t\t\t\t<\/div>\n\t\t\t\t<\/div>\n\t\t<div class=\"elementor-element elementor-element-952ae46 e-grid e-con-full e-con e-child\" data-id=\"952ae46\" data-element_type=\"container\" data-e-type=\"container\">\n\t\t\t\t<div class=\"elementor-element elementor-element-1c9be5f elementor-widget elementor-widget-text-editor\" data-id=\"1c9be5f\" data-element_type=\"widget\" data-e-type=\"widget\" data-widget_type=\"text-editor.default\">\n\t\t\t\t<div class=\"elementor-widget-container\">\n\t\t\t\t\t\t\t\t\t<p data-start=\"98\" data-end=\"219\"><strong data-start=\"98\" data-end=\"125\">Plaats: Erentrudisalm<\/strong><br data-start=\"125\" data-end=\"128\" \/>Spectaculair uitzicht over Salzburg. Bergen, uitgestrektheid, zonlicht - een podium met een wow-effect.<\/p><p data-start=\"221\" data-end=\"297\"><strong data-start=\"221\" data-end=\"262\">Kleurenwereld: bloedsinaasappel, fuchsia &amp; roze.<\/strong><br data-start=\"262\" data-end=\"265\" \/>Intens. Moedig. Vol energie. Een duidelijk ja tegen kleur - en een duidelijk nee tegen terughoudendheid.<\/p><p data-start=\"363\" data-end=\"399\"><strong data-start=\"363\" data-end=\"399\">Concept: Liefde kent geen leeftijd. <br \/><\/strong>Een ouder echtpaar in het middelpunt. Stijlvol, zelfverzekerd, ontroerend echt.<\/p><p data-start=\"478\" data-end=\"493\"><strong data-start=\"583\" data-end=\"598\">Hoogtepunten:<br \/><\/strong><\/p><ul><li data-start=\"495\" data-end=\"573\">Bloemisterij in krachtige nuances - modern ge\u00ebnsceneerd, met diepte en dynamiek.<\/li><\/ul>\t\t\t\t\t\t\t\t<\/div>\n\t\t\t\t<\/div>\n\t\t\t\t<div class=\"elementor-element elementor-element-60e244f elementor-widget elementor-widget-text-editor\" data-id=\"60e244f\" data-element_type=\"widget\" data-e-type=\"widget\" data-widget_type=\"text-editor.default\">\n\t\t\t\t<div class=\"elementor-widget-container\">\n\t\t\t\t\t\t\t\t\t<ul><li>Prachtige bruidstaart - een kunstwerk. De bloemen zijn met de hand gemaakt van speciaal eetbaar papier.<\/li><li data-start=\"682\" data-end=\"764\">Oldtimers als trouwauto's - tijdloze elegantie ontmoet expressieve kleuren.<\/li><li data-start=\"766\" data-end=\"821\">Audio gastenboek voor echte stemmen en echte emoties.<\/li><li data-start=\"823\" data-end=\"893\">Live artiesten die speciale momenten direct op locatie vastleggen.<\/li><\/ul><p data-start=\"895\" data-end=\"919\">\u00a0<\/p><p data-start=\"895\" data-end=\"919\">Een shoot die laat zien:<br \/>Bruiloften mogen opvallen. Kleuren mogen werken. En geweldige emoties hebben geen filter nodig.<\/p>\t\t\t\t\t\t\t\t<\/div>\n\t\t\t\t<\/div>\n\t\t\t\t<\/div>\n\t\t\t\t<\/div>\n\t\t\t\t<\/div>\n\t\t\t\t<\/div>","protected":false},"excerpt":{"rendered":"<p>Martha &amp; Uwe Style Shooting Color Power Farbenfroh, intensive Farben Farben: Blutorange, Fuchsia, Rosa Location: ErentrudisalmSpektakul\u00e4rer Blick \u00fcber Salzburg. Berge, Weite, Sonnenlicht \u2013 eine B\u00fchne mit Wow-Effekt. Farbwelt: Blutorange, Fuchsia &amp; Rosa.Intensiv. Mutig. Voller Energie. Ein klares Ja zu Farbe \u2013 und ein klares Nein zu Zur\u00fcckhaltung. Konzept: Liebe kennt kein Alter. Ein \u00e4lteres Paar [&hellip;]<\/p>\n","protected":false},"author":4,"featured_media":0,"parent":0,"menu_order":0,"comment_status":"closed","ping_status":"closed","template":"elementor_header_footer","meta":{"footnotes":""},"class_list":["post-6382","page","type-page","status-publish","hentry"],"_links":{"self":[{"href":"https:\/\/stephanie-wedding.com\/nl\/wp-json\/wp\/v2\/pages\/6382","targetHints":{"allow":["GET"]}}],"collection":[{"href":"https:\/\/stephanie-wedding.com\/nl\/wp-json\/wp\/v2\/pages"}],"about":[{"href":"https:\/\/stephanie-wedding.com\/nl\/wp-json\/wp\/v2\/types\/page"}],"author":[{"embeddable":true,"href":"https:\/\/stephanie-wedding.com\/nl\/wp-json\/wp\/v2\/users\/4"}],"replies":[{"embeddable":true,"href":"https:\/\/stephanie-wedding.com\/nl\/wp-json\/wp\/v2\/comments?post=6382"}],"version-history":[{"count":10,"href":"https:\/\/stephanie-wedding.com\/nl\/wp-json\/wp\/v2\/pages\/6382\/revisions"}],"predecessor-version":[{"id":6688,"href":"https:\/\/stephanie-wedding.com\/nl\/wp-json\/wp\/v2\/pages\/6382\/revisions\/6688"}],"wp:attachment":[{"href":"https:\/\/stephanie-wedding.com\/nl\/wp-json\/wp\/v2\/media?parent=6382"}],"curies":[{"name":"wp","href":"https:\/\/api.w.org\/{rel}","templated":true}]}}