{"id":6341,"date":"2026-02-23T15:44:25","date_gmt":"2026-02-23T14:44:25","guid":{"rendered":"https:\/\/stephanie-wedding.com\/?page_id=6341"},"modified":"2026-03-05T10:16:37","modified_gmt":"2026-03-05T09:16:37","slug":"stijlschieten-tessa-julian","status":"publish","type":"page","link":"https:\/\/stephanie-wedding.com\/nl\/style-shooting-tessa-julian\/","title":{"rendered":"Stijlreportage Tessa &amp; Julian"},"content":{"rendered":"<div data-elementor-type=\"wp-page\" data-elementor-id=\"6341\" class=\"elementor elementor-6341\" data-elementor-post-type=\"page\">\n\t\t\t\t<div class=\"elementor-element elementor-element-ed73258 e-con-full e-flex e-con e-parent\" data-id=\"ed73258\" data-element_type=\"container\" data-e-type=\"container\" data-settings=\"{&quot;background_background&quot;:&quot;classic&quot;}\">\n\t\t\t\t<div class=\"elementor-element elementor-element-e500d59 elementor-widget elementor-widget-heading\" data-id=\"e500d59\" data-element_type=\"widget\" data-e-type=\"widget\" data-widget_type=\"heading.default\">\n\t\t\t\t<div class=\"elementor-widget-container\">\n\t\t\t\t\t<h1 class=\"elementor-heading-title elementor-size-default\">Tessa &amp; Julian<\/h1>\t\t\t\t<\/div>\n\t\t\t\t<\/div>\n\t\t\t\t<\/div>\n\t\t<div class=\"elementor-element elementor-element-67a33bb e-con-full e-flex e-con e-parent\" data-id=\"67a33bb\" data-element_type=\"container\" data-e-type=\"container\" data-settings=\"{&quot;background_background&quot;:&quot;classic&quot;}\">\n\t\t<div class=\"elementor-element elementor-element-145735b e-con-full e-flex e-con e-child\" data-id=\"145735b\" data-element_type=\"container\" data-e-type=\"container\">\n\t\t\t\t<div class=\"elementor-element elementor-element-9674438 elementor-widget elementor-widget-gallery\" data-id=\"9674438\" data-element_type=\"widget\" data-e-type=\"widget\" data-settings=\"{&quot;columns&quot;:3,&quot;aspect_ratio&quot;:&quot;1:1&quot;,&quot;columns_tablet&quot;:3,&quot;columns_mobile&quot;:3,&quot;lazyload&quot;:&quot;yes&quot;,&quot;gallery_layout&quot;:&quot;grid&quot;,&quot;gap&quot;:{&quot;unit&quot;:&quot;px&quot;,&quot;size&quot;:10,&quot;sizes&quot;:[]},&quot;gap_tablet&quot;:{&quot;unit&quot;:&quot;px&quot;,&quot;size&quot;:10,&quot;sizes&quot;:[]},&quot;gap_mobile&quot;:{&quot;unit&quot;:&quot;px&quot;,&quot;size&quot;:10,&quot;sizes&quot;:[]},&quot;content_hover_animation&quot;:&quot;fade-in&quot;}\" data-widget_type=\"gallery.default\">\n\t\t\t\t<div class=\"elementor-widget-container\">\n\t\t\t\t\t\t\t<div class=\"elementor-gallery__container\">\n\t\t\t\t\t\t\t<div class=\"e-gallery-item elementor-gallery-item elementor-animated-content\">\n\t\t\t\t\t<div class=\"e-gallery-image elementor-gallery-item__image\" data-thumbnail=\"https:\/\/stephanie-wedding.com\/wp-content\/uploads\/2025\/12\/stephanie-weddings-hochzeitsplanerin-lichtermeer-oesterreich12-1536x1024.jpg\" data-width=\"1536\" data-height=\"1024\" aria-label=\"Ein Paar in Hochzeitskleidung umarmt sich im Freien bei Sonnenuntergang, umgeben von Herbstb\u00e4umen - aufgenommen von einer Hochzeitsplanerin aus S\u00fcddeutschland nahe der Grenze zu \u00d6sterreich.\" role=\"img\" ><\/div>\n\t\t\t\t\t\t\t\t\t\t\t\t\t\t<\/div>\n\t\t\t\t\t\t\t<div class=\"e-gallery-item elementor-gallery-item elementor-animated-content\">\n\t\t\t\t\t<div class=\"e-gallery-image elementor-gallery-item__image\" data-thumbnail=\"https:\/\/stephanie-wedding.com\/wp-content\/uploads\/2025\/12\/stephanie-weddings-hochzeitsplanerin-lichtermeer-oesterreich30-1024x1536.jpg\" data-width=\"1024\" data-height=\"1536\" aria-label=\"Ein formell gekleidetes Brautpaar st\u00f6\u00dft mit Champagner auf ihre Hochzeit an. Sie stehen an einem mit Kerzen beleuchteten Tisch mit Weintrauben und Gl\u00e4sern und fangen die Romantik S\u00fcddeutschlands ein.\" role=\"img\" ><\/div>\n\t\t\t\t\t\t\t\t\t\t\t\t\t\t<\/div>\n\t\t\t\t\t\t\t<div class=\"e-gallery-item elementor-gallery-item elementor-animated-content\">\n\t\t\t\t\t<div class=\"e-gallery-image elementor-gallery-item__image\" data-thumbnail=\"https:\/\/stephanie-wedding.com\/wp-content\/uploads\/2025\/12\/stephanie-weddings-hochzeitsplanerin-lichtermeer-oesterreich7-1024x1536.jpg\" data-width=\"1024\" data-height=\"1536\" aria-label=\"Eine Braut im wei\u00dfen Kleid h\u00e4lt einen Blumenstrau\u00df in der Hand und steht vor einem Birkenstamm - die perfekte Inspiration f\u00fcr eine Hochzeitsplanerin in \u00d6sterreich oder S\u00fcddeutschland.\" role=\"img\" ><\/div>\n\t\t\t\t\t\t\t\t\t\t\t\t\t\t<\/div>\n\t\t\t\t\t\t\t<div class=\"e-gallery-item elementor-gallery-item elementor-animated-content\">\n\t\t\t\t\t<div class=\"e-gallery-image elementor-gallery-item__image\" data-thumbnail=\"https:\/\/stephanie-wedding.com\/wp-content\/uploads\/2025\/12\/stephanie-weddings-hochzeitsplanerin-lichtermeer-oesterreich9-1024x1536.jpg\" data-width=\"1024\" data-height=\"1536\" aria-label=\"Ein wei\u00dfes Geb\u00e4ude mit rotem Ziegeldach und einer Fahne auf dem Dach, mit Stufen und B\u00e4umen in der N\u00e4he - eine ideale Hochzeitslocation in S\u00fcddeutschland, perfekt f\u00fcr Ihre Feier mit Hilfe einer erfahrenen Hochzeitsplanerin.\" role=\"img\" ><\/div>\n\t\t\t\t\t\t\t\t\t\t\t\t\t\t<\/div>\n\t\t\t\t\t\t\t<div class=\"e-gallery-item elementor-gallery-item elementor-animated-content\">\n\t\t\t\t\t<div class=\"e-gallery-image elementor-gallery-item__image\" data-thumbnail=\"https:\/\/stephanie-wedding.com\/wp-content\/uploads\/2025\/12\/stephanie-weddings-hochzeitsplanerin-lichtermeer-oesterreich13-1024x1536.jpg\" data-width=\"1024\" data-height=\"1536\" aria-label=\"Ein Paar in Hochzeitskleidung teilt einen intimen Moment, kurz bevor es sich k\u00fcsst, in weichem nat\u00fcrlichem Licht - und f\u00e4ngt die pure Romantik einer Hochzeit in \u00d6sterreich ein.\" role=\"img\" ><\/div>\n\t\t\t\t\t\t\t\t\t\t\t\t\t\t<\/div>\n\t\t\t\t\t\t\t<div class=\"e-gallery-item elementor-gallery-item elementor-animated-content\">\n\t\t\t\t\t<div class=\"e-gallery-image elementor-gallery-item__image\" data-thumbnail=\"https:\/\/stephanie-wedding.com\/wp-content\/uploads\/2025\/12\/stephanie-weddings-hochzeitsplanerin-lichtermeer-oesterreich17-1024x1536.jpg\" data-width=\"1024\" data-height=\"1536\" aria-label=\"Elegantes, warm beleuchtetes Esszimmer in \u00d6sterreich mit einem langen gedeckten Tisch - perfekt f\u00fcr eine Hochzeit - mit L\u00fcstern, Kerzen und drapierten wei\u00dfen Deckenstoffen.\" role=\"img\" ><\/div>\n\t\t\t\t\t\t\t\t\t\t\t\t\t\t<\/div>\n\t\t\t\t\t\t\t<div class=\"e-gallery-item elementor-gallery-item elementor-animated-content\">\n\t\t\t\t\t<div class=\"e-gallery-image elementor-gallery-item__image\" data-thumbnail=\"https:\/\/stephanie-wedding.com\/wp-content\/uploads\/2025\/12\/stephanie-weddings-hochzeitsplanerin-lichtermeer-oesterreich14-1024x1536.jpg\" data-width=\"1024\" data-height=\"1536\" aria-label=\"Ein Br\u00e4utigam k\u00fcsst sanft den Kopf seiner Braut im Freien in S\u00fcddeutschland, beide in formeller Hochzeitskleidung, mit sanftem Sonnenlicht im Hintergrund - wundersch\u00f6n eingefangen von einer erfahrenen Hochzeitsplanerin.\" role=\"img\" ><\/div>\n\t\t\t\t\t\t\t\t\t\t\t\t\t\t<\/div>\n\t\t\t\t\t\t\t<div class=\"e-gallery-item elementor-gallery-item elementor-animated-content\">\n\t\t\t\t\t<div class=\"e-gallery-image elementor-gallery-item__image\" data-thumbnail=\"https:\/\/stephanie-wedding.com\/wp-content\/uploads\/2025\/12\/stephanie-weddings-hochzeitsplanerin-lichtermeer-oesterreich18-1024x1536.jpg\" data-width=\"1024\" data-height=\"1536\" aria-label=\"Eleganter Esstisch f\u00fcr ein formelles Hochzeitsessen unter Kronleuchtern in einem warm beleuchteten Raum mit drapierter Decke - die perfekte Inspiration f\u00fcr jede Hochzeitsplanerin in \u00d6sterreich.\" role=\"img\" ><\/div>\n\t\t\t\t\t\t\t\t\t\t\t\t\t\t<\/div>\n\t\t\t\t\t\t\t<div class=\"e-gallery-item elementor-gallery-item elementor-animated-content\">\n\t\t\t\t\t<div class=\"e-gallery-image elementor-gallery-item__image\" data-thumbnail=\"https:\/\/stephanie-wedding.com\/wp-content\/uploads\/2025\/12\/stephanie-weddings-hochzeitsplanerin-lichtermeer-oesterreich24-1024x1536.jpg\" data-width=\"1024\" data-height=\"1536\" aria-label=\"Ein Kronleuchter und Kerzen sind durch ein Fenster zu sehen und schaffen eine warme und elegante Reflexion - die perfekte Inspiration f\u00fcr eine S\u00fcddeutschland-Hochzeit, kuratiert von einer erfahrenen Hochzeitsplanerin.\" role=\"img\" ><\/div>\n\t\t\t\t\t\t\t\t\t\t\t\t\t\t<\/div>\n\t\t\t\t\t\t\t<div class=\"e-gallery-item elementor-gallery-item elementor-animated-content\">\n\t\t\t\t\t<div class=\"e-gallery-image elementor-gallery-item__image\" data-thumbnail=\"https:\/\/stephanie-wedding.com\/wp-content\/uploads\/2025\/12\/stephanie-weddings-hochzeitsplanerin-lichtermeer-oesterreich22-1024x1536.jpg\" data-width=\"1024\" data-height=\"1536\" aria-label=\"Stephanie Menzdorf in een blazer dekt een feestelijk gedekte tafel met kaarsen en glazen en lacht in een warm verlichte ruimte - perfect voor een onvergetelijke bruiloft in Zuid-Duitsland of Oostenrijk.\" role=\"img\" ><\/div>\n\t\t\t\t\t\t\t\t\t\t\t\t\t\t<\/div>\n\t\t\t\t\t\t\t<div class=\"e-gallery-item elementor-gallery-item elementor-animated-content\">\n\t\t\t\t\t<div class=\"e-gallery-image elementor-gallery-item__image\" data-thumbnail=\"https:\/\/stephanie-wedding.com\/wp-content\/uploads\/2025\/12\/stephanie-weddings-hochzeitsplanerin-lichtermeer-oesterreich20-1024x1536.jpg\" data-width=\"1024\" data-height=\"1536\" aria-label=\"Ein langer Holztisch, gedeckt mit Kerzen, Tellern und Gl\u00e4sern, perfekt f\u00fcr eine Hochzeit in S\u00fcddeutschland oder \u00d6sterreich, mit funkelnden Lichterketten im Hintergrund.\" role=\"img\" ><\/div>\n\t\t\t\t\t\t\t\t\t\t\t\t\t\t<\/div>\n\t\t\t\t\t\t\t<div class=\"e-gallery-item elementor-gallery-item elementor-animated-content\">\n\t\t\t\t\t<div class=\"e-gallery-image elementor-gallery-item__image\" data-thumbnail=\"https:\/\/stephanie-wedding.com\/wp-content\/uploads\/2025\/12\/stephanie-weddings-hochzeitsplanerin-lichtermeer-oesterreich28-1024x1536.jpg\" data-width=\"1024\" data-height=\"1536\" aria-label=\"Een vrolijk stel viert aan een champagnefontein, omringd door kaarsen en lichtjes in een gezellige ruimte - de perfecte inspiratie voor elke bruiloftsplanner in Oostenrijk of Zuid-Duitsland.\" role=\"img\" ><\/div>\n\t\t\t\t\t\t\t\t\t\t\t\t\t\t<\/div>\n\t\t\t\t\t\t\t<div class=\"e-gallery-item elementor-gallery-item elementor-animated-content\">\n\t\t\t\t\t<div class=\"e-gallery-image elementor-gallery-item__image\" data-thumbnail=\"https:\/\/stephanie-wedding.com\/wp-content\/uploads\/2025\/12\/stephanie-weddings-hochzeitsplanerin-lichtermeer-oesterreich26-1024x1536.jpg\" data-width=\"1024\" data-height=\"1536\" aria-label=\"Een persoon schenkt bij een bruiloft in Zuid-Duitsland sekt in een glazen toren, met druiven en kaarsen ernaast.\" role=\"img\" ><\/div>\n\t\t\t\t\t\t\t\t\t\t\t\t\t\t<\/div>\n\t\t\t\t\t\t\t<div class=\"e-gallery-item elementor-gallery-item elementor-animated-content\">\n\t\t\t\t\t<div class=\"e-gallery-image elementor-gallery-item__image\" data-thumbnail=\"https:\/\/stephanie-wedding.com\/wp-content\/uploads\/2025\/12\/stephanie-weddings-hochzeitsplanerin-lichtermeer-oesterreich16-1024x1536.jpg\" data-width=\"1024\" data-height=\"1536\" aria-label=\"Een bruidegom tilt zijn bruid op terwijl ze elkaar buiten omhelzen om hun bruiloft te vieren met de adembenemende bergen van Zuid-Duitsland op de achtergrond.\" role=\"img\" ><\/div>\n\t\t\t\t\t\t\t\t\t\t\t\t\t\t<\/div>\n\t\t\t\t\t\t\t<div class=\"e-gallery-item elementor-gallery-item elementor-animated-content\">\n\t\t\t\t\t<div class=\"e-gallery-image elementor-gallery-item__image\" data-thumbnail=\"https:\/\/stephanie-wedding.com\/wp-content\/uploads\/2025\/12\/stephanie-weddings-hochzeitsplanerin-lichtermeer-oesterreich32-1024x1536.jpg\" data-width=\"1024\" data-height=\"1536\" aria-label=\"Een bruidegom tilt zijn bruid op terwijl gasten sterretjes vasthouden en vieren onder sprankelende lichten in de zaal - een magische bruiloft in Oostenrijk die tot leven is gebracht door een ervaren weddingplanner.\" role=\"img\" ><\/div>\n\t\t\t\t\t\t\t\t\t\t\t\t\t\t<\/div>\n\t\t\t\t\t\t\t<div class=\"e-gallery-item elementor-gallery-item elementor-animated-content\">\n\t\t\t\t\t<div class=\"e-gallery-image elementor-gallery-item__image\" data-thumbnail=\"https:\/\/stephanie-wedding.com\/wp-content\/uploads\/2025\/12\/stephanie-weddings-hochzeitsplanerin-lichtermeer-oesterreich15-1024x1536.jpg\" data-width=\"1024\" data-height=\"1536\" aria-label=\"Een bruidegom in een pak duikt zijn bruid in een witte jurk, beiden glimlachend in de buitenlucht bij zonlicht en vangen de vreugde van hun bruiloft in Oostenrijk of Zuid-Duitsland.\" role=\"img\" ><\/div>\n\t\t\t\t\t\t\t\t\t\t\t\t\t\t<\/div>\n\t\t\t\t\t\t\t<div class=\"e-gallery-item elementor-gallery-item elementor-animated-content\">\n\t\t\t\t\t<div class=\"e-gallery-image elementor-gallery-item__image\" data-thumbnail=\"https:\/\/stephanie-wedding.com\/wp-content\/uploads\/2025\/12\/stephanie-weddings-hochzeitsplanerin-lichtermeer-oesterreich3-1024x1536.jpg\" data-width=\"1024\" data-height=\"1536\" aria-label=\"Elegante dreist\u00f6ckige schwarz-wei\u00dfe Hochzeitstorte mit metallischen Akzenten, einer wei\u00dfen Orchidee und dekorativen Bl\u00e4ttern und Kugeln - perfekt f\u00fcr Ihre Traumfeier in \u00d6sterreich.\" role=\"img\" ><\/div>\n\t\t\t\t\t\t\t\t\t\t\t\t\t\t<\/div>\n\t\t\t\t\t\t\t<div class=\"e-gallery-item elementor-gallery-item elementor-animated-content\">\n\t\t\t\t\t<div class=\"e-gallery-image elementor-gallery-item__image\" data-thumbnail=\"https:\/\/stephanie-wedding.com\/wp-content\/uploads\/2025\/12\/stephanie-weddings-hochzeitsplanerin-lichtermeer-oesterreich5-1024x1536.jpg\" data-width=\"1024\" data-height=\"1536\" aria-label=\"Ein gerahmter botanischer Druck lehnt an einer Wand, umgeben von dekorativen Laternen im warmen Sonnenlicht - die perfekte Inspiration f\u00fcr eine Hochzeitsplanerin, die elegante Feiern in S\u00fcddeutschland plant.\" role=\"img\" ><\/div>\n\t\t\t\t\t\t\t\t\t\t\t\t\t\t<\/div>\n\t\t\t\t\t\t\t<div class=\"e-gallery-item elementor-gallery-item elementor-animated-content\">\n\t\t\t\t\t<div class=\"e-gallery-image elementor-gallery-item__image\" data-thumbnail=\"https:\/\/stephanie-wedding.com\/wp-content\/uploads\/2025\/12\/stephanie-weddings-hochzeitsplanerin-lichtermeer-oesterreich25-1024x1536.jpg\" data-width=\"1024\" data-height=\"1536\" aria-label=\"Die Lichter des Kronleuchters, die sich im Fenster spiegeln, schaffen eine weiche, warme und elegante Atmosph\u00e4re im Raum - die perfekte Inspiration f\u00fcr jede Hochzeitsplanerin in \u00d6sterreich oder S\u00fcddeutschland.\" role=\"img\" ><\/div>\n\t\t\t\t\t\t\t\t\t\t\t\t\t\t<\/div>\n\t\t\t\t\t\t\t<div class=\"e-gallery-item elementor-gallery-item elementor-animated-content\">\n\t\t\t\t\t<div class=\"e-gallery-image elementor-gallery-item__image\" data-thumbnail=\"https:\/\/stephanie-wedding.com\/wp-content\/uploads\/2026\/02\/stephanie-weddings-hochzeitsplanerin-lichtermeer-oesterreich33-1024x1536.jpg\" data-width=\"1024\" data-height=\"1536\" aria-label=\"Eine Frau in wei\u00dfem Gewand l\u00e4sst sich schminken, l\u00e4chelt mit geschlossenen Augen in einem sanft beleuchteten Schlafzimmer und f\u00e4ngt einen heiteren Hochzeitsmoment in S\u00fcddeutschland ein.\" role=\"img\" ><\/div>\n\t\t\t\t\t\t\t\t\t\t\t\t\t\t<\/div>\n\t\t\t\t\t\t\t<div class=\"e-gallery-item elementor-gallery-item elementor-animated-content\">\n\t\t\t\t\t<div class=\"e-gallery-image elementor-gallery-item__image\" data-thumbnail=\"https:\/\/stephanie-wedding.com\/wp-content\/uploads\/2026\/02\/stephanie-weddings-hochzeitsplanerin-lichtermeer-oesterreich34-1024x1536.jpg\" data-width=\"1024\" data-height=\"1536\" aria-label=\"Ein Brautpaar in S\u00fcddeutschland schneidet eine dekorierte wei\u00dfe Hochzeitstorte gemeinsam mit einem goldenen Messer an.\" role=\"img\" ><\/div>\n\t\t\t\t\t\t\t\t\t\t\t\t\t\t<\/div>\n\t\t\t\t\t\t\t<div class=\"e-gallery-item elementor-gallery-item elementor-animated-content\">\n\t\t\t\t\t<div class=\"e-gallery-image elementor-gallery-item__image\" data-thumbnail=\"https:\/\/stephanie-wedding.com\/wp-content\/uploads\/2026\/02\/stephanie-weddings-hochzeitsplanerin-lichtermeer-oesterreich35-1024x1536.jpg\" data-width=\"1024\" data-height=\"1536\" aria-label=\"Eine Braut und ein Br\u00e4utigam spazieren im Freien, l\u00e4chelnd und h\u00e4ndchenhaltend im warmen, goldenen Sonnenlicht auf ihrer Hochzeit in S\u00fcddeutschland.\" role=\"img\" ><\/div>\n\t\t\t\t\t\t\t\t\t\t\t\t\t\t<\/div>\n\t\t\t\t\t\t\t<div class=\"e-gallery-item elementor-gallery-item elementor-animated-content\">\n\t\t\t\t\t<div class=\"e-gallery-image elementor-gallery-item__image\" data-thumbnail=\"https:\/\/stephanie-wedding.com\/wp-content\/uploads\/2026\/02\/stephanie-weddings-hochzeitsplanerin-lichtermeer-oesterreich36-1024x1536.jpg\" data-width=\"1024\" data-height=\"1536\" aria-label=\"Eine Frau in einem Spitzenkleid h\u00e4lt einen wei\u00dfen Blumenstrau\u00df, w\u00e4hrend sie in einem \u00fcppigen, bewaldeten Garten steht, perfekt f\u00fcr eine unvergessliche Hochzeit in \u00d6sterreich, geplant von einer erfahrenen Hochzeitsplanerin.\" role=\"img\" ><\/div>\n\t\t\t\t\t\t\t\t\t\t\t\t\t\t<\/div>\n\t\t\t\t\t\t\t<div class=\"e-gallery-item elementor-gallery-item elementor-animated-content\">\n\t\t\t\t\t<div class=\"e-gallery-image elementor-gallery-item__image\" data-thumbnail=\"https:\/\/stephanie-wedding.com\/wp-content\/uploads\/2026\/02\/stephanie-weddings-hochzeitsplanerin-lichtermeer-oesterreich37-1024x1536.jpg\" data-width=\"1024\" data-height=\"1536\" aria-label=\"Eine l\u00e4chelnde Braut in einem wei\u00dfen Kleid bereitet sich mit Hilfe einer anderen Frau in einem sanft beleuchteten Raum auf ihre Hochzeit vor.\" role=\"img\" ><\/div>\n\t\t\t\t\t\t\t\t\t\t\t\t\t\t<\/div>\n\t\t\t\t\t\t\t<div class=\"e-gallery-item elementor-gallery-item elementor-animated-content\">\n\t\t\t\t\t<div class=\"e-gallery-image elementor-gallery-item__image\" data-thumbnail=\"https:\/\/stephanie-wedding.com\/wp-content\/uploads\/2026\/02\/stephanie-weddings-hochzeitsplanerin-lichtermeer-oesterreich38-1024x1536.jpg\" data-width=\"1024\" data-height=\"1536\" aria-label=\"Braut und Br\u00e4utigam l\u00e4cheln gemeinsam, als sie ihre Hochzeitstorte an einem Fenster anschneiden, w\u00e4hrend in der N\u00e4he Kerzen brennen - ein magischer Hochzeitsmoment in \u00d6sterreich.\" role=\"img\" ><\/div>\n\t\t\t\t\t\t\t\t\t\t\t\t\t\t<\/div>\n\t\t\t\t\t\t\t<div class=\"e-gallery-item elementor-gallery-item elementor-animated-content\">\n\t\t\t\t\t<div class=\"e-gallery-image elementor-gallery-item__image\" data-thumbnail=\"https:\/\/stephanie-wedding.com\/wp-content\/uploads\/2026\/02\/stephanie-weddings-hochzeitsplanerin-lichtermeer-oesterreich39-1024x1536.jpg\" data-width=\"1024\" data-height=\"1536\" aria-label=\"Braut und Br\u00e4utigam halten sich an den H\u00e4nden neben einer Hochzeitstorte, umgeben von Kerzen und eleganter Dekoration in einem sonnendurchfluteten Raum, w\u00e4hrend sie ihre Hochzeit in \u00d6sterreich feiern, wundersch\u00f6n arrangiert von einer Hochzeitsplanerin.\" role=\"img\" ><\/div>\n\t\t\t\t\t\t\t\t\t\t\t\t\t\t<\/div>\n\t\t\t\t\t\t\t<div class=\"e-gallery-item elementor-gallery-item elementor-animated-content\">\n\t\t\t\t\t<div class=\"e-gallery-image elementor-gallery-item__image\" data-thumbnail=\"https:\/\/stephanie-wedding.com\/wp-content\/uploads\/2026\/02\/stephanie-weddings-hochzeitsplanerin-lichtermeer-oesterreich40-1024x1536.jpg\" data-width=\"1024\" data-height=\"1536\" aria-label=\"Eine Frau in einem wei\u00dfen Spitzenkleid h\u00e4lt einen Blumenstrau\u00df in der Hand und steht zwischen Birkenst\u00e4mmen und Blumenarrangements im Haus - die perfekte Inspiration f\u00fcr eine Hochzeitsplanerin in S\u00fcddeutschland oder \u00d6sterreich.\" role=\"img\" ><\/div>\n\t\t\t\t\t\t\t\t\t\t\t\t\t\t<\/div>\n\t\t\t\t\t<\/div>\n\t\t\t\t\t<\/div>\n\t\t\t\t<\/div>\n\t\t\t\t<\/div>\n\t\t<div class=\"elementor-element elementor-element-1be0533 e-con-full e-flex e-con e-child\" data-id=\"1be0533\" data-element_type=\"container\" data-e-type=\"container\">\n\t\t\t\t<div class=\"elementor-element elementor-element-acec04b elementor-widget__width-initial elementor-widget elementor-widget-heading\" data-id=\"acec04b\" data-element_type=\"widget\" data-e-type=\"widget\" data-widget_type=\"heading.default\">\n\t\t\t\t<div class=\"elementor-widget-container\">\n\t\t\t\t\t<h2 class=\"elementor-heading-title elementor-size-default\">Stijl shoot op een schuilhut\nveel kaarsen &amp; veel lichtelementen\n<\/h2>\t\t\t\t<\/div>\n\t\t\t\t<\/div>\n\t\t\t\t<div class=\"elementor-element elementor-element-7d41502 elementor-widget__width-initial elementor-widget elementor-widget-heading\" data-id=\"7d41502\" data-element_type=\"widget\" data-e-type=\"widget\" data-widget_type=\"heading.default\">\n\t\t\t\t<div class=\"elementor-widget-container\">\n\t\t\t\t\t<h3 class=\"elementor-heading-title elementor-size-default\">Kleuren: zwart, wit, goud<\/h3>\t\t\t\t<\/div>\n\t\t\t\t<\/div>\n\t\t<div class=\"elementor-element elementor-element-6fbce84 e-grid e-con-full e-con e-child\" data-id=\"6fbce84\" data-element_type=\"container\" data-e-type=\"container\">\n\t\t\t\t<div class=\"elementor-element elementor-element-caa9f9e elementor-widget elementor-widget-text-editor\" data-id=\"caa9f9e\" data-element_type=\"widget\" data-e-type=\"widget\" data-widget_type=\"text-editor.default\">\n\t\t\t\t<div class=\"elementor-widget-container\">\n\t\t\t\t\t\t\t\t\t<p data-start=\"128\" data-end=\"221\"><strong data-start=\"128\" data-end=\"159\">Plaats: Ansitz Wartenfels<br \/><\/strong>Historische muren. Uitgestrekt landschap. Magisch avondlicht.<\/p><p data-start=\"223\" data-end=\"293\"><strong data-start=\"223\" data-end=\"268\">Concept: Minder bloemen. Meer sfeer.<\/strong><br data-start=\"268\" data-end=\"271\" \/>Vermindering met effect.<\/p><p data-start=\"295\" data-end=\"452\"><strong data-start=\"295\" data-end=\"309\">Bloemisterij:<\/strong><br data-start=\"309\" data-end=\"312\" \/>Opzettelijk tot een minimum beperkt. Maar elk afzonderlijk arrangement maakt een statement. Het bruidsboeket - modern, expressief, een echt hoogtepunt.<\/p><p data-start=\"454\" data-end=\"596\"><strong data-start=\"454\" data-end=\"466\">Huwelijksceremonie:<\/strong><br data-start=\"466\" data-end=\"469\" \/>Geen klassieke serie. Eerst een zonsondergang - alleen het stel, het licht, dit moment. Daarna de ceremonie. Sfeervol ge\u00ebnsceneerd met fee\u00ebrieke lichtjes in plaats van een trouwboog.<\/p>\t\t\t\t\t\t\t\t<\/div>\n\t\t\t\t<\/div>\n\t\t\t\t<div class=\"elementor-element elementor-element-3148e92 elementor-widget elementor-widget-text-editor\" data-id=\"3148e92\" data-element_type=\"widget\" data-e-type=\"widget\" data-widget_type=\"text-editor.default\">\n\t\t\t\t<div class=\"elementor-widget-container\">\n\t\t\t\t\t\t\t\t\t<p data-start=\"659\" data-end=\"784\"><strong data-start=\"659\" data-end=\"670\">Diner:<\/strong><br data-start=\"670\" data-end=\"673\" \/>Ontelbare kaarsen. Fee\u00ebnlichtjes boven de tafels. Warm, flikkerend licht in plaats van overdadige bloemdecoraties.<\/p><p data-start=\"786\" data-end=\"893\"><strong data-start=\"786\" data-end=\"796\">s Avonds:<\/strong><br data-start=\"796\" data-end=\"799\" \/>DJ maakt vanaf het begin deel uit van het concept. Energie. Een uitbundige sfeer. Een echt goed feest.<\/p><p data-start=\"895\" data-end=\"965\">Deze shoot laat dat duidelijk zien:<br data-start=\"922\" data-end=\"925\" \/>Niet elke bruiloft hoeft klassiek te zijn.<\/p><p data-start=\"967\" data-end=\"1086\" data-is-last-node=\"\" data-is-only-node=\"\">Het proces kan op een andere manier worden bekeken. Het gaat niet om normen - maar om wat echt bij de bruid en bruidegom past.<\/p>\t\t\t\t\t\t\t\t<\/div>\n\t\t\t\t<\/div>\n\t\t\t\t<\/div>\n\t\t\t\t<\/div>\n\t\t\t\t<\/div>\n\t\t\t\t<\/div>","protected":false},"excerpt":{"rendered":"<p>Tessa &amp; Julian Style Shooting auf einem Ansitz viele Kerzen &amp; viel Lichtelemente Farben: schwarz, wei\u00df, gold Location: Ansitz WartenfelsHistorische Mauern. Weite Landschaft. Magisches Abendlicht. Konzept: Weniger Blumen. Mehr Atmosph\u00e4re.Reduktion mit Wirkung. Floristik:Bewusst minimal gehalten. Aber jedes einzelne Arrangement ein Statement. Der Brautstrau\u00df \u2013 modern, ausdrucksstark, ein echtes Highlight. Trauung:Kein klassischer Ablauf. Erst ein Sonnenuntergangs-Shooting [&hellip;]<\/p>\n","protected":false},"author":4,"featured_media":0,"parent":0,"menu_order":0,"comment_status":"closed","ping_status":"closed","template":"elementor_header_footer","meta":{"footnotes":""},"class_list":["post-6341","page","type-page","status-publish","hentry"],"_links":{"self":[{"href":"https:\/\/stephanie-wedding.com\/nl\/wp-json\/wp\/v2\/pages\/6341","targetHints":{"allow":["GET"]}}],"collection":[{"href":"https:\/\/stephanie-wedding.com\/nl\/wp-json\/wp\/v2\/pages"}],"about":[{"href":"https:\/\/stephanie-wedding.com\/nl\/wp-json\/wp\/v2\/types\/page"}],"author":[{"embeddable":true,"href":"https:\/\/stephanie-wedding.com\/nl\/wp-json\/wp\/v2\/users\/4"}],"replies":[{"embeddable":true,"href":"https:\/\/stephanie-wedding.com\/nl\/wp-json\/wp\/v2\/comments?post=6341"}],"version-history":[{"count":10,"href":"https:\/\/stephanie-wedding.com\/nl\/wp-json\/wp\/v2\/pages\/6341\/revisions"}],"predecessor-version":[{"id":6691,"href":"https:\/\/stephanie-wedding.com\/nl\/wp-json\/wp\/v2\/pages\/6341\/revisions\/6691"}],"wp:attachment":[{"href":"https:\/\/stephanie-wedding.com\/nl\/wp-json\/wp\/v2\/media?parent=6341"}],"curies":[{"name":"wp","href":"https:\/\/api.w.org\/{rel}","templated":true}]}}