{"id":6300,"date":"2026-02-23T15:08:30","date_gmt":"2026-02-23T14:08:30","guid":{"rendered":"https:\/\/stephanie-wedding.com\/?page_id=6300"},"modified":"2026-03-05T09:23:01","modified_gmt":"2026-03-05T08:23:01","slug":"stijl-shoot-kathi-laura","status":"publish","type":"page","link":"https:\/\/stephanie-wedding.com\/nl\/styleshooting-kathi-laura\/","title":{"rendered":"Stijlreportage Kathi &amp; Laura"},"content":{"rendered":"<div data-elementor-type=\"wp-page\" data-elementor-id=\"6300\" class=\"elementor elementor-6300\" data-elementor-post-type=\"page\">\n\t\t\t\t<div class=\"elementor-element elementor-element-8c6f1db e-con-full e-flex e-con e-parent\" data-id=\"8c6f1db\" data-element_type=\"container\" data-e-type=\"container\" data-settings=\"{&quot;background_background&quot;:&quot;classic&quot;}\">\n\t\t\t\t<div class=\"elementor-element elementor-element-a5c8cf0 elementor-widget elementor-widget-heading\" data-id=\"a5c8cf0\" data-element_type=\"widget\" data-e-type=\"widget\" data-widget_type=\"heading.default\">\n\t\t\t\t<div class=\"elementor-widget-container\">\n\t\t\t\t\t<h1 class=\"elementor-heading-title elementor-size-default\">Kathi &amp; Laura<\/h1>\t\t\t\t<\/div>\n\t\t\t\t<\/div>\n\t\t\t\t<\/div>\n\t\t<div class=\"elementor-element elementor-element-6d87ccd e-con-full e-flex e-con e-parent\" data-id=\"6d87ccd\" data-element_type=\"container\" data-e-type=\"container\" data-settings=\"{&quot;background_background&quot;:&quot;classic&quot;}\">\n\t\t<div class=\"elementor-element elementor-element-e7fb888 e-con-full e-flex e-con e-child\" data-id=\"e7fb888\" data-element_type=\"container\" data-e-type=\"container\">\n\t\t\t\t<div class=\"elementor-element elementor-element-1e6ee8d elementor-widget elementor-widget-gallery\" data-id=\"1e6ee8d\" data-element_type=\"widget\" data-e-type=\"widget\" data-settings=\"{&quot;columns&quot;:3,&quot;aspect_ratio&quot;:&quot;1:1&quot;,&quot;columns_tablet&quot;:3,&quot;columns_mobile&quot;:3,&quot;lazyload&quot;:&quot;yes&quot;,&quot;gallery_layout&quot;:&quot;grid&quot;,&quot;gap&quot;:{&quot;unit&quot;:&quot;px&quot;,&quot;size&quot;:10,&quot;sizes&quot;:[]},&quot;gap_tablet&quot;:{&quot;unit&quot;:&quot;px&quot;,&quot;size&quot;:10,&quot;sizes&quot;:[]},&quot;gap_mobile&quot;:{&quot;unit&quot;:&quot;px&quot;,&quot;size&quot;:10,&quot;sizes&quot;:[]},&quot;content_hover_animation&quot;:&quot;fade-in&quot;}\" data-widget_type=\"gallery.default\">\n\t\t\t\t<div class=\"elementor-widget-container\">\n\t\t\t\t\t\t\t<div class=\"elementor-gallery__container\">\n\t\t\t\t\t\t\t<div class=\"e-gallery-item elementor-gallery-item elementor-animated-content\">\n\t\t\t\t\t<div class=\"e-gallery-image elementor-gallery-item__image\" data-thumbnail=\"https:\/\/stephanie-wedding.com\/wp-content\/uploads\/2026\/02\/hochzeitsplanerin-stephanie-weddings-styled-shooting-lets-rock-2-1024x1536.jpg\" data-width=\"1024\" data-height=\"1536\" aria-label=\"Drei Personen in stilvollen Outfits stehen bei einem eleganten Hochzeitsevent in \u00d6sterreich neben Blumenarrangements zusammen.\" role=\"img\" ><\/div>\n\t\t\t\t\t\t\t\t\t\t\t\t\t\t<\/div>\n\t\t\t\t\t\t\t<div class=\"e-gallery-item elementor-gallery-item elementor-animated-content\">\n\t\t\t\t\t<div class=\"e-gallery-image elementor-gallery-item__image\" data-thumbnail=\"https:\/\/stephanie-wedding.com\/wp-content\/uploads\/2026\/02\/hochzeitsplanerin-stephanie-weddings-styled-shooting-lets-rock-3-1024x1536.jpg\" data-width=\"1024\" data-height=\"1536\" aria-label=\"Holzschild mit der Aufschrift LET&#039;S ROCK THE NIGHT neben drei blauen Kerzen in Glashaltern auf einem Holzboden - die perfekte Inspiration f\u00fcr eine Hochzeit in \u00d6sterreich, kuratiert von einer erfahrenen Hochzeitsplanerin.\" role=\"img\" ><\/div>\n\t\t\t\t\t\t\t\t\t\t\t\t\t\t<\/div>\n\t\t\t\t\t\t\t<div class=\"e-gallery-item elementor-gallery-item elementor-animated-content\">\n\t\t\t\t\t<div class=\"e-gallery-image elementor-gallery-item__image\" data-thumbnail=\"https:\/\/stephanie-wedding.com\/wp-content\/uploads\/2026\/02\/hochzeitsplanerin-stephanie-weddings-styled-shooting-lets-rock-4-1152x1536.jpg\" data-width=\"1152\" data-height=\"1536\" aria-label=\"Eine dunkle, mehrst\u00f6ckige Hochzeitstorte mit roten Akzenten und violetten Blumen, elegant pr\u00e4sentiert auf einem runden schwarzen St\u00e4nder - perfekt f\u00fcr eine stilvolle Feier in S\u00fcddeutschland.\" role=\"img\" ><\/div>\n\t\t\t\t\t\t\t\t\t\t\t\t\t\t<\/div>\n\t\t\t\t\t\t\t<div class=\"e-gallery-item elementor-gallery-item elementor-animated-content\">\n\t\t\t\t\t<div class=\"e-gallery-image elementor-gallery-item__image\" data-thumbnail=\"https:\/\/stephanie-wedding.com\/wp-content\/uploads\/2026\/02\/hochzeitsplanerin-stephanie-weddings-styled-shooting-lets-rock-23-1024x1536.jpg\" data-width=\"1024\" data-height=\"1536\" aria-label=\"Zwei Frauen teilen einen intimen Moment auf einem Motorrad im Freien in S\u00fcddeutschland, die eine ber\u00fchrt sanft das Gesicht der anderen - perfekt eingefangen von einer Hochzeitsplanerin.\" role=\"img\" ><\/div>\n\t\t\t\t\t\t\t\t\t\t\t\t\t\t<\/div>\n\t\t\t\t\t\t\t<div class=\"e-gallery-item elementor-gallery-item elementor-animated-content\">\n\t\t\t\t\t<div class=\"e-gallery-image elementor-gallery-item__image\" data-thumbnail=\"https:\/\/stephanie-wedding.com\/wp-content\/uploads\/2026\/02\/hochzeitsplanerin-stephanie-weddings-styled-shooting-lets-rock-1-1024x1536.jpg\" data-width=\"1024\" data-height=\"1536\" aria-label=\"Zwei Frauen sitzen eng beieinander, umgeben von Kerzen und Blumen, die sich in einer Glasfl\u00e4che spiegeln - und fangen den intimen Zauber einer Hochzeit in S\u00fcddeutschland ein.\" role=\"img\" ><\/div>\n\t\t\t\t\t\t\t\t\t\t\t\t\t\t<\/div>\n\t\t\t\t\t\t\t<div class=\"e-gallery-item elementor-gallery-item elementor-animated-content\">\n\t\t\t\t\t<div class=\"e-gallery-image elementor-gallery-item__image\" data-thumbnail=\"https:\/\/stephanie-wedding.com\/wp-content\/uploads\/2026\/02\/hochzeitsplanerin-stephanie-weddings-styled-shooting-lets-rock-13-1024x1536.jpg\" data-width=\"1024\" data-height=\"1536\" aria-label=\"Rockige Hochzeitseinladungen und Details mit dunkler, stimmungsvoller Beleuchtung und floralen Akzenten im Hintergrund - die perfekte Inspiration f\u00fcr Ihre Hochzeit in S\u00fcddeutschland oder Ideen von einer erfahrenen Hochzeitsplanerin.\" role=\"img\" ><\/div>\n\t\t\t\t\t\t\t\t\t\t\t\t\t\t<\/div>\n\t\t\t\t\t\t\t<div class=\"e-gallery-item elementor-gallery-item elementor-animated-content\">\n\t\t\t\t\t<div class=\"e-gallery-image elementor-gallery-item__image\" data-thumbnail=\"https:\/\/stephanie-wedding.com\/wp-content\/uploads\/2026\/02\/hochzeitsplanerin-stephanie-weddings-styled-shooting-lets-rock-6-1024x1536.jpg\" data-width=\"1024\" data-height=\"1536\" aria-label=\"Eine Frau mit lockigem Haar l\u00e4sst sich von einer anderen Person in einem ged\u00e4mpft beleuchteten Raum schminken, um sich auf eine Hochzeit in S\u00fcddeutschland vorzubereiten.\" role=\"img\" ><\/div>\n\t\t\t\t\t\t\t\t\t\t\t\t\t\t<\/div>\n\t\t\t\t\t\t\t<div class=\"e-gallery-item elementor-gallery-item elementor-animated-content\">\n\t\t\t\t\t<div class=\"e-gallery-image elementor-gallery-item__image\" data-thumbnail=\"https:\/\/stephanie-wedding.com\/wp-content\/uploads\/2026\/02\/hochzeitsplanerin-stephanie-weddings-styled-shooting-lets-rock-7-1024x1536.jpg\" data-width=\"1024\" data-height=\"1536\" aria-label=\"Zwei wei\u00dfe Kleidungsst\u00fccke, ein geknotetes Crop-Top und ein langer Rock, h\u00e4ngen auf B\u00fcgeln an einem modernen Loft-Gel\u00e4nder im Haus - die perfekte Inspiration f\u00fcr eine Hochzeit in \u00d6sterreich oder Ideen von einer erfahrenen Hochzeitsplanerin.\" role=\"img\" ><\/div>\n\t\t\t\t\t\t\t\t\t\t\t\t\t\t<\/div>\n\t\t\t\t\t\t\t<div class=\"e-gallery-item elementor-gallery-item elementor-animated-content\">\n\t\t\t\t\t<div class=\"e-gallery-image elementor-gallery-item__image\" data-thumbnail=\"https:\/\/stephanie-wedding.com\/wp-content\/uploads\/2026\/02\/hochzeitsplanerin-stephanie-weddings-styled-shooting-lets-rock-8-1024x1536.jpg\" data-width=\"1024\" data-height=\"1536\" aria-label=\"Ein gestuftes Tablett mit Trauben, Granat\u00e4pfeln und Pralinen neben blauen Kerzen auf einem Pelztischl\u00e4ufer, perfekt f\u00fcr eine Hochzeit in S\u00fcddeutschland oder \u00d6sterreich.\" role=\"img\" ><\/div>\n\t\t\t\t\t\t\t\t\t\t\t\t\t\t<\/div>\n\t\t\t\t\t\t\t<div class=\"e-gallery-item elementor-gallery-item elementor-animated-content\">\n\t\t\t\t\t<div class=\"e-gallery-image elementor-gallery-item__image\" data-thumbnail=\"https:\/\/stephanie-wedding.com\/wp-content\/uploads\/2026\/02\/hochzeitsplanerin-stephanie-weddings-styled-shooting-lets-rock-5-1024x1536.jpg\" data-width=\"1024\" data-height=\"1536\" aria-label=\"Zwei Br\u00e4ute in wei\u00dfen Kleidern und schwarzen Jacken sitzen auf einem mit lila Blumen geschm\u00fcckten Motorrad und feiern ihre Liebe mit Stil - die perfekte Inspiration f\u00fcr eine Hochzeitsplanerin in \u00d6sterreich oder S\u00fcddeutschland.\" role=\"img\" ><\/div>\n\t\t\t\t\t\t\t\t\t\t\t\t\t\t<\/div>\n\t\t\t\t\t\t\t<div class=\"e-gallery-item elementor-gallery-item elementor-animated-content\">\n\t\t\t\t\t<div class=\"e-gallery-image elementor-gallery-item__image\" data-thumbnail=\"https:\/\/stephanie-wedding.com\/wp-content\/uploads\/2026\/02\/hochzeitsplanerin-stephanie-weddings-styled-shooting-lets-rock-9-1152x1536.jpg\" data-width=\"1152\" data-height=\"1536\" aria-label=\"Zwei Cocktails mit Schaumgummi und Garnituren sitzen auf einem Bartresen, perfekt f\u00fcr eine stilvolle Hochzeit in \u00d6sterreich, wobei die Flaschen im Hintergrund verschwimmen.\" role=\"img\" ><\/div>\n\t\t\t\t\t\t\t\t\t\t\t\t\t\t<\/div>\n\t\t\t\t\t\t\t<div class=\"e-gallery-item elementor-gallery-item elementor-animated-content\">\n\t\t\t\t\t<div class=\"e-gallery-image elementor-gallery-item__image\" data-thumbnail=\"https:\/\/stephanie-wedding.com\/wp-content\/uploads\/2026\/02\/hochzeitsplanerin-stephanie-weddings-styled-shooting-lets-rock-10-1024x1536.jpg\" data-width=\"1024\" data-height=\"1536\" aria-label=\"Zwei Frauen in Lederjacken sto\u00dfen in einer Bar in S\u00fcddeutschland l\u00e4chelnd mit Cocktails an, w\u00e4hrend im Hintergrund ein Barkeeper arbeitet - eine perfekte Feier nach der Planung einer Traumhochzeit.\" role=\"img\" ><\/div>\n\t\t\t\t\t\t\t\t\t\t\t\t\t\t<\/div>\n\t\t\t\t\t\t\t<div class=\"e-gallery-item elementor-gallery-item elementor-animated-content\">\n\t\t\t\t\t<div class=\"e-gallery-image elementor-gallery-item__image\" data-thumbnail=\"https:\/\/stephanie-wedding.com\/wp-content\/uploads\/2026\/02\/hochzeitsplanerin-stephanie-weddings-styled-shooting-lets-rock-11-1024x1536.jpg\" data-width=\"1024\" data-height=\"1536\" aria-label=\"Zwei Frauen in eleganten Kleidern sitzen dicht gedr\u00e4ngt in einer schummrigen Bar in S\u00fcddeutschland, mit Weingl\u00e4sern und einer Flasche - vielleicht besprechen sie mit ihrer Hochzeitsplanerin Pl\u00e4ne f\u00fcr ein unvergessliches Fest.\" role=\"img\" ><\/div>\n\t\t\t\t\t\t\t\t\t\t\t\t\t\t<\/div>\n\t\t\t\t\t\t\t<div class=\"e-gallery-item elementor-gallery-item elementor-animated-content\">\n\t\t\t\t\t<div class=\"e-gallery-image elementor-gallery-item__image\" data-thumbnail=\"https:\/\/stephanie-wedding.com\/wp-content\/uploads\/2026\/02\/hochzeitsplanerin-stephanie-weddings-styled-shooting-lets-rock-12-1024x1536.jpg\" data-width=\"1024\" data-height=\"1536\" aria-label=\"Zwei Frauen an einer Bar, die eine mit einer Flasche in der Hand, die andere dicht an sie gelehnt - beide in wei\u00dfen Gew\u00e4ndern, die einen freudigen Moment nach ihrer Hochzeit in \u00d6sterreich teilen.\" role=\"img\" ><\/div>\n\t\t\t\t\t\t\t\t\t\t\t\t\t\t<\/div>\n\t\t\t\t\t\t\t<div class=\"e-gallery-item elementor-gallery-item elementor-animated-content\">\n\t\t\t\t\t<div class=\"e-gallery-image elementor-gallery-item__image\" data-thumbnail=\"https:\/\/stephanie-wedding.com\/wp-content\/uploads\/2026\/02\/hochzeitsplanerin-stephanie-weddings-styled-shooting-lets-rock-14-1024x1536.jpg\" data-width=\"1024\" data-height=\"1536\" aria-label=\"Nahaufnahme von Hochzeitseinladungen und -karten mit einem Schallplattenmotiv, mit einer Neonreklame im Hintergrund - die perfekte Inspiration f\u00fcr Ihren besonderen Tag in \u00d6sterreich oder Ideen von Ihrer Hochzeitsplanerin.\" role=\"img\" ><\/div>\n\t\t\t\t\t\t\t\t\t\t\t\t\t\t<\/div>\n\t\t\t\t\t\t\t<div class=\"e-gallery-item elementor-gallery-item elementor-animated-content\">\n\t\t\t\t\t<div class=\"e-gallery-image elementor-gallery-item__image\" data-thumbnail=\"https:\/\/stephanie-wedding.com\/wp-content\/uploads\/2026\/02\/hochzeitsplanerin-stephanie-weddings-styled-shooting-lets-rock-15-1024x1536.jpg\" data-width=\"1024\" data-height=\"1536\" aria-label=\"Ein gestuftes gr\u00fcnes Tablett mit verschiedenen Desserts, Beeren und Trauben, umgeben von brennenden Kerzen - perfekt f\u00fcr eine Hochzeit in S\u00fcddeutschland oder \u00d6sterreich.\" role=\"img\" ><\/div>\n\t\t\t\t\t\t\t\t\t\t\t\t\t\t<\/div>\n\t\t\t\t\t\t\t<div class=\"e-gallery-item elementor-gallery-item elementor-animated-content\">\n\t\t\t\t\t<div class=\"e-gallery-image elementor-gallery-item__image\" data-thumbnail=\"https:\/\/stephanie-wedding.com\/wp-content\/uploads\/2026\/02\/hochzeitsplanerin-stephanie-weddings-styled-shooting-lets-rock-16-1024x1536.jpg\" data-width=\"1024\" data-height=\"1536\" aria-label=\"Zwei Frauen in schwarzen Jacken teilen einen freudigen Moment, l\u00e4chelnd und mit einem gro\u00dfen Cocktail in der Hand in einer schwach beleuchteten Bar - und fangen so die lebendige Stimmung einer Hochzeit in S\u00fcddeutschland ein.\" role=\"img\" ><\/div>\n\t\t\t\t\t\t\t\t\t\t\t\t\t\t<\/div>\n\t\t\t\t\t\t\t<div class=\"e-gallery-item elementor-gallery-item elementor-animated-content\">\n\t\t\t\t\t<div class=\"e-gallery-image elementor-gallery-item__image\" data-thumbnail=\"https:\/\/stephanie-wedding.com\/wp-content\/uploads\/2026\/02\/hochzeitsplanerin-stephanie-weddings-styled-shooting-lets-rock-17-1024x1536.jpg\" data-width=\"1024\" data-height=\"1536\" aria-label=\"Zwei Br\u00e4ute in wei\u00dfen Kleidern und schwarzen Jacken tanzen auf ihrer Hochzeit, w\u00e4hrend die G\u00e4ste und eine Band im Hintergrund feiern - so wird die Freude an der Liebe in \u00d6sterreich oder S\u00fcddeutschland eingefangen.\" role=\"img\" ><\/div>\n\t\t\t\t\t\t\t\t\t\t\t\t\t\t<\/div>\n\t\t\t\t\t\t\t<div class=\"e-gallery-item elementor-gallery-item elementor-animated-content\">\n\t\t\t\t\t<div class=\"e-gallery-image elementor-gallery-item__image\" data-thumbnail=\"https:\/\/stephanie-wedding.com\/wp-content\/uploads\/2026\/02\/hochzeitsplanerin-stephanie-weddings-styled-shooting-lets-rock-18-1024x1536.jpg\" data-width=\"1024\" data-height=\"1536\" aria-label=\"Zwei Frauen in wei\u00dfen Kleidern und schwarzen Jacken stehen zusammen in einem warm beleuchteten, rustikalen Raum mit einem Kronleuchter - und fangen den Charme einer Hochzeit in \u00d6sterreich ein.\" role=\"img\" ><\/div>\n\t\t\t\t\t\t\t\t\t\t\t\t\t\t<\/div>\n\t\t\t\t\t\t\t<div class=\"e-gallery-item elementor-gallery-item elementor-animated-content\">\n\t\t\t\t\t<div class=\"e-gallery-image elementor-gallery-item__image\" data-thumbnail=\"https:\/\/stephanie-wedding.com\/wp-content\/uploads\/2026\/02\/hochzeitsplanerin-stephanie-weddings-styled-shooting-lets-rock-19-1024x1536.jpg\" data-width=\"1024\" data-height=\"1536\" aria-label=\"Zwei fr\u00f6hliche Br\u00e4ute in wei\u00dfen Kleidern und schwarzen Jacken feiern ihre Hochzeit in \u00d6sterreich mit Freunden, die Wunderkerzen in der Hand halten und Sonnenbrillen mit Sternen tragen, wundersch\u00f6n eingefangen von der erfahrenen Hochzeitsplanerin.\" role=\"img\" ><\/div>\n\t\t\t\t\t\t\t\t\t\t\t\t\t\t<\/div>\n\t\t\t\t\t\t\t<div class=\"e-gallery-item elementor-gallery-item elementor-animated-content\">\n\t\t\t\t\t<div class=\"e-gallery-image elementor-gallery-item__image\" data-thumbnail=\"https:\/\/stephanie-wedding.com\/wp-content\/uploads\/2026\/02\/hochzeitsplanerin-stephanie-weddings-styled-shooting-lets-rock-22-1024x1536.jpg\" data-width=\"1024\" data-height=\"1536\" aria-label=\"Eine Hochzeitsplanerin schenkt zwei l\u00e4chelnden Frauen an einem mit Kerzen beleuchteten Tisch mit dunkler Dekoration Wein ein und schafft so eine zauberhafte Hochzeitsatmosph\u00e4re in \u00d6sterreich.\" role=\"img\" ><\/div>\n\t\t\t\t\t\t\t\t\t\t\t\t\t\t<\/div>\n\t\t\t\t\t<\/div>\n\t\t\t\t\t<\/div>\n\t\t\t\t<\/div>\n\t\t\t\t<\/div>\n\t\t<div class=\"elementor-element elementor-element-5759883 e-con-full e-flex e-con e-child\" data-id=\"5759883\" data-element_type=\"container\" data-e-type=\"container\">\n\t\t\t\t<div class=\"elementor-element elementor-element-911ffb3 elementor-widget__width-initial elementor-widget elementor-widget-heading\" data-id=\"911ffb3\" data-element_type=\"widget\" data-e-type=\"widget\" data-widget_type=\"heading.default\">\n\t\t\t\t<div class=\"elementor-widget-container\">\n\t\t\t\t\t<h2 class=\"elementor-heading-title elementor-size-default\">Stijlschieten Let's Rock<\/h2>\t\t\t\t<\/div>\n\t\t\t\t<\/div>\n\t\t<div class=\"elementor-element elementor-element-bae97b0 e-grid e-con-full e-con e-child\" data-id=\"bae97b0\" data-element_type=\"container\" data-e-type=\"container\">\n\t\t\t\t<div class=\"elementor-element elementor-element-eaecdd8 elementor-widget elementor-widget-text-editor\" data-id=\"eaecdd8\" data-element_type=\"widget\" data-e-type=\"widget\" data-widget_type=\"text-editor.default\">\n\t\t\t\t<div class=\"elementor-widget-container\">\n\t\t\t\t\t\t\t\t\t<p data-start=\"112\" data-end=\"342\">\u201eLet's Rock\u201c staat voor bruiloften die zich niet aan de regels houden - maar aan het hart. Rockend, wild en compromisloos echt - deze styled shoot is gericht op bruidsparen die niet in een hokje gestopt willen worden met klassieke idee\u00ebn.<\/p><p data-start=\"344\" data-end=\"540\">We werden ge\u00efnspireerd door het idee van een liefde die luid, vrij en ongetemd \u201eja\u201c zegt. Het motto belichaamt koppels die dapper genoeg zijn om hun eigen weg te gaan: luid, oprecht en vol persoonlijkheid.<\/p><p data-start=\"542\" data-end=\"643\">Geen kant, geen pasteldromen, maar leren jasjes, laarzen, krachtige kleuren en veel attitude.<\/p><p data-start=\"645\" data-end=\"857\">De bruidslook weerspiegelt het concept met delicate, moderne trouwjurken gecombineerd met een zwart leren jasje en laarzen. De styling gaat uit van dezelfde energie: wilde krullen, sterke ogen, duidelijke contouren.<\/p><p data-start=\"859\" data-end=\"1047\">De bloemsierkunst is wild, donker en ongetemd. Diepe bessenkleuren, zwarte accenten, donkere oceaantinten, rokerige texturen en ongewone vormen cre\u00ebren een krachtige, rockachtige look.<\/p><p data-start=\"1049\" data-end=\"1123\">Niets is netjes in elkaar gezet - alles lijkt natuurlijk, vrij en vol dynamiek.<\/p><p data-start=\"1125\" data-end=\"1358\">Het dinergedeelte is het visuele hoogtepunt: bonttafellopers in donkergrijs, matzwarte borden en bestek, pilaar- en pilaarkaarsen in zwart en oceaan, wilde bloemenarrangementen, tussendecoraties van granaatappels, druiven &amp; vijgen.<\/p><p data-start=\"1360\" data-end=\"1608\">De trouwceremonie is ongedwongen en ontspannen - een huiskamersfeer. De bruid en bruidegom zitten op grote kussens op de grond, de ceremoniemeester op een klein krukje, de gasten in een halve cirkel om het bruidspaar heen. Omlijst door donkere bloempilaren en kaarsen.<\/p>\t\t\t\t\t\t\t\t<\/div>\n\t\t\t\t<\/div>\n\t\t\t\t<div class=\"elementor-element elementor-element-4202182 elementor-widget elementor-widget-text-editor\" data-id=\"4202182\" data-element_type=\"widget\" data-e-type=\"widget\" data-widget_type=\"text-editor.default\">\n\t\t\t\t<div class=\"elementor-widget-container\">\n\t\t\t\t\t\t\t\t\t<p data-start=\"1610\" data-end=\"1774\">De ceremonie wordt begeleid door rocknummers zoals \u201eI Love Rock'n'Roll\u201c. Het vuurritueel van de huwelijksceremonie maakt een sterk, symbolisch statement.<\/p><p data-start=\"1776\" data-end=\"1945\">De liveband brengt echte rock-'n-roll-energie in de zaal - gitaarriffs, drums, ongefilterde sfeer. Het feest voelt als een klein concert midden in de bruiloft.<\/p><p data-start=\"1947\" data-end=\"2103\">Een kunstenaar legt speciale momenten vast als snelle, expressieve illustraties - een artistiek aandenken dat net zo individueel is als het bruidspaar.<\/p><p data-start=\"2105\" data-end=\"2322\">De barman serveert speciaal gemaakte signature drinks. Een tatoe\u00eberder graveert kleine, betekenisvolle motieven direct ter plekke - een gedurfd, persoonlijk hoogtepunt dat de rebellie van het concept nog sterker maakt.<\/p><p data-start=\"2324\" data-end=\"2573\">Het briefpapier borduurt consequent voort op het motto en zet sterke, contrastrijke accenten. Zwarte achtergronden, duidelijke typografie en grafische elementen zoals bliksemschichten, gitaren, rocksymbolen en vlammen geven elk stuk een eigen signatuur.<\/p><p data-start=\"2575\" data-end=\"2795\">De plattegrond, het gastenboek, de menukaarten en de uitnodigingskaart zijn gemaakt van vinylplaten of zien eruit als vinylplaten. De naamkaartjes zien eruit als kleine gitaartjes en het programma wordt uit een platenhoes getrokken.<\/p><p data-start=\"2797\" data-end=\"2887\" data-is-last-node=\"\" data-is-only-node=\"\">\u201eLet's Rock\u201c laat zien hoe authentiek, gedurfd en individueel moderne bruiloften kunnen zijn.<\/p>\t\t\t\t\t\t\t\t<\/div>\n\t\t\t\t<\/div>\n\t\t\t\t<\/div>\n\t\t\t\t<\/div>\n\t\t\t\t<\/div>\n\t\t\t\t<\/div>","protected":false},"excerpt":{"rendered":"<p>Kathi &amp; Laura Style Shooting Let\u2019s Rock \u201eLet\u2019s Rock\u201c steht f\u00fcr Hochzeiten, die sich nicht an Regeln halten \u2013 sondern am Herzen. Rockig, wild und kompromisslos echt \u2013 dieses Styled Shooting richtet sich an Paare, die sich nicht in klassische Vorstellungen pressen lassen. Inspiriert hat uns die Idee einer Liebe, die laut, frei und ungez\u00e4hmt [&hellip;]<\/p>\n","protected":false},"author":4,"featured_media":0,"parent":0,"menu_order":0,"comment_status":"closed","ping_status":"closed","template":"elementor_header_footer","meta":{"footnotes":""},"class_list":["post-6300","page","type-page","status-publish","hentry"],"_links":{"self":[{"href":"https:\/\/stephanie-wedding.com\/nl\/wp-json\/wp\/v2\/pages\/6300","targetHints":{"allow":["GET"]}}],"collection":[{"href":"https:\/\/stephanie-wedding.com\/nl\/wp-json\/wp\/v2\/pages"}],"about":[{"href":"https:\/\/stephanie-wedding.com\/nl\/wp-json\/wp\/v2\/types\/page"}],"author":[{"embeddable":true,"href":"https:\/\/stephanie-wedding.com\/nl\/wp-json\/wp\/v2\/users\/4"}],"replies":[{"embeddable":true,"href":"https:\/\/stephanie-wedding.com\/nl\/wp-json\/wp\/v2\/comments?post=6300"}],"version-history":[{"count":10,"href":"https:\/\/stephanie-wedding.com\/nl\/wp-json\/wp\/v2\/pages\/6300\/revisions"}],"predecessor-version":[{"id":6597,"href":"https:\/\/stephanie-wedding.com\/nl\/wp-json\/wp\/v2\/pages\/6300\/revisions\/6597"}],"wp:attachment":[{"href":"https:\/\/stephanie-wedding.com\/nl\/wp-json\/wp\/v2\/media?parent=6300"}],"curies":[{"name":"wp","href":"https:\/\/api.w.org\/{rel}","templated":true}]}}