{"id":6283,"date":"2026-02-23T13:33:24","date_gmt":"2026-02-23T12:33:24","guid":{"rendered":"https:\/\/stephanie-wedding.com\/?page_id=6283"},"modified":"2026-03-05T09:18:04","modified_gmt":"2026-03-05T08:18:04","slug":"styleshoot-milad-maryam","status":"publish","type":"page","link":"https:\/\/stephanie-wedding.com\/nl\/styleshoot-milad-maryam\/","title":{"rendered":"Stijleshoot Milad &amp; Maryam"},"content":{"rendered":"<div data-elementor-type=\"wp-page\" data-elementor-id=\"6283\" class=\"elementor elementor-6283\" data-elementor-post-type=\"page\">\n\t\t\t\t<div class=\"elementor-element elementor-element-e0308d6 e-con-full e-flex e-con e-parent\" data-id=\"e0308d6\" data-element_type=\"container\" data-e-type=\"container\" data-settings=\"{&quot;background_background&quot;:&quot;classic&quot;}\">\n\t\t\t\t<div class=\"elementor-element elementor-element-190bab1 elementor-widget elementor-widget-heading\" data-id=\"190bab1\" data-element_type=\"widget\" data-e-type=\"widget\" data-widget_type=\"heading.default\">\n\t\t\t\t<div class=\"elementor-widget-container\">\n\t\t\t\t\t<h1 class=\"elementor-heading-title elementor-size-default\">Milad &amp; Maryam<\/h1>\t\t\t\t<\/div>\n\t\t\t\t<\/div>\n\t\t\t\t<\/div>\n\t\t<div class=\"elementor-element elementor-element-758cd1f e-con-full e-flex e-con e-parent\" data-id=\"758cd1f\" data-element_type=\"container\" data-e-type=\"container\" data-settings=\"{&quot;background_background&quot;:&quot;classic&quot;}\">\n\t\t<div class=\"elementor-element elementor-element-c5249d8 e-con-full e-flex e-con e-child\" data-id=\"c5249d8\" data-element_type=\"container\" data-e-type=\"container\">\n\t\t\t\t<div class=\"elementor-element elementor-element-12a9469 elementor-widget elementor-widget-gallery\" data-id=\"12a9469\" data-element_type=\"widget\" data-e-type=\"widget\" data-settings=\"{&quot;columns&quot;:3,&quot;aspect_ratio&quot;:&quot;1:1&quot;,&quot;columns_tablet&quot;:3,&quot;columns_mobile&quot;:3,&quot;lazyload&quot;:&quot;yes&quot;,&quot;gallery_layout&quot;:&quot;grid&quot;,&quot;gap&quot;:{&quot;unit&quot;:&quot;px&quot;,&quot;size&quot;:10,&quot;sizes&quot;:[]},&quot;gap_tablet&quot;:{&quot;unit&quot;:&quot;px&quot;,&quot;size&quot;:10,&quot;sizes&quot;:[]},&quot;gap_mobile&quot;:{&quot;unit&quot;:&quot;px&quot;,&quot;size&quot;:10,&quot;sizes&quot;:[]},&quot;content_hover_animation&quot;:&quot;fade-in&quot;}\" data-widget_type=\"gallery.default\">\n\t\t\t\t<div class=\"elementor-widget-container\">\n\t\t\t\t\t\t\t<div class=\"elementor-gallery__container\">\n\t\t\t\t\t\t\t<div class=\"e-gallery-item elementor-gallery-item elementor-animated-content\">\n\t\t\t\t\t<div class=\"e-gallery-image elementor-gallery-item__image\" data-thumbnail=\"https:\/\/stephanie-wedding.com\/wp-content\/uploads\/2025\/12\/SchlossWolfsegg_Oesterreich-hochzeitsplanerin-stephanie-weddings-43-1024x1536.jpg\" data-width=\"1024\" data-height=\"1536\" aria-label=\"Eine Braut in einem wei\u00dfen Kleid sitzt, w\u00e4hrend der Br\u00e4utigam in einem beigen Anzug neben ihr auf einer Wiese vor einem wei\u00dfen Geb\u00e4ude steht - ein bezaubernder Moment, der von einer Hochzeitsplanerin in S\u00fcddeutschland oder \u00d6sterreich gestaltet wurde.\" role=\"img\" ><\/div>\n\t\t\t\t\t\t\t\t\t\t\t\t\t\t<\/div>\n\t\t\t\t\t\t\t<div class=\"e-gallery-item elementor-gallery-item elementor-animated-content\">\n\t\t\t\t\t<div class=\"e-gallery-image elementor-gallery-item__image\" data-thumbnail=\"https:\/\/stephanie-wedding.com\/wp-content\/uploads\/2025\/12\/SchlossWolfsegg_Oesterreich-hochzeitsplanerin-stephanie-weddings-32-1024x1536.jpg\" data-width=\"1024\" data-height=\"1536\" aria-label=\"Eine Frau in einem Spitzenhochzeitskleid sitzt neben einem Stuhl und schaut in die Kamera auf diesem schwarz-wei\u00dfen Hochzeitsfoto aus \u00d6sterreich.\" role=\"img\" ><\/div>\n\t\t\t\t\t\t\t\t\t\t\t\t\t\t<\/div>\n\t\t\t\t\t\t\t<div class=\"e-gallery-item elementor-gallery-item elementor-animated-content\">\n\t\t\t\t\t<div class=\"e-gallery-image elementor-gallery-item__image\" data-thumbnail=\"https:\/\/stephanie-wedding.com\/wp-content\/uploads\/2025\/12\/SchlossWolfsegg_Oesterreich-hochzeitsplanerin-stephanie-weddings-41-1024x1536.jpg\" data-width=\"1024\" data-height=\"1536\" aria-label=\"Bruid en bruidegom hand in hand buiten voor een wit gebouw, omringd door bloemen - perfect voor een romantische bruiloft in Oostenrijk, begeleid door een ervaren weddingplanner.\" role=\"img\" ><\/div>\n\t\t\t\t\t\t\t\t\t\t\t\t\t\t<\/div>\n\t\t\t\t\t\t\t<div class=\"e-gallery-item elementor-gallery-item elementor-animated-content\">\n\t\t\t\t\t<div class=\"e-gallery-image elementor-gallery-item__image\" data-thumbnail=\"https:\/\/stephanie-wedding.com\/wp-content\/uploads\/2025\/12\/schlosswolfsegg_oesterreich-hochzeitsplanerin-stephanie-weddings-35-1024x1536.jpg\" data-width=\"1024\" data-height=\"1536\" aria-label=\"Lachende vrouw, Stephanie Menzdorf, in een roze blazer, met een map in haar hand, staat buiten op een zonnige dag bij bloemen, mogelijk op een bruiloft in Zuid-Duitsland of Oostenrijk.\" role=\"img\" ><\/div>\n\t\t\t\t\t\t\t\t\t\t\t\t\t\t<\/div>\n\t\t\t\t\t\t\t<div class=\"e-gallery-item elementor-gallery-item elementor-animated-content\">\n\t\t\t\t\t<div class=\"e-gallery-image elementor-gallery-item__image\" data-thumbnail=\"https:\/\/stephanie-wedding.com\/wp-content\/uploads\/2025\/12\/SchlossWolfsegg_Oesterreich-hochzeitsplanerin-stephanie-weddings-37-1024x1536.jpg\" data-width=\"1024\" data-height=\"1536\" aria-label=\"Eine Braut in einem wei\u00dfen Kleid h\u00e4lt rosa Blumen in der Hand und geht im Freien auf einem Weg in der N\u00e4he von Gr\u00fcn und B\u00e4umen spazieren - perfekt f\u00fcr jede Hochzeitsplanerin in \u00d6sterreich oder S\u00fcddeutschland, die nach romantischer Inspiration sucht.\" role=\"img\" ><\/div>\n\t\t\t\t\t\t\t\t\t\t\t\t\t\t<\/div>\n\t\t\t\t\t\t\t<div class=\"e-gallery-item elementor-gallery-item elementor-animated-content\">\n\t\t\t\t\t<div class=\"e-gallery-image elementor-gallery-item__image\" data-thumbnail=\"https:\/\/stephanie-wedding.com\/wp-content\/uploads\/2025\/12\/SchlossWolfsegg_Oesterreich-hochzeitsplanerin-stephanie-weddings-39-1024x1536.jpg\" data-width=\"1024\" data-height=\"1536\" aria-label=\"Braut und Br\u00e4utigam halten sich vor einer wei\u00dfen Villa in S\u00fcddeutschland an den H\u00e4nden, umgeben von floraler Hochzeitsdekoration - perfekt gestylt von einer erfahrenen Hochzeitsplanerin.\" role=\"img\" ><\/div>\n\t\t\t\t\t\t\t\t\t\t\t\t\t\t<\/div>\n\t\t\t\t\t\t\t<div class=\"e-gallery-item elementor-gallery-item elementor-animated-content\">\n\t\t\t\t\t<div class=\"e-gallery-image elementor-gallery-item__image\" data-thumbnail=\"https:\/\/stephanie-wedding.com\/wp-content\/uploads\/2025\/12\/SchlossWolfsegg_Oesterreich-hochzeitsplanerin-stephanie-weddings-38-1024x1536.jpg\" data-width=\"1024\" data-height=\"1536\" aria-label=\"Een bruid in een lange witte jurk loopt bij een prachtige bruiloft in Oostenrijk een buitenpad af naar haar bruidegom, terwijl de gasten aan beide zijden staan.\" role=\"img\" ><\/div>\n\t\t\t\t\t\t\t\t\t\t\t\t\t\t<\/div>\n\t\t\t\t\t\t\t<div class=\"e-gallery-item elementor-gallery-item elementor-animated-content\">\n\t\t\t\t\t<div class=\"e-gallery-image elementor-gallery-item__image\" data-thumbnail=\"https:\/\/stephanie-wedding.com\/wp-content\/uploads\/2025\/12\/SchlossWolfsegg_Oesterreich-hochzeitsplanerin-stephanie-weddings-23-1024x1536.jpg\" data-width=\"1024\" data-height=\"1536\" aria-label=\"Een weddingplanner helpt een bruid in een witte, off-shoulder jurk in Zuid-Duitsland om haar ketting te fatsoeneren voor de bruiloft.\" role=\"img\" ><\/div>\n\t\t\t\t\t\t\t\t\t\t\t\t\t\t<\/div>\n\t\t\t\t\t\t\t<div class=\"e-gallery-item elementor-gallery-item elementor-animated-content\">\n\t\t\t\t\t<div class=\"e-gallery-image elementor-gallery-item__image\" data-thumbnail=\"https:\/\/stephanie-wedding.com\/wp-content\/uploads\/2025\/12\/SchlossWolfsegg_Oesterreich-hochzeitsplanerin-stephanie-weddings-34-1024x1536.jpg\" data-width=\"1024\" data-height=\"1536\" aria-label=\"Wei\u00dfe skulpturale Sockel, geschm\u00fcckt mit rosa und wei\u00dfen Blumen, B\u00e4ndern und Kerzen, bilden einen eleganten Rahmen f\u00fcr die Hochzeit auf dem Rasen in der N\u00e4he eines stattlichen Geb\u00e4udes in S\u00fcddeutschland oder \u00d6sterreich.\" role=\"img\" ><\/div>\n\t\t\t\t\t\t\t\t\t\t\t\t\t\t<\/div>\n\t\t\t\t\t\t\t<div class=\"e-gallery-item elementor-gallery-item elementor-animated-content\">\n\t\t\t\t\t<div class=\"e-gallery-image elementor-gallery-item__image\" data-thumbnail=\"https:\/\/stephanie-wedding.com\/wp-content\/uploads\/2025\/12\/SchlossWolfsegg_Oesterreich-hochzeitsplanerin-stephanie-weddings-30-1024x1536.jpg\" data-width=\"1024\" data-height=\"1536\" aria-label=\"Die Braut im wei\u00dfen Spitzenhochzeitskleid st\u00fctzt ihren Kopf auf einen Vintage-Stuhl und blickt mit geschlossenen Augen nach unten - eingefangen von einer Hochzeitsplanerin in S\u00fcddeutschland f\u00fcr zeitlose Eleganz.\" role=\"img\" ><\/div>\n\t\t\t\t\t\t\t\t\t\t\t\t\t\t<\/div>\n\t\t\t\t\t\t\t<div class=\"e-gallery-item elementor-gallery-item elementor-animated-content\">\n\t\t\t\t\t<div class=\"e-gallery-image elementor-gallery-item__image\" data-thumbnail=\"https:\/\/stephanie-wedding.com\/wp-content\/uploads\/2025\/12\/SchlossWolfsegg_Oesterreich-hochzeitsplanerin-stephanie-weddings-11-1024x1536.jpg\" data-width=\"1024\" data-height=\"1536\" aria-label=\"Een bruidspaar in trouwkleding lacht en proost tijdens een bruiloft in de buitenlucht in Zuid-Duitsland.\" role=\"img\" ><\/div>\n\t\t\t\t\t\t\t\t\t\t\t\t\t\t<\/div>\n\t\t\t\t\t\t\t<div class=\"e-gallery-item elementor-gallery-item elementor-animated-content\">\n\t\t\t\t\t<div class=\"e-gallery-image elementor-gallery-item__image\" data-thumbnail=\"https:\/\/stephanie-wedding.com\/wp-content\/uploads\/2025\/12\/SchlossWolfsegg_Oesterreich-hochzeitsplanerin-stephanie-weddings-17-1024x1536.jpg\" data-width=\"1024\" data-height=\"1536\" aria-label=\"Een man in een beige pak strijkt zijn vest recht en draagt een vlinderdas met patroon, een horloge en een bijpassende pochet - perfect gestyled voor een bruiloft in Oostenrijk.\" role=\"img\" ><\/div>\n\t\t\t\t\t\t\t\t\t\t\t\t\t\t<\/div>\n\t\t\t\t\t\t\t<div class=\"e-gallery-item elementor-gallery-item elementor-animated-content\">\n\t\t\t\t\t<div class=\"e-gallery-image elementor-gallery-item__image\" data-thumbnail=\"https:\/\/stephanie-wedding.com\/wp-content\/uploads\/2025\/12\/SchlossWolfsegg_Oesterreich-hochzeitsplanerin-stephanie-weddings-42-1024x1536.jpg\" data-width=\"1024\" data-height=\"1536\" aria-label=\"De bruid in een witte jurk en de bruidegom in een beige pak poseren voor een groot wit gebouw met bloemendecoratie, wat de elegantie van een bruiloft in Zuid-Duitsland vastlegt.\" role=\"img\" ><\/div>\n\t\t\t\t\t\t\t\t\t\t\t\t\t\t<\/div>\n\t\t\t\t\t\t\t<div class=\"e-gallery-item elementor-gallery-item elementor-animated-content\">\n\t\t\t\t\t<div class=\"e-gallery-image elementor-gallery-item__image\" data-thumbnail=\"https:\/\/stephanie-wedding.com\/wp-content\/uploads\/2025\/12\/SchlossWolfsegg_Oesterreich-hochzeitsplanerin-stephanie-weddings-12-1024x1536.jpg\" data-width=\"1024\" data-height=\"1536\" aria-label=\"Witte bruidsschoenen, parfum, trouwkaarten, een ringendoosje en lint op een lichte tegelvloer - de perfecte inspiratie voor uw bruiloft in Oostenrijk of voor elke weddingplanner die op zoek is naar tijdloze elegantie.\" role=\"img\" ><\/div>\n\t\t\t\t\t\t\t\t\t\t\t\t\t\t<\/div>\n\t\t\t\t\t\t\t<div class=\"e-gallery-item elementor-gallery-item elementor-animated-content\">\n\t\t\t\t\t<div class=\"e-gallery-image elementor-gallery-item__image\" data-thumbnail=\"https:\/\/stephanie-wedding.com\/wp-content\/uploads\/2025\/12\/SchlossWolfsegg_Oesterreich-hochzeitsplanerin-stephanie-weddings-27-1024x1536.jpg\" data-width=\"1024\" data-height=\"1536\" aria-label=\"Eine Frau in einem wei\u00dfen Spitzenhochzeitskleid sitzt auf einem Stuhl und blickt mit sanftem Ausdruck in die Kamera - so wird die Eleganz einer Hochzeit in \u00d6sterreich eingefangen.\" role=\"img\" ><\/div>\n\t\t\t\t\t\t\t\t\t\t\t\t\t\t<\/div>\n\t\t\t\t\t\t\t<div class=\"e-gallery-item elementor-gallery-item elementor-animated-content\">\n\t\t\t\t\t<div class=\"e-gallery-image elementor-gallery-item__image\" data-thumbnail=\"https:\/\/stephanie-wedding.com\/wp-content\/uploads\/2025\/12\/SchlossWolfsegg_Oesterreich-hochzeitsplanerin-stephanie-weddings-10-1024x1536.jpg\" data-width=\"1024\" data-height=\"1536\" aria-label=\"Ein formell gekleidetes Paar st\u00f6\u00dft im Freien mit Sektgl\u00e4sern an und l\u00e4chelt sich an einem Tisch mit weiteren Gl\u00e4sern zu, um ihre Hochzeit in \u00d6sterreich zu feiern.\" role=\"img\" ><\/div>\n\t\t\t\t\t\t\t\t\t\t\t\t\t\t<\/div>\n\t\t\t\t\t\t\t<div class=\"e-gallery-item elementor-gallery-item elementor-animated-content\">\n\t\t\t\t\t<div class=\"e-gallery-image elementor-gallery-item__image\" data-thumbnail=\"https:\/\/stephanie-wedding.com\/wp-content\/uploads\/2025\/12\/SchlossWolfsegg_Oesterreich-hochzeitsplanerin-stephanie-weddings-14-1024x1536.jpg\" data-width=\"1024\" data-height=\"1536\" aria-label=\"Ein wei\u00dfes Hochzeitskleid mit Kn\u00f6pfen ist \u00fcber einen antiken gr\u00fcnen Stuhl im Sonnenlicht drapiert und f\u00e4ngt die romantische Stimmung einer Hochzeit in S\u00fcddeutschland oder \u00d6sterreich ein.\" role=\"img\" ><\/div>\n\t\t\t\t\t\t\t\t\t\t\t\t\t\t<\/div>\n\t\t\t\t\t\t\t<div class=\"e-gallery-item elementor-gallery-item elementor-animated-content\">\n\t\t\t\t\t<div class=\"e-gallery-image elementor-gallery-item__image\" data-thumbnail=\"https:\/\/stephanie-wedding.com\/wp-content\/uploads\/2025\/12\/SchlossWolfsegg_Oesterreich-hochzeitsplanerin-stephanie-weddings-19-1536x1024.jpg\" data-width=\"1536\" data-height=\"1024\" aria-label=\"Eine Braut in einem wei\u00dfen Kleid tr\u00e4gt vor einem Spiegel Lippenstift auf, mit dem R\u00fccken zur Kamera - ein ruhiger Moment an ihrem Hochzeitstag in \u00d6sterreich.\" role=\"img\" ><\/div>\n\t\t\t\t\t\t\t\t\t\t\t\t\t\t<\/div>\n\t\t\t\t\t\t\t<div class=\"e-gallery-item elementor-gallery-item elementor-animated-content\">\n\t\t\t\t\t<div class=\"e-gallery-image elementor-gallery-item__image\" data-thumbnail=\"https:\/\/stephanie-wedding.com\/wp-content\/uploads\/2025\/12\/SchlossWolfsegg_Oesterreich-hochzeitsplanerin-stephanie-weddings-31-1024x1536.jpg\" data-width=\"1024\" data-height=\"1536\" aria-label=\"Eine Frau im Spitzenhochzeitskleid sitzt auf dem Boden, an einen verzierten Stuhl gelehnt, und schaut in die Kamera - die perfekte Inspiration f\u00fcr eine Hochzeitsplanerin in \u00d6sterreich oder S\u00fcddeutschland.\" role=\"img\" ><\/div>\n\t\t\t\t\t\t\t\t\t\t\t\t\t\t<\/div>\n\t\t\t\t\t\t\t<div class=\"e-gallery-item elementor-gallery-item elementor-animated-content\">\n\t\t\t\t\t<div class=\"e-gallery-image elementor-gallery-item__image\" data-thumbnail=\"https:\/\/stephanie-wedding.com\/wp-content\/uploads\/2025\/12\/SchlossWolfsegg_Oesterreich-hochzeitsplanerin-stephanie-weddings-16-1024x1536.jpg\" data-width=\"1024\" data-height=\"1536\" aria-label=\"Ein wei\u00dfes Hochzeitskleid h\u00e4ngt an einer dunklen Glast\u00fcr, umrahmt von Gr\u00fcnpflanzen und einem Steinweg - eine idyllische Szene, die eine Hochzeitsplanerin in S\u00fcddeutschland oder \u00d6sterreich schaffen k\u00f6nnte.\" role=\"img\" ><\/div>\n\t\t\t\t\t\t\t\t\t\t\t\t\t\t<\/div>\n\t\t\t\t\t\t\t<div class=\"e-gallery-item elementor-gallery-item elementor-animated-content\">\n\t\t\t\t\t<div class=\"e-gallery-image elementor-gallery-item__image\" data-thumbnail=\"https:\/\/stephanie-wedding.com\/wp-content\/uploads\/2025\/12\/SchlossWolfsegg_Oesterreich-hochzeitsplanerin-stephanie-weddings-9-1024x1536.jpg\" data-width=\"1024\" data-height=\"1536\" aria-label=\"Eine Frau in einem wei\u00dfen Kleid gie\u00dft Sekt in Gl\u00e4ser auf einem Tisch im Freien vor einem Geb\u00e4ude ein und schafft so eine elegante Hochzeitsatmosph\u00e4re in \u00d6sterreich.\" role=\"img\" ><\/div>\n\t\t\t\t\t\t\t\t\t\t\t\t\t\t<\/div>\n\t\t\t\t\t<\/div>\n\t\t\t\t\t<\/div>\n\t\t\t\t<\/div>\n\t\t\t\t<\/div>\n\t\t<div class=\"elementor-element elementor-element-060b519 e-con-full e-flex e-con e-child\" data-id=\"060b519\" data-element_type=\"container\" data-e-type=\"container\">\n\t\t\t\t<div class=\"elementor-element elementor-element-be0fc95 elementor-widget__width-initial elementor-widget elementor-widget-heading\" data-id=\"be0fc95\" data-element_type=\"widget\" data-e-type=\"widget\" data-widget_type=\"heading.default\">\n\t\t\t\t<div class=\"elementor-widget-container\">\n\t\t\t\t\t<h3 class=\"elementor-heading-title elementor-size-default\">Speciale hoogtepunten: Ervaringen met persoonlijkheid<\/h3>\t\t\t\t<\/div>\n\t\t\t\t<\/div>\n\t\t\t\t<div class=\"elementor-element elementor-element-704d47e elementor-widget elementor-widget-text-editor\" data-id=\"704d47e\" data-element_type=\"widget\" data-e-type=\"widget\" data-widget_type=\"text-editor.default\">\n\t\t\t\t<div class=\"elementor-widget-container\">\n\t\t\t\t\t\t\t\t\t<p>Wat deze styled shoot ook kenmerkte, waren bewust gekozen ervaringselementen die veel verder gingen dan klassieke trouwdetails. Want een bruiloft moet er niet alleen mooi uitzien - hij moet ook speciaal voelen.<\/p>\t\t\t\t\t\t\t\t<\/div>\n\t\t\t\t<\/div>\n\t\t<div class=\"elementor-element elementor-element-ef33346 e-grid e-con-full e-con e-child\" data-id=\"ef33346\" data-element_type=\"container\" data-e-type=\"container\">\n\t\t\t\t<div class=\"elementor-element elementor-element-56f2ea3 elementor-widget elementor-widget-text-editor\" data-id=\"56f2ea3\" data-element_type=\"widget\" data-e-type=\"widget\" data-widget_type=\"text-editor.default\">\n\t\t\t\t<div class=\"elementor-widget-container\">\n\t\t\t\t\t\t\t\t\t<p data-start=\"2038\" data-end=\"2059\"><strong data-start=\"2038\" data-end=\"2059\">Live portretkunst<br \/><\/strong>Een kunstenaar begeleidde de shoot en maakte een portret van het bruidspaar op locatie. Een moment van rust te midden van de enscenering.<\/p><p data-start=\"2202\" data-end=\"2397\">Penseelstreek voor penseelstreek werd een kunstwerk gecre\u00eberd dat niet alleen een sc\u00e8ne vastlegt, maar ook emotie bewaart. Een herinnering kan nauwelijks persoonlijker - of stijlvoller - zijn.<\/p><p data-start=\"2404\" data-end=\"2433\"><strong data-start=\"2404\" data-end=\"2433\">Cr\u00eapes trolley voor aperitieven<br \/><\/strong>In plaats van een klassiek vliegend buffet zorgde een elegante cr\u00eapeswagen voor een charmante, bijna Franse lichtheid.<\/p><p data-start=\"2563\" data-end=\"2796\">De geur van versgebakken cr\u00eapes, het rustige knisperen van het bord, het ongedwongen smullen - het is precies deze mix van verfijning en nonchalance die sfeer cre\u00ebert. Een detail dat gasten verbindt en een instant gespreksstarter is.<\/p>\t\t\t\t\t\t\t\t<\/div>\n\t\t\t\t<\/div>\n\t\t\t\t<div class=\"elementor-element elementor-element-98738fe elementor-widget elementor-widget-text-editor\" data-id=\"98738fe\" data-element_type=\"widget\" data-e-type=\"widget\" data-widget_type=\"text-editor.default\">\n\t\t\t\t<div class=\"elementor-widget-container\">\n\t\t\t\t\t\t\t\t\t<p data-start=\"2803\" data-end=\"2859\"><strong data-start=\"2803\" data-end=\"2859\">Champagne Pong - een stijlvolle twist met een knipoog<br \/><\/strong>Om de sfeer van de avond erin te brengen, werd een feestklassieker omgetoverd tot een elegant statement: champagnepong.<\/p><p data-start=\"2961\" data-end=\"3150\">Speels, modern en perfect ge\u00efntegreerd in het totaalconcept. Het laat zien dat exclusiviteit en lichtheid geen contradictio in terminis zijn. Integendeel, juist deze balans brengt een feest tot leven.<\/p><p data-start=\"3157\" data-end=\"3191\"><strong data-start=\"3157\" data-end=\"3191\">Klassieke muziek voor de ceremonie<br \/><\/strong>Twee violisten begeleidden de huwelijksceremonie met klassieke muziek en cre\u00eberden een omgeving die nauwelijks emotioneler had kunnen zijn.<\/p><p data-start=\"3318\" data-end=\"3468\">De zachte klanken gaven de ceremonie diepte en grandeur zonder opdringerig te zijn. Muziek die onder je huid kruipt - en het moment draagt.<\/p>\t\t\t\t\t\t\t\t<\/div>\n\t\t\t\t<\/div>\n\t\t\t\t<\/div>\n\t\t\t\t<\/div>\n\t\t\t\t<div class=\"elementor-element elementor-element-fa7bdc2 elementor-widget-divider--view-line elementor-widget elementor-widget-divider\" data-id=\"fa7bdc2\" data-element_type=\"widget\" data-e-type=\"widget\" data-widget_type=\"divider.default\">\n\t\t\t\t<div class=\"elementor-widget-container\">\n\t\t\t\t\t\t\t<div class=\"elementor-divider\">\n\t\t\t<span class=\"elementor-divider-separator\">\n\t\t\t\t\t\t<\/span>\n\t\t<\/div>\n\t\t\t\t\t\t<\/div>\n\t\t\t\t<\/div>\n\t\t<div class=\"elementor-element elementor-element-1ddb33e e-con-full e-flex e-con e-child\" data-id=\"1ddb33e\" data-element_type=\"container\" data-e-type=\"container\">\n\t\t\t\t<div class=\"elementor-element elementor-element-b65fdfa elementor-widget__width-initial elementor-widget elementor-widget-heading\" data-id=\"b65fdfa\" data-element_type=\"widget\" data-e-type=\"widget\" data-widget_type=\"heading.default\">\n\t\t\t\t<div class=\"elementor-widget-container\">\n\t\t\t\t\t<h2 class=\"elementor-heading-title elementor-size-default\">Style shoot - decoratie gericht op het thema strikken\nExtra's: foodtruck, schilder, champagnepong\n<\/h2>\t\t\t\t<\/div>\n\t\t\t\t<\/div>\n\t\t\t\t<div class=\"elementor-element elementor-element-e2eadd2 elementor-widget__width-initial elementor-widget elementor-widget-heading\" data-id=\"e2eadd2\" data-element_type=\"widget\" data-e-type=\"widget\" data-widget_type=\"heading.default\">\n\t\t\t\t<div class=\"elementor-widget-container\">\n\t\t\t\t\t<h3 class=\"elementor-heading-title elementor-size-default\">Elegantie in strikken - een tijdloze liefdesverklaring<\/h3>\t\t\t\t<\/div>\n\t\t\t\t<\/div>\n\t\t<div class=\"elementor-element elementor-element-2d935db e-grid e-con-full e-con e-child\" data-id=\"2d935db\" data-element_type=\"container\" data-e-type=\"container\">\n\t\t\t\t<div class=\"elementor-element elementor-element-04ae499 elementor-widget elementor-widget-text-editor\" data-id=\"04ae499\" data-element_type=\"widget\" data-e-type=\"widget\" data-widget_type=\"text-editor.default\">\n\t\t\t\t<div class=\"elementor-widget-container\">\n\t\t\t\t\t\t\t\t\t<p data-start=\"123\" data-end=\"260\">Er zijn bruiloften die een trend volgen. En er zijn bruiloften die een houding belichamen. Deze styled shoot vertegenwoordigt het laatste.<\/p><p data-start=\"262\" data-end=\"588\">\u201eElegantie in strikken\u201c is een eerbetoon aan klassieke schoonheid - opnieuw ge\u00efnterpreteerd voor moderne koppels die waarde hechten aan stijl, inhoud en een duidelijke esthetiek. Geen overdaad, geen schreeuwerige enscenering. In plaats daarvan een doordachte compositie van fijne details, warme nuances en een natuurlijke elegantie die beklijft.<\/p><p data-start=\"590\" data-end=\"705\">Strikken zijn meer dan alleen een decoratief element. Ze vertellen over verbondenheid. Van samenhang. Van een bewust \u201eja\u201c.<\/p><p data-start=\"707\" data-end=\"968\">In dit concept lopen ze als een rode draad - of liever: als een delicaat lint - door elk detail. Zachtjes vastgebonden aan de jurk, subtiel ge\u00efntegreerd in het briefpapier, kunstig geplaatst rond servetten of gebruikt als delicate accenten in de bloemisterij.<\/p><p data-start=\"970\" data-end=\"1002\">Nooit opdringerig. Altijd harmonieus.<\/p>\t\t\t\t\t\t\t\t<\/div>\n\t\t\t\t<\/div>\n\t\t\t\t<div class=\"elementor-element elementor-element-94d8fb7 elementor-widget elementor-widget-text-editor\" data-id=\"94d8fb7\" data-element_type=\"widget\" data-e-type=\"widget\" data-widget_type=\"text-editor.default\">\n\t\t\t\t<div class=\"elementor-widget-container\">\n\t\t\t\t\t\t\t\t\t<p data-start=\"1174\" data-end=\"1378\">Het is juist deze terughoudendheid die het effect zo sterk maakt. De strik is hier geen trendy object, maar een statement van bewust ontwerp en emotionele diepgang.<\/p><p data-start=\"1174\" data-end=\"1378\">Deze shoot laat zien hoe tijdloze elementen kunnen worden heroverwogen in een moderne omgeving. Heldere lijnen ontmoeten zachte stoffen. Structuur ontmoet lichtheid. Minimalisme ontmoet emotionele diepte.<\/p><p data-start=\"1380\" data-end=\"1585\">Voor stellen die weten wat ze willen. Voor mensen die kwaliteit belangrijker vinden dan snelheid. Voor liefdesverhalen die er niet alleen vandaag, maar ook over twintig jaar nog net zo mooi uit moeten zien.<\/p><p data-start=\"1587\" data-end=\"1738\">Omdat echte elegantie geen trends nodig heeft. Het heeft attitude, gevoeligheid en een goed doordacht concept nodig. En dat is precies wat een bruiloft onvergetelijk maakt.<\/p>\t\t\t\t\t\t\t\t<\/div>\n\t\t\t\t<\/div>\n\t\t\t\t<\/div>\n\t\t\t\t<\/div>\n\t\t\t\t<\/div>\n\t\t\t\t<\/div>","protected":false},"excerpt":{"rendered":"<p>Milad &amp; Maryam Besondere Highlights: Erlebnisse mit Pers\u00f6nlichkeit Was dieses Styled Shoot zus\u00e4tzlich gepr\u00e4gt hat, waren bewusst gew\u00e4hlte Erlebnis-Elemente, die weit \u00fcber klassische Hochzeitsdetails hinausgehen. Denn eine Hochzeit darf nicht nur sch\u00f6n aussehen \u2013 sie darf sich besonders anf\u00fchlen. Live-Portr\u00e4tkunstEin K\u00fcnstler begleitete das Shooting und fertigte vor Ort ein Portr\u00e4t des Brautpaares an. Ein Moment [&hellip;]<\/p>\n","protected":false},"author":4,"featured_media":0,"parent":0,"menu_order":0,"comment_status":"closed","ping_status":"closed","template":"elementor_header_footer","meta":{"footnotes":""},"class_list":["post-6283","page","type-page","status-publish","hentry"],"_links":{"self":[{"href":"https:\/\/stephanie-wedding.com\/nl\/wp-json\/wp\/v2\/pages\/6283","targetHints":{"allow":["GET"]}}],"collection":[{"href":"https:\/\/stephanie-wedding.com\/nl\/wp-json\/wp\/v2\/pages"}],"about":[{"href":"https:\/\/stephanie-wedding.com\/nl\/wp-json\/wp\/v2\/types\/page"}],"author":[{"embeddable":true,"href":"https:\/\/stephanie-wedding.com\/nl\/wp-json\/wp\/v2\/users\/4"}],"replies":[{"embeddable":true,"href":"https:\/\/stephanie-wedding.com\/nl\/wp-json\/wp\/v2\/comments?post=6283"}],"version-history":[{"count":10,"href":"https:\/\/stephanie-wedding.com\/nl\/wp-json\/wp\/v2\/pages\/6283\/revisions"}],"predecessor-version":[{"id":6591,"href":"https:\/\/stephanie-wedding.com\/nl\/wp-json\/wp\/v2\/pages\/6283\/revisions\/6591"}],"wp:attachment":[{"href":"https:\/\/stephanie-wedding.com\/nl\/wp-json\/wp\/v2\/media?parent=6283"}],"curies":[{"name":"wp","href":"https:\/\/api.w.org\/{rel}","templated":true}]}}