{"id":5061,"date":"2026-01-08T15:14:01","date_gmt":"2026-01-08T14:14:01","guid":{"rendered":"https:\/\/stephanie-wedding.com\/?page_id=5061"},"modified":"2026-02-18T14:44:41","modified_gmt":"2026-02-18T13:44:41","slug":"sabrina-en-andreas","status":"publish","type":"page","link":"https:\/\/stephanie-wedding.com\/nl\/sabrina-und-andreas\/","title":{"rendered":"Sabrina und Andreas"},"content":{"rendered":"<div data-elementor-type=\"wp-page\" data-elementor-id=\"5061\" class=\"elementor elementor-5061\" data-elementor-post-type=\"page\">\n\t\t\t\t<div class=\"elementor-element elementor-element-c15f719 e-con-full e-flex e-con e-parent\" data-id=\"c15f719\" data-element_type=\"container\" data-e-type=\"container\" data-settings=\"{&quot;background_background&quot;:&quot;classic&quot;}\">\n\t\t\t\t<div class=\"elementor-element elementor-element-e048b9f elementor-widget elementor-widget-heading\" data-id=\"e048b9f\" data-element_type=\"widget\" data-e-type=\"widget\" data-widget_type=\"heading.default\">\n\t\t\t\t<div class=\"elementor-widget-container\">\n\t\t\t\t\t<h1 class=\"elementor-heading-title elementor-size-default\">Sabrina &amp; Andreas<\/h1>\t\t\t\t<\/div>\n\t\t\t\t<\/div>\n\t\t\t\t<\/div>\n\t\t<div class=\"elementor-element elementor-element-3ee613d e-con-full e-flex e-con e-parent\" data-id=\"3ee613d\" data-element_type=\"container\" data-e-type=\"container\" data-settings=\"{&quot;background_background&quot;:&quot;classic&quot;}\">\n\t\t<div class=\"elementor-element elementor-element-de9b0b5 e-con-full e-flex e-con e-child\" data-id=\"de9b0b5\" data-element_type=\"container\" data-e-type=\"container\">\n\t\t\t\t<div class=\"elementor-element elementor-element-bbeea8b elementor-widget elementor-widget-gallery\" data-id=\"bbeea8b\" data-element_type=\"widget\" data-e-type=\"widget\" data-settings=\"{&quot;columns&quot;:3,&quot;aspect_ratio&quot;:&quot;1:1&quot;,&quot;columns_tablet&quot;:3,&quot;columns_mobile&quot;:3,&quot;lazyload&quot;:&quot;yes&quot;,&quot;gallery_layout&quot;:&quot;grid&quot;,&quot;gap&quot;:{&quot;unit&quot;:&quot;px&quot;,&quot;size&quot;:10,&quot;sizes&quot;:[]},&quot;gap_tablet&quot;:{&quot;unit&quot;:&quot;px&quot;,&quot;size&quot;:10,&quot;sizes&quot;:[]},&quot;gap_mobile&quot;:{&quot;unit&quot;:&quot;px&quot;,&quot;size&quot;:10,&quot;sizes&quot;:[]},&quot;content_hover_animation&quot;:&quot;fade-in&quot;}\" data-widget_type=\"gallery.default\">\n\t\t\t\t<div class=\"elementor-widget-container\">\n\t\t\t\t\t\t\t<div class=\"elementor-gallery__container\">\n\t\t\t\t\t\t\t<div class=\"e-gallery-item elementor-gallery-item elementor-animated-content\">\n\t\t\t\t\t<div class=\"e-gallery-image elementor-gallery-item__image\" data-thumbnail=\"https:\/\/stephanie-wedding.com\/wp-content\/uploads\/2026\/01\/stephanie-weddings-hochzeitsplanerin-in-den-bergen-2-1024x1536.jpg\" data-width=\"1024\" data-height=\"1536\" aria-label=\"Braut und Br\u00e4utigam k\u00fcssen sich bei ihrer Hochzeit in S\u00fcddeutschland im Freien. Die Braut h\u00e4lt einen Blumenstrau\u00df und zeigt ihren Ehering vor dem Hintergrund der atemberaubenden Berge.\" role=\"img\" ><\/div>\n\t\t\t\t\t\t\t\t\t\t\t\t\t\t<\/div>\n\t\t\t\t\t\t\t<div class=\"e-gallery-item elementor-gallery-item elementor-animated-content\">\n\t\t\t\t\t<div class=\"e-gallery-image elementor-gallery-item__image\" data-thumbnail=\"https:\/\/stephanie-wedding.com\/wp-content\/uploads\/2026\/01\/stephanie-weddings-hochzeitsplanerin-in-den-bergen-3-1536x1024.jpg\" data-width=\"1536\" data-height=\"1024\" aria-label=\"Ein frisch verheiratetes Paar sitzt in einem Lieferwagen und l\u00e4chelt sich an. Hinter ihnen h\u00e4ngt ein Just Married-Banner, das die Freude \u00fcber ihre Hochzeit in S\u00fcddeutschland festh\u00e4lt.\" role=\"img\" ><\/div>\n\t\t\t\t\t\t\t\t\t\t\t\t\t\t<\/div>\n\t\t\t\t\t\t\t<div class=\"e-gallery-item elementor-gallery-item elementor-animated-content\">\n\t\t\t\t\t<div class=\"e-gallery-image elementor-gallery-item__image\" data-thumbnail=\"https:\/\/stephanie-wedding.com\/wp-content\/uploads\/2026\/01\/stephanie-weddings-hochzeitsplanerin-in-den-bergen-5-1024x1536.jpg\" data-width=\"1024\" data-height=\"1536\" aria-label=\"Braut und Br\u00e4utigam posieren im Freien in Hochzeitskleidung, mit Bergen und Gr\u00fcn im Hintergrund, perfekt f\u00fcr eine romantische Feier in \u00d6sterreich oder f\u00fcr diejenigen, die Inspiration von einer erfahrenen Hochzeitsplanerin in S\u00fcddeutschland suchen.\" role=\"img\" ><\/div>\n\t\t\t\t\t\t\t\t\t\t\t\t\t\t<\/div>\n\t\t\t\t\t\t\t<div class=\"e-gallery-item elementor-gallery-item elementor-animated-content\">\n\t\t\t\t\t<div class=\"e-gallery-image elementor-gallery-item__image\" data-thumbnail=\"https:\/\/stephanie-wedding.com\/wp-content\/uploads\/2026\/01\/stephanie-weddings-hochzeitsplanerin-in-den-bergen-6-1024x1536.jpg\" data-width=\"1024\" data-height=\"1536\" aria-label=\"Eine Braut und ein Br\u00e4utigam k\u00fcssen sich im Freien in S\u00fcddeutschland, teilweise verdeckt von einem flie\u00dfenden wei\u00dfen Schleier - ein magischer Moment, den jede Hochzeitsplanerin zu sch\u00e4tzen wei\u00df.\" role=\"img\" ><\/div>\n\t\t\t\t\t\t\t\t\t\t\t\t\t\t<\/div>\n\t\t\t\t\t\t\t<div class=\"e-gallery-item elementor-gallery-item elementor-animated-content\">\n\t\t\t\t\t<div class=\"e-gallery-image elementor-gallery-item__image\" data-thumbnail=\"https:\/\/stephanie-wedding.com\/wp-content\/uploads\/2026\/01\/stephanie-weddings-hochzeitsplanerin-in-den-bergen-8-1024x1536.jpg\" data-width=\"1024\" data-height=\"1536\" aria-label=\"Zwei Frauen l\u00e4cheln auf einer Hochzeit in S\u00fcddeutschland; die eine in einem wei\u00dfen Hochzeitskleid mit einem Glas in der Hand, die andere - m\u00f6glicherweise die Hochzeitsplanerin - in einem hellen Anzug und rosa Oberteil.\" role=\"img\" ><\/div>\n\t\t\t\t\t\t\t\t\t\t\t\t\t\t<\/div>\n\t\t\t\t\t\t\t<div class=\"e-gallery-item elementor-gallery-item elementor-animated-content\">\n\t\t\t\t\t<div class=\"e-gallery-image elementor-gallery-item__image\" data-thumbnail=\"https:\/\/stephanie-wedding.com\/wp-content\/uploads\/2026\/01\/stephanie-weddings-hochzeitsplanerin-in-den-bergen-9-1536x1024.jpg\" data-width=\"1536\" data-height=\"1024\" aria-label=\"Sechs Frauen in Kleidern, darunter eine Braut, sto\u00dfen mit Sektgl\u00e4sern in einem gem\u00fctlichen Holzzimmer auf eine wundersch\u00f6ne Hochzeit in \u00d6sterreich an.\" role=\"img\" ><\/div>\n\t\t\t\t\t\t\t\t\t\t\t\t\t\t<\/div>\n\t\t\t\t\t\t\t<div class=\"e-gallery-item elementor-gallery-item elementor-animated-content\">\n\t\t\t\t\t<div class=\"e-gallery-image elementor-gallery-item__image\" data-thumbnail=\"https:\/\/stephanie-wedding.com\/wp-content\/uploads\/2026\/02\/stephanie-weddings-hochzeitsplanerin-in-den-bergen-23-1024x1536.jpg\" data-width=\"1024\" data-height=\"1536\" aria-label=\"Braut und Br\u00e4utigam sitzen auf einer Bank und halten Mr. und Mrs. Luftballons vor einem rustikalen Holzgeb\u00e4ude, das den Charme einer Hochzeit in S\u00fcddeutschland oder \u00d6sterreich einf\u00e4ngt.\" role=\"img\" ><\/div>\n\t\t\t\t\t\t\t\t\t\t\t\t\t\t<\/div>\n\t\t\t\t\t\t\t<div class=\"e-gallery-item elementor-gallery-item elementor-animated-content\">\n\t\t\t\t\t<div class=\"e-gallery-image elementor-gallery-item__image\" data-thumbnail=\"https:\/\/stephanie-wedding.com\/wp-content\/uploads\/2026\/01\/stephanie-weddings-hochzeitsplanerin-in-den-bergen-10-1536x1024.jpg\" data-width=\"1536\" data-height=\"1024\" aria-label=\"Drei Frauen in formellen Kleidern, l\u00e4chelnd und mit Sektgl\u00e4sern in der Hand, stehen auf einem Balkon mit malerischer Aussicht - perfekt f\u00fcr eine unvergessliche Hochzeit in \u00d6sterreich.\" role=\"img\" ><\/div>\n\t\t\t\t\t\t\t\t\t\t\t\t\t\t<\/div>\n\t\t\t\t\t\t\t<div class=\"e-gallery-item elementor-gallery-item elementor-animated-content\">\n\t\t\t\t\t<div class=\"e-gallery-image elementor-gallery-item__image\" data-thumbnail=\"https:\/\/stephanie-wedding.com\/wp-content\/uploads\/2026\/01\/stephanie-weddings-hochzeitsplanerin-in-den-bergen-4-1536x1024.jpg\" data-width=\"1536\" data-height=\"1024\" aria-label=\"Braut und Br\u00e4utigam verlassen ein Geb\u00e4ude in S\u00fcddeutschland, umgeben von G\u00e4sten, mit einem Blumenstrau\u00df in der Hand und in atemberaubender Hochzeitskleidung.\" role=\"img\" ><\/div>\n\t\t\t\t\t\t\t\t\t\t\t\t\t\t<\/div>\n\t\t\t\t\t\t\t<div class=\"e-gallery-item elementor-gallery-item elementor-animated-content\">\n\t\t\t\t\t<div class=\"e-gallery-image elementor-gallery-item__image\" data-thumbnail=\"https:\/\/stephanie-wedding.com\/wp-content\/uploads\/2026\/02\/stephanie-weddings-hochzeitsplanerin-in-den-bergen-29-1024x1536.jpg\" data-width=\"1024\" data-height=\"1536\" aria-label=\"Eine Frau schminkt eine andere Frau, die eine wei\u00dfe Jacke tr\u00e4gt, die steht und nach vorne schaut und sich auf eine Hochzeit in \u00d6sterreich vorbereitet.\" role=\"img\" ><\/div>\n\t\t\t\t\t\t\t\t\t\t\t\t\t\t<\/div>\n\t\t\t\t\t\t\t<div class=\"e-gallery-item elementor-gallery-item elementor-animated-content\">\n\t\t\t\t\t<div class=\"e-gallery-image elementor-gallery-item__image\" data-thumbnail=\"https:\/\/stephanie-wedding.com\/wp-content\/uploads\/2026\/02\/stephanie-weddings-hochzeitsplanerin-in-den-bergen-26-1024x1536.jpg\" data-width=\"1024\" data-height=\"1536\" aria-label=\"Man steht in einem eleganten Anzug auf einem Holzdeck vor einer rustikalen H\u00fctte, mit Bergen im Hintergrund - perfekte Kulisse f\u00fcr eine Hochzeit in S\u00fcddeutschland oder \u00d6sterreich.\" role=\"img\" ><\/div>\n\t\t\t\t\t\t\t\t\t\t\t\t\t\t<\/div>\n\t\t\t\t\t\t\t<div class=\"e-gallery-item elementor-gallery-item elementor-animated-content\">\n\t\t\t\t\t<div class=\"e-gallery-image elementor-gallery-item__image\" data-thumbnail=\"https:\/\/stephanie-wedding.com\/wp-content\/uploads\/2026\/02\/stephanie-weddings-hochzeitsplanerin-in-den-bergen-25-1024x1536.jpg\" data-width=\"1024\" data-height=\"1536\" aria-label=\"Eine Frau in einem wei\u00dfen Spitzenkleid h\u00e4lt ein Sektglas in der Hand und steht auf einem Balkon mit Bergen im Hintergrund - perfekt f\u00fcr eine Hochzeit in S\u00fcddeutschland, die von einer erfahrenen Hochzeitsplanerin geplant wurde.\" role=\"img\" ><\/div>\n\t\t\t\t\t\t\t\t\t\t\t\t\t\t<\/div>\n\t\t\t\t\t\t\t<div class=\"e-gallery-item elementor-gallery-item elementor-animated-content\">\n\t\t\t\t\t<div class=\"e-gallery-image elementor-gallery-item__image\" data-thumbnail=\"https:\/\/stephanie-wedding.com\/wp-content\/uploads\/2026\/02\/stephanie-weddings-hochzeitsplanerin-in-den-bergen-15-1024x1536.jpg\" data-width=\"1024\" data-height=\"1536\" aria-label=\"Ein blauer Oldtimer-Van mit einem beleuchteten FOTO-Schild auf dem Dach, perfekt f\u00fcr Ihre Hochzeit in S\u00fcddeutschland, geparkt im Freien mit B\u00e4umen im Hintergrund.\" role=\"img\" ><\/div>\n\t\t\t\t\t\t\t\t\t\t\t\t\t\t<\/div>\n\t\t\t\t\t\t\t<div class=\"e-gallery-item elementor-gallery-item elementor-animated-content\">\n\t\t\t\t\t<div class=\"e-gallery-image elementor-gallery-item__image\" data-thumbnail=\"https:\/\/stephanie-wedding.com\/wp-content\/uploads\/2026\/02\/stephanie-weddings-hochzeitsplanerin-in-den-bergen-13-1024x1536.jpg\" data-width=\"1024\" data-height=\"1536\" aria-label=\"Eine dekorierte Hochzeitstorte und verschiedene Desserts auf einem Holztisch mit Blumenarrangements, perfekt f\u00fcr eine Hochzeit in S\u00fcddeutschland, geplant von einer erfahrenen Hochzeitsplanerin.\" role=\"img\" ><\/div>\n\t\t\t\t\t\t\t\t\t\t\t\t\t\t<\/div>\n\t\t\t\t\t\t\t<div class=\"e-gallery-item elementor-gallery-item elementor-animated-content\">\n\t\t\t\t\t<div class=\"e-gallery-image elementor-gallery-item__image\" data-thumbnail=\"https:\/\/stephanie-wedding.com\/wp-content\/uploads\/2026\/02\/stephanie-weddings-hochzeitsplanerin-in-den-bergen-22-1024x1536.jpg\" data-width=\"1024\" data-height=\"1536\" aria-label=\"Braut und Br\u00e4utigam k\u00fcssen sich bei ihrer Hochzeit im Freien und halten ein Kreideschild mit der Aufschrift DANKE; im Hintergrund die majest\u00e4tischen Berge von S\u00fcddeutschland oder \u00d6sterreich.\" role=\"img\" ><\/div>\n\t\t\t\t\t\t\t\t\t\t\t\t\t\t<\/div>\n\t\t\t\t\t\t\t<div class=\"e-gallery-item elementor-gallery-item elementor-animated-content\">\n\t\t\t\t\t<div class=\"e-gallery-image elementor-gallery-item__image\" data-thumbnail=\"https:\/\/stephanie-wedding.com\/wp-content\/uploads\/2026\/02\/stephanie-weddings-hochzeitsplanerin-in-den-bergen-21-1024x1536.jpg\" data-width=\"1024\" data-height=\"1536\" aria-label=\"Eine Braut in einem wei\u00dfen Spitzenhochzeitskleid r\u00fcckt ihr Haar zurecht, w\u00e4hrend sie leicht zur Seite schaut, und f\u00e4ngt einen intimen Moment einer Hochzeit in S\u00fcddeutschland ein.\" role=\"img\" ><\/div>\n\t\t\t\t\t\t\t\t\t\t\t\t\t\t<\/div>\n\t\t\t\t\t\t\t<div class=\"e-gallery-item elementor-gallery-item elementor-animated-content\">\n\t\t\t\t\t<div class=\"e-gallery-image elementor-gallery-item__image\" data-thumbnail=\"https:\/\/stephanie-wedding.com\/wp-content\/uploads\/2026\/02\/stephanie-weddings-hochzeitsplanerin-in-den-bergen-17-1024x1536.jpg\" data-width=\"1024\" data-height=\"1536\" aria-label=\"Eine Braut und ein Br\u00e4utigam gehen Hand in Hand im Freien zu einem rustikalen Veranstaltungsort in S\u00fcddeutschland, Hochzeitsdekorationen s\u00e4umen ihren Weg, inspiriert von einer erfahrenen Hochzeitsplanerin aus \u00d6sterreich.\" role=\"img\" ><\/div>\n\t\t\t\t\t\t\t\t\t\t\t\t\t\t<\/div>\n\t\t\t\t\t\t\t<div class=\"e-gallery-item elementor-gallery-item elementor-animated-content\">\n\t\t\t\t\t<div class=\"e-gallery-image elementor-gallery-item__image\" data-thumbnail=\"https:\/\/stephanie-wedding.com\/wp-content\/uploads\/2026\/02\/stephanie-weddings-hochzeitsplanerin-in-den-bergen-34-1024x1536.jpg\" data-width=\"1024\" data-height=\"1536\" aria-label=\"Wei\u00dfe Torte mit wei\u00dfen Blumen und einem Die Geilers Topper aus Metall mit einem Herz und der Jahreszahl 2007074-perfekt f\u00fcr eine Hochzeit in \u00d6sterreich oder S\u00fcddeutschland.\" role=\"img\" ><\/div>\n\t\t\t\t\t\t\t\t\t\t\t\t\t\t<\/div>\n\t\t\t\t\t\t\t<div class=\"e-gallery-item elementor-gallery-item elementor-animated-content\">\n\t\t\t\t\t<div class=\"e-gallery-image elementor-gallery-item__image\" data-thumbnail=\"https:\/\/stephanie-wedding.com\/wp-content\/uploads\/2026\/02\/stephanie-weddings-hochzeitsplanerin-in-den-bergen-20-1024x1536.jpg\" data-width=\"1024\" data-height=\"1536\" aria-label=\"Ein Br\u00e4utigam macht ein lustiges Gesicht, als ihm die Braut w\u00e4hrend ihrer Hochzeitszeremonie in S\u00fcddeutschland einen Ring an den Finger steckt, perfekt eingefangen von ihrer Hochzeitsplanerin.\" role=\"img\" ><\/div>\n\t\t\t\t\t\t\t\t\t\t\t\t\t\t<\/div>\n\t\t\t\t\t\t\t<div class=\"e-gallery-item elementor-gallery-item elementor-animated-content\">\n\t\t\t\t\t<div class=\"e-gallery-image elementor-gallery-item__image\" data-thumbnail=\"https:\/\/stephanie-wedding.com\/wp-content\/uploads\/2026\/02\/stephanie-weddings-hochzeitsplanerin-in-den-bergen-35-1024x1536.jpg\" data-width=\"1024\" data-height=\"1536\" aria-label=\"In Stoff eingewickelter get\u00f6pferter Rosmarin dient als h\u00fcbsches Mittelst\u00fcck auf einem gedeckten Esstisch, den eine Hochzeitsplanerin f\u00fcr Feiern in S\u00fcddeutschland oder \u00d6sterreich mit eleganten Gl\u00e4sern und Besteck gestaltet hat.\" role=\"img\" ><\/div>\n\t\t\t\t\t\t\t\t\t\t\t\t\t\t<\/div>\n\t\t\t\t\t\t\t<div class=\"e-gallery-item elementor-gallery-item elementor-animated-content\">\n\t\t\t\t\t<div class=\"e-gallery-image elementor-gallery-item__image\" data-thumbnail=\"https:\/\/stephanie-wedding.com\/wp-content\/uploads\/2026\/02\/stephanie-weddings-hochzeitsplanerin-in-den-bergen-19-1024x1536.jpg\" data-width=\"1024\" data-height=\"1536\" aria-label=\"Eine l\u00e4chelnde Braut und ein l\u00e4chelnder Br\u00e4utigam, die sich an den H\u00e4nden halten und in Hochzeitskleidung aus einem Geb\u00e4ude gehen, um ihre Hochzeit in S\u00fcddeutschland zu feiern.\" role=\"img\" ><\/div>\n\t\t\t\t\t\t\t\t\t\t\t\t\t\t<\/div>\n\t\t\t\t\t\t\t<div class=\"e-gallery-item elementor-gallery-item elementor-animated-content\">\n\t\t\t\t\t<div class=\"e-gallery-image elementor-gallery-item__image\" data-thumbnail=\"https:\/\/stephanie-wedding.com\/wp-content\/uploads\/2026\/02\/stephanie-weddings-hochzeitsplanerin-in-den-bergen-11-1024x1536.jpg\" data-width=\"1024\" data-height=\"1536\" aria-label=\"Braut, Br\u00e4utigam und eine weitere Frau l\u00e4chelnd mit erhobenen Armen unter einem gebl\u00fcmten Hochzeitsbogen im Freien - sie feiern eine wundersch\u00f6ne Hochzeit in S\u00fcddeutschland.\" role=\"img\" ><\/div>\n\t\t\t\t\t\t\t\t\t\t\t\t\t\t<\/div>\n\t\t\t\t\t\t\t<div class=\"e-gallery-item elementor-gallery-item elementor-animated-content\">\n\t\t\t\t\t<div class=\"e-gallery-image elementor-gallery-item__image\" data-thumbnail=\"https:\/\/stephanie-wedding.com\/wp-content\/uploads\/2026\/02\/stephanie-weddings-hochzeitsplanerin-in-den-bergen-18-1024x1536.jpg\" data-width=\"1024\" data-height=\"1536\" aria-label=\"Braut und Br\u00e4utigam l\u00e4cheln und zeigen die Daumen nach oben neben einem blauen Lieferwagen in einer malerischen Umgebung im Freien - perfekt f\u00fcr eine Hochzeit in S\u00fcddeutschland oder \u00d6sterreich, die von einer erfahrenen Hochzeitsplanerin geplant wurde.\" role=\"img\" ><\/div>\n\t\t\t\t\t\t\t\t\t\t\t\t\t\t<\/div>\n\t\t\t\t\t\t\t<div class=\"e-gallery-item elementor-gallery-item elementor-animated-content\">\n\t\t\t\t\t<div class=\"e-gallery-image elementor-gallery-item__image\" data-thumbnail=\"https:\/\/stephanie-wedding.com\/wp-content\/uploads\/2026\/02\/stephanie-weddings-hochzeitsplanerin-in-den-bergen-31-1024x1536.jpg\" data-width=\"1024\" data-height=\"1536\" aria-label=\"Braut und Br\u00e4utigam tanzen ihren ersten Tanz, umringt von G\u00e4sten auf einer lebhaften Hochzeit in S\u00fcddeutschland.\" role=\"img\" ><\/div>\n\t\t\t\t\t\t\t\t\t\t\t\t\t\t<\/div>\n\t\t\t\t\t\t\t<div class=\"e-gallery-item elementor-gallery-item elementor-animated-content\">\n\t\t\t\t\t<div class=\"e-gallery-image elementor-gallery-item__image\" data-thumbnail=\"https:\/\/stephanie-wedding.com\/wp-content\/uploads\/2026\/02\/stephanie-weddings-hochzeitsplanerin-in-den-bergen-12-1024x1536.jpg\" data-width=\"1024\" data-height=\"1536\" aria-label=\"Braut und Br\u00e4utigam schneiden gemeinsam eine dekorierte Hochzeitstorte an ihrer Hochzeit in S\u00fcddeutschland an.\" role=\"img\" ><\/div>\n\t\t\t\t\t\t\t\t\t\t\t\t\t\t<\/div>\n\t\t\t\t\t\t\t<div class=\"e-gallery-item elementor-gallery-item elementor-animated-content\">\n\t\t\t\t\t<div class=\"e-gallery-image elementor-gallery-item__image\" data-thumbnail=\"https:\/\/stephanie-wedding.com\/wp-content\/uploads\/2026\/02\/stephanie-weddings-hochzeitsplanerin-in-den-bergen-16-1024x1536.jpg\" data-width=\"1024\" data-height=\"1536\" aria-label=\"Braut und Br\u00e4utigam l\u00e4cheln unter einem Blumenbogen auf einem Balkon mit Bergblick - eine unvergessliche Hochzeit in S\u00fcddeutschland.\" role=\"img\" ><\/div>\n\t\t\t\t\t\t\t\t\t\t\t\t\t\t<\/div>\n\t\t\t\t\t\t\t<div class=\"e-gallery-item elementor-gallery-item elementor-animated-content\">\n\t\t\t\t\t<div class=\"e-gallery-image elementor-gallery-item__image\" data-thumbnail=\"https:\/\/stephanie-wedding.com\/wp-content\/uploads\/2026\/02\/stephanie-weddings-hochzeitsplanerin-in-den-bergen-36-1024x1536.jpg\" data-width=\"1024\" data-height=\"1536\" aria-label=\"Elegante wei\u00dfe Hochzeitskartenbox mit Hochzeitspost-Text, Glasseiten und Goldgriff auf einem Holztablett - perfekt f\u00fcr jede Hochzeitsplanerin in S\u00fcddeutschland oder \u00d6sterreich, die eine stilvolle Dekoration sucht.\" role=\"img\" ><\/div>\n\t\t\t\t\t\t\t\t\t\t\t\t\t\t<\/div>\n\t\t\t\t\t\t\t<div class=\"e-gallery-item elementor-gallery-item elementor-animated-content\">\n\t\t\t\t\t<div class=\"e-gallery-image elementor-gallery-item__image\" data-thumbnail=\"https:\/\/stephanie-wedding.com\/wp-content\/uploads\/2026\/02\/stephanie-weddings-hochzeitsplanerin-in-den-bergen-37-1024x1536.jpg\" data-width=\"1024\" data-height=\"1536\" aria-label=\"Eine Braut, die einen Blumenstrau\u00df h\u00e4lt, l\u00e4chelt, w\u00e4hrend sie mit einem \u00e4lteren Mann in einer Kirche bei einer sch\u00f6nen Hochzeit in S\u00fcddeutschland zum Altar schreitet.\" role=\"img\" ><\/div>\n\t\t\t\t\t\t\t\t\t\t\t\t\t\t<\/div>\n\t\t\t\t\t\t\t<div class=\"e-gallery-item elementor-gallery-item elementor-animated-content\">\n\t\t\t\t\t<div class=\"e-gallery-image elementor-gallery-item__image\" data-thumbnail=\"https:\/\/stephanie-wedding.com\/wp-content\/uploads\/2026\/02\/stephanie-weddings-hochzeitsplanerin-in-den-bergen-33-1024x1536.jpg\" data-width=\"1024\" data-height=\"1536\" aria-label=\"Eine l\u00e4chelnde Braut sitzt an einem geschm\u00fcckten Tisch und h\u00e4lt ein Getr\u00e4nk in der Hand, w\u00e4hrend eine Hochzeitsplanerin neben ihr Wein auf einer lebhaften Hochzeit in S\u00fcddeutschland serviert.\" role=\"img\" ><\/div>\n\t\t\t\t\t\t\t\t\t\t\t\t\t\t<\/div>\n\t\t\t\t\t\t\t<div class=\"e-gallery-item elementor-gallery-item elementor-animated-content\">\n\t\t\t\t\t<div class=\"e-gallery-image elementor-gallery-item__image\" data-thumbnail=\"https:\/\/stephanie-wedding.com\/wp-content\/uploads\/2026\/02\/stephanie-weddings-hochzeitsplanerin-in-den-bergen-30-1024x1536.jpg\" data-width=\"1024\" data-height=\"1536\" aria-label=\"Die Braut im Hochzeitskleid steht auf einem Holzbalkon in \u00d6sterreich, h\u00e4lt ihren Brautstrau\u00df hoch und schaut nach oben. Ein zeitloses schwarz-wei\u00df Hochzeitsfoto, das die Freude des Augenblicks einf\u00e4ngt - die perfekte Inspiration f\u00fcr Ihre Hochzeitsplanerin.\" role=\"img\" ><\/div>\n\t\t\t\t\t\t\t\t\t\t\t\t\t\t<\/div>\n\t\t\t\t\t<\/div>\n\t\t\t\t\t<\/div>\n\t\t\t\t<\/div>\n\t\t\t\t<\/div>\n\t\t<div class=\"elementor-element elementor-element-55504a6 e-con-full e-flex e-con e-child\" data-id=\"55504a6\" data-element_type=\"container\" data-e-type=\"container\">\n\t\t\t\t<div class=\"elementor-element elementor-element-b94a60a elementor-widget elementor-widget-heading\" data-id=\"b94a60a\" data-element_type=\"widget\" data-e-type=\"widget\" data-widget_type=\"heading.default\">\n\t\t\t\t<div class=\"elementor-widget-container\">\n\t\t\t\t\t<h2 class=\"elementor-heading-title elementor-size-default\">Een onvergetelijk huwelijksweekend in de Alpen<\/h2>\t\t\t\t<\/div>\n\t\t\t\t<\/div>\n\t\t<div class=\"elementor-element elementor-element-94f9ea1 e-grid e-con-full e-con e-child\" data-id=\"94f9ea1\" data-element_type=\"container\" data-e-type=\"container\">\n\t\t\t\t<div class=\"elementor-element elementor-element-b7e9031 elementor-widget elementor-widget-text-editor\" data-id=\"b7e9031\" data-element_type=\"widget\" data-e-type=\"widget\" data-widget_type=\"text-editor.default\">\n\t\t\t\t<div class=\"elementor-widget-container\">\n\t\t\t\t\t\t\t\t\t<p>Een weekend dat van begin tot eind straalde van liefde, gelach en adembenemende momenten. De bruiloft van dit buitengewone bruidspaar vond plaats op de Lisa Alm in Flachau - een rustieke, moderne alpenweide in het Salzburger Land, die met zijn exclusieve en unieke sfeer het perfecte decor vormde voor deze speciale dag.<\/p><p>Het feestelijke weekend begon op vrijdag met een gezellig samenzijn in Hotel Lisa, waar de gasten werden getrakteerd op een stevige snack en al het gevoel hadden van een grote familie. De huwelijksceremonie vond plaats in de idyllische Mari\u00e4 Empf\u00e4ngnis parochiekerk in Flachau, en de vreugde was voelbaar toen het bruidspaar hun geloften uitsprak. Ze hadden elkaar het jaar daarvoor al het jawoord gegeven tijdens een kleine burgerlijke ceremonie, maar het grote feest zou op deze dag volgen.<\/p><p>Na de ceremonie reisden de bruid en bruidegom naar de prachtige locatie in een nostalgische oude VW-bus, terwijl de gasten comfortabel in bussen naar de Lisa Alm werden vervoerd - een praktische oplossing, aangezien locaties in de bergen vaak slechts beperkte parkeermogelijkheden bieden. Daar aangekomen werden de gasten begroet met een verfrissende champagnereceptie bij schitterend weer en de klanken van een saxofonist die voor de perfecte muzikale achtergrond zorgde.<\/p>\t\t\t\t\t\t\t\t<\/div>\n\t\t\t\t<\/div>\n\t\t\t\t<div class=\"elementor-element elementor-element-dec7b7a elementor-widget elementor-widget-text-editor\" data-id=\"dec7b7a\" data-element_type=\"widget\" data-e-type=\"widget\" data-widget_type=\"text-editor.default\">\n\t\t\t\t<div class=\"elementor-widget-container\">\n\t\t\t\t\t\t\t\t\t<p>Verveling was absoluut een vreemd woord op deze dag: het bruidspaar had een aantal vermakelijke activiteiten bedacht, waaronder spijker slaan, blik gooien en zaklopen - zodat alle gasten gegarandeerd bezig en vermaakt waren. Een prachtige fotoplek zorgde voor onvergetelijke herinneringen aan de dag. Niemand merkte dat de bruid en bruidegom even uit de feestelijkheden verdwenen voor een fotoshoot - een moment van rust voordat alles weer verder ging.<\/p><p>Het bruiloftsdiner was een waar feestmaal, waarbij de gasten ook voor de nodige lachsalvo's zorgden met humoristische intermezzo's. Daarna begon het uitbundige feest met een DJ en saxofonist, die samen de dansvloer aan het schudden kregen - tot in de vroege uurtjes op een feest met een open einde.<\/p><p>En voor het geval het feest een beetje te intens was, vonden de gasten na het feest liefdevol samengestelde katerpakketten in hun kamers, klaar voor de volgende dag. Het weekend werd afgesloten met een ontspannen brunch in Hotel Lisa, waar de gasten proostten op deze prachtige dag en het onvergetelijke trouwweekend.<\/p>\t\t\t\t\t\t\t\t<\/div>\n\t\t\t\t<\/div>\n\t\t\t\t<\/div>\n\t\t\t\t<\/div>\n\t\t\t\t<\/div>\n\t\t\t\t<\/div>","protected":false},"excerpt":{"rendered":"<p>Sabrina &amp; Andreas Ein unvergessliches Hochzeitswochen&shy;ende in den Alpen Ein Wochenende, das von Anfang bis Ende in einem Zauber aus Liebe, Lachen und atemberaubenden Momenten erstrahlte. Die Hochzeit dieses au\u00dfergew\u00f6hnlichen Brautpaares fand auf der Lisa Alm in Flachau statt \u2013 einer rustikalen, modernen Alm im Salzburger Land, die mit ihrer exklusiven und einzigartigen Atmosph\u00e4re die [&hellip;]<\/p>\n","protected":false},"author":4,"featured_media":0,"parent":0,"menu_order":0,"comment_status":"closed","ping_status":"closed","template":"elementor_header_footer","meta":{"footnotes":""},"class_list":["post-5061","page","type-page","status-publish","hentry"],"_links":{"self":[{"href":"https:\/\/stephanie-wedding.com\/nl\/wp-json\/wp\/v2\/pages\/5061","targetHints":{"allow":["GET"]}}],"collection":[{"href":"https:\/\/stephanie-wedding.com\/nl\/wp-json\/wp\/v2\/pages"}],"about":[{"href":"https:\/\/stephanie-wedding.com\/nl\/wp-json\/wp\/v2\/types\/page"}],"author":[{"embeddable":true,"href":"https:\/\/stephanie-wedding.com\/nl\/wp-json\/wp\/v2\/users\/4"}],"replies":[{"embeddable":true,"href":"https:\/\/stephanie-wedding.com\/nl\/wp-json\/wp\/v2\/comments?post=5061"}],"version-history":[{"count":10,"href":"https:\/\/stephanie-wedding.com\/nl\/wp-json\/wp\/v2\/pages\/5061\/revisions"}],"predecessor-version":[{"id":6162,"href":"https:\/\/stephanie-wedding.com\/nl\/wp-json\/wp\/v2\/pages\/5061\/revisions\/6162"}],"wp:attachment":[{"href":"https:\/\/stephanie-wedding.com\/nl\/wp-json\/wp\/v2\/media?parent=5061"}],"curies":[{"name":"wp","href":"https:\/\/api.w.org\/{rel}","templated":true}]}}