{"id":5059,"date":"2026-01-08T15:13:38","date_gmt":"2026-01-08T14:13:38","guid":{"rendered":"https:\/\/stephanie-wedding.com\/?page_id=5059"},"modified":"2026-02-18T14:47:28","modified_gmt":"2026-02-18T13:47:28","slug":"stephanie-en-chris","status":"publish","type":"page","link":"https:\/\/stephanie-wedding.com\/nl\/stephanie-und-chris\/","title":{"rendered":"Stephanie und Chris"},"content":{"rendered":"<div data-elementor-type=\"wp-page\" data-elementor-id=\"5059\" class=\"elementor elementor-5059\" data-elementor-post-type=\"page\">\n\t\t\t\t<div class=\"elementor-element elementor-element-e896b00 e-con-full e-flex e-con e-parent\" data-id=\"e896b00\" data-element_type=\"container\" data-e-type=\"container\" data-settings=\"{&quot;background_background&quot;:&quot;classic&quot;}\">\n\t\t\t\t<div class=\"elementor-element elementor-element-8eaf075 elementor-widget elementor-widget-heading\" data-id=\"8eaf075\" data-element_type=\"widget\" data-e-type=\"widget\" data-widget_type=\"heading.default\">\n\t\t\t\t<div class=\"elementor-widget-container\">\n\t\t\t\t\t<h1 class=\"elementor-heading-title elementor-size-default\">Stephanie &amp; Chris\n<\/h1>\t\t\t\t<\/div>\n\t\t\t\t<\/div>\n\t\t\t\t<\/div>\n\t\t<div class=\"elementor-element elementor-element-8ebe32c e-con-full e-flex e-con e-parent\" data-id=\"8ebe32c\" data-element_type=\"container\" data-e-type=\"container\" data-settings=\"{&quot;background_background&quot;:&quot;classic&quot;}\">\n\t\t<div class=\"elementor-element elementor-element-af2fc53 e-con-full e-flex e-con e-child\" data-id=\"af2fc53\" data-element_type=\"container\" data-e-type=\"container\">\n\t\t\t\t<div class=\"elementor-element elementor-element-d3733fd elementor-widget elementor-widget-gallery\" data-id=\"d3733fd\" data-element_type=\"widget\" data-e-type=\"widget\" data-settings=\"{&quot;columns&quot;:3,&quot;aspect_ratio&quot;:&quot;1:1&quot;,&quot;columns_tablet&quot;:3,&quot;columns_mobile&quot;:3,&quot;lazyload&quot;:&quot;yes&quot;,&quot;gallery_layout&quot;:&quot;grid&quot;,&quot;gap&quot;:{&quot;unit&quot;:&quot;px&quot;,&quot;size&quot;:10,&quot;sizes&quot;:[]},&quot;gap_tablet&quot;:{&quot;unit&quot;:&quot;px&quot;,&quot;size&quot;:10,&quot;sizes&quot;:[]},&quot;gap_mobile&quot;:{&quot;unit&quot;:&quot;px&quot;,&quot;size&quot;:10,&quot;sizes&quot;:[]},&quot;content_hover_animation&quot;:&quot;fade-in&quot;}\" data-widget_type=\"gallery.default\">\n\t\t\t\t<div class=\"elementor-widget-container\">\n\t\t\t\t\t\t\t<div class=\"elementor-gallery__container\">\n\t\t\t\t\t\t\t<div class=\"e-gallery-item elementor-gallery-item elementor-animated-content\">\n\t\t\t\t\t<div class=\"e-gallery-image elementor-gallery-item__image\" data-thumbnail=\"https:\/\/stephanie-wedding.com\/wp-content\/uploads\/2026\/01\/stephanie-weddings-hochzeitsplanerin-zell-am-see-10-1536x1024.jpg\" data-width=\"1536\" data-height=\"1024\" aria-label=\"Vier Frauen in f\u00f6rmlicher Kleidung, die m\u00f6glicherweise mit einer Hochzeitsplanerin aus S\u00fcddeutschland oder \u00d6sterreich feiern, stehen l\u00e4chelnd und mit Wei\u00dfweingl\u00e4sern in der Hand in einem Innenraum an einem Fenster.\" role=\"img\" ><\/div>\n\t\t\t\t\t\t\t\t\t\t\t\t\t\t<\/div>\n\t\t\t\t\t\t\t<div class=\"e-gallery-item elementor-gallery-item elementor-animated-content\">\n\t\t\t\t\t<div class=\"e-gallery-image elementor-gallery-item__image\" data-thumbnail=\"https:\/\/stephanie-wedding.com\/wp-content\/uploads\/2026\/01\/stephanie-weddings-hochzeitsplanerin-zell-am-see-9-1024x1536.jpg\" data-width=\"1024\" data-height=\"1536\" aria-label=\"Eine l\u00e4chelnde Braut in einem wei\u00dfen Kleid h\u00e4lt einen Strau\u00df wei\u00dfer Blumen und Gr\u00fcnzeug auf einem Holzbalkon, bereit, ihre Hochzeit in \u00d6sterreich zu feiern.\" role=\"img\" ><\/div>\n\t\t\t\t\t\t\t\t\t\t\t\t\t\t<\/div>\n\t\t\t\t\t\t\t<div class=\"e-gallery-item elementor-gallery-item elementor-animated-content\">\n\t\t\t\t\t<div class=\"e-gallery-image elementor-gallery-item__image\" data-thumbnail=\"https:\/\/stephanie-wedding.com\/wp-content\/uploads\/2026\/01\/stephanie-weddings-hochzeitsplanerin-zell-am-see-8-1536x1024.jpg\" data-width=\"1536\" data-height=\"1024\" aria-label=\"Zwei M\u00e4nner in Anz\u00fcgen; der eine steckt dem anderen eine Boutonni\u00e8re an die Jacke, w\u00e4hrend sie l\u00e4cheln. Sie halten einen fr\u00f6hlichen Moment auf einer von einer Hochzeitsplanerin organisierten Veranstaltung in S\u00fcddeutschland fest.\" role=\"img\" ><\/div>\n\t\t\t\t\t\t\t\t\t\t\t\t\t\t<\/div>\n\t\t\t\t\t\t\t<div class=\"e-gallery-item elementor-gallery-item elementor-animated-content\">\n\t\t\t\t\t<div class=\"e-gallery-image elementor-gallery-item__image\" data-thumbnail=\"https:\/\/stephanie-wedding.com\/wp-content\/uploads\/2026\/02\/stephanie-weddings-hochzeitsplanerin-zell-am-see-22-1024x1536.jpg\" data-width=\"1024\" data-height=\"1536\" aria-label=\"Die Braut in einem wei\u00dfen Kleid macht sich bereit, unterst\u00fctzt von zwei Brautjungfern in hellen Kleidern, die gemeinsam l\u00e4cheln und einen freudigen Moment einfangen, der von einer erfahrenen Hochzeitsplanerin in S\u00fcddeutschland geplant wurde.\" role=\"img\" ><\/div>\n\t\t\t\t\t\t\t\t\t\t\t\t\t\t<\/div>\n\t\t\t\t\t\t\t<div class=\"e-gallery-item elementor-gallery-item elementor-animated-content\">\n\t\t\t\t\t<div class=\"e-gallery-image elementor-gallery-item__image\" data-thumbnail=\"https:\/\/stephanie-wedding.com\/wp-content\/uploads\/2026\/01\/stephanie-weddings-hochzeitsplanerin-zell-am-see-7-1024x1536.jpg\" data-width=\"1024\" data-height=\"1536\" aria-label=\"Die Braut im wei\u00dfen Kleid umarmt den Br\u00e4utigam von hinten auf einem h\u00f6lzernen Steg an einem See, umgeben von Gr\u00fcn, und f\u00e4ngt einen magischen Hochzeitsmoment ein, inspiriert von der Romantik S\u00fcddeutschlands und \u00d6sterreichs.\" role=\"img\" ><\/div>\n\t\t\t\t\t\t\t\t\t\t\t\t\t\t<\/div>\n\t\t\t\t\t\t\t<div class=\"e-gallery-item elementor-gallery-item elementor-animated-content\">\n\t\t\t\t\t<div class=\"e-gallery-image elementor-gallery-item__image\" data-thumbnail=\"https:\/\/stephanie-wedding.com\/wp-content\/uploads\/2026\/01\/stephanie-weddings-hochzeitsplanerin-zell-am-see-6-1536x1024.jpg\" data-width=\"1536\" data-height=\"1024\" aria-label=\"Die Braut umarmt den Br\u00e4utigam von hinten an einem See in S\u00fcddeutschland, beide l\u00e4cheln; die Braut h\u00e4lt den Blumenstrau\u00df, der Br\u00e4utigam tr\u00e4gt einen marineblauen Anzug. Perfekter Moment eingefangen von einer erfahrenen Hochzeitsplanerin.\" role=\"img\" ><\/div>\n\t\t\t\t\t\t\t\t\t\t\t\t\t\t<\/div>\n\t\t\t\t\t\t\t<div class=\"e-gallery-item elementor-gallery-item elementor-animated-content\">\n\t\t\t\t\t<div class=\"e-gallery-image elementor-gallery-item__image\" data-thumbnail=\"https:\/\/stephanie-wedding.com\/wp-content\/uploads\/2026\/01\/stephanie-weddings-hochzeitsplanerin-zell-am-see-3-1536x1024.jpg\" data-width=\"1536\" data-height=\"1024\" aria-label=\"Braut und Br\u00e4utigam l\u00e4cheln, als sie bei ihrer Hochzeit im Freien in \u00d6sterreich gemeinsam eine Hochzeitstorte mit Blumen anschneiden.\" role=\"img\" ><\/div>\n\t\t\t\t\t\t\t\t\t\t\t\t\t\t<\/div>\n\t\t\t\t\t\t\t<div class=\"e-gallery-item elementor-gallery-item elementor-animated-content\">\n\t\t\t\t\t<div class=\"e-gallery-image elementor-gallery-item__image\" data-thumbnail=\"https:\/\/stephanie-wedding.com\/wp-content\/uploads\/2026\/01\/stephanie-weddings-hochzeitsplanerin-zell-am-see-5-1016x1536.jpg\" data-width=\"1016\" data-height=\"1536\" aria-label=\"Braut und Br\u00e4utigam stehen unter einem Blumenbogen an einem Seeufer in S\u00fcddeutschland, umgeben von Bergen und dekorierten St\u00fchlen - perfekt gestylt von einer erfahrenen Hochzeitsplanerin.\" role=\"img\" ><\/div>\n\t\t\t\t\t\t\t\t\t\t\t\t\t\t<\/div>\n\t\t\t\t\t\t\t<div class=\"e-gallery-item elementor-gallery-item elementor-animated-content\">\n\t\t\t\t\t<div class=\"e-gallery-image elementor-gallery-item__image\" data-thumbnail=\"https:\/\/stephanie-wedding.com\/wp-content\/uploads\/2026\/02\/stephanie-weddings-hochzeitsplanerin-zell-am-see-18-1024x1536.jpg\" data-width=\"1024\" data-height=\"1536\" aria-label=\"Een bruid loopt met een oudere man over een gang buiten tijdens een prachtige bruiloft in Oostenrijk, terwijl gasten in de buurt zitten en een groot gebouw op de achtergrond te zien is.\" role=\"img\" ><\/div>\n\t\t\t\t\t\t\t\t\t\t\t\t\t\t<\/div>\n\t\t\t\t\t\t\t<div class=\"e-gallery-item elementor-gallery-item elementor-animated-content\">\n\t\t\t\t\t<div class=\"e-gallery-image elementor-gallery-item__image\" data-thumbnail=\"https:\/\/stephanie-wedding.com\/wp-content\/uploads\/2026\/01\/stephanie-weddings-hochzeitsplanerin-zell-am-see-2-1536x1024.jpg\" data-width=\"1536\" data-height=\"1024\" aria-label=\"Braut und Br\u00e4utigam stehen an einem Blumenbogen auf einer Seeterrasse in S\u00fcddeutschland, mit majest\u00e4tischen Bergen und G\u00e4sten im Hintergrund, wundersch\u00f6n arrangiert von ihrer Hochzeitsplanerin.\" role=\"img\" ><\/div>\n\t\t\t\t\t\t\t\t\t\t\t\t\t\t<\/div>\n\t\t\t\t\t\t\t<div class=\"e-gallery-item elementor-gallery-item elementor-animated-content\">\n\t\t\t\t\t<div class=\"e-gallery-image elementor-gallery-item__image\" data-thumbnail=\"https:\/\/stephanie-wedding.com\/wp-content\/uploads\/2026\/02\/stephanie-weddings-hochzeitsplanerin-zell-am-see-21-1024x1536.jpg\" data-width=\"1024\" data-height=\"1536\" aria-label=\"Eine Braut in wei\u00dfem Kleid und Schleier steht hinter ihrem Br\u00e4utigam an einem See in \u00d6sterreich und ber\u00fchrt seine Schulter am Tag ihrer Hochzeit.\" role=\"img\" ><\/div>\n\t\t\t\t\t\t\t\t\t\t\t\t\t\t<\/div>\n\t\t\t\t\t\t\t<div class=\"e-gallery-item elementor-gallery-item elementor-animated-content\">\n\t\t\t\t\t<div class=\"e-gallery-image elementor-gallery-item__image\" data-thumbnail=\"https:\/\/stephanie-wedding.com\/wp-content\/uploads\/2026\/02\/stephanie-weddings-hochzeitsplanerin-zell-am-see-20-1024x1536.jpg\" data-width=\"1024\" data-height=\"1536\" aria-label=\"Braut und Br\u00e4utigam stehen R\u00fccken an R\u00fccken auf einem Steg am See in \u00d6sterreich, halten sich an den H\u00e4nden und l\u00e4cheln, mit den Bergen im Hintergrund - ein perfekter Moment f\u00fcr jede Hochzeitsplanerin und jedes Paar aus S\u00fcddeutschland.\" role=\"img\" ><\/div>\n\t\t\t\t\t\t\t\t\t\t\t\t\t\t<\/div>\n\t\t\t\t\t\t\t<div class=\"e-gallery-item elementor-gallery-item elementor-animated-content\">\n\t\t\t\t\t<div class=\"e-gallery-image elementor-gallery-item__image\" data-thumbnail=\"https:\/\/stephanie-wedding.com\/wp-content\/uploads\/2026\/02\/stephanie-weddings-hochzeitsplanerin-zell-am-see-14-1024x1536.jpg\" data-width=\"1024\" data-height=\"1536\" aria-label=\"Hochzeitssitzplan f\u00fcr Ihre Hochzeit in S\u00fcddeutschland, sch\u00f6n dekoriert mit Pfirsichbl\u00fcten und Gr\u00fcnzeug, mit den Namen der G\u00e4ste auf eleganten wei\u00dfen Karten.\" role=\"img\" ><\/div>\n\t\t\t\t\t\t\t\t\t\t\t\t\t\t<\/div>\n\t\t\t\t\t\t\t<div class=\"e-gallery-item elementor-gallery-item elementor-animated-content\">\n\t\t\t\t\t<div class=\"e-gallery-image elementor-gallery-item__image\" data-thumbnail=\"https:\/\/stephanie-wedding.com\/wp-content\/uploads\/2026\/02\/stephanie-weddings-hochzeitsplanerin-zell-am-see-19-1024x1536.jpg\" data-width=\"1024\" data-height=\"1536\" aria-label=\"Ein Mann im Anzug l\u00e4chelt, w\u00e4hrend er bei einer Hochzeitsfeier in S\u00fcddeutschland im Freien spazieren geht, w\u00e4hrend die G\u00e4ste im Hintergrund sitzen - perfekt geplant von einer erfahrenen Hochzeitsplanerin.\" role=\"img\" ><\/div>\n\t\t\t\t\t\t\t\t\t\t\t\t\t\t<\/div>\n\t\t\t\t\t\t\t<div class=\"e-gallery-item elementor-gallery-item elementor-animated-content\">\n\t\t\t\t\t<div class=\"e-gallery-image elementor-gallery-item__image\" data-thumbnail=\"https:\/\/stephanie-wedding.com\/wp-content\/uploads\/2026\/01\/stephanie-weddings-hochzeitsplanerin-zell-am-see-4-1536x1024.jpg\" data-width=\"1536\" data-height=\"1024\" aria-label=\"Braut und Br\u00e4utigam halten sich an den H\u00e4nden und gehen durch einen mit Blumen geschm\u00fcckten Hochzeitsbogen am See - perfekt f\u00fcr eine unvergessliche Hochzeit in \u00d6sterreich, liebevoll gestaltet von einer erfahrenen Hochzeitsplanerin.\" role=\"img\" ><\/div>\n\t\t\t\t\t\t\t\t\t\t\t\t\t\t<\/div>\n\t\t\t\t\t\t\t<div class=\"e-gallery-item elementor-gallery-item elementor-animated-content\">\n\t\t\t\t\t<div class=\"e-gallery-image elementor-gallery-item__image\" data-thumbnail=\"https:\/\/stephanie-wedding.com\/wp-content\/uploads\/2026\/02\/stephanie-weddings-hochzeitsplanerin-zell-am-see-17-1024x1536.jpg\" data-width=\"1024\" data-height=\"1536\" aria-label=\"Ein Paar sitzt dem Trauzeugen unter einem Blumenbogen an einem See in S\u00fcddeutschland gegen\u00fcber, w\u00e4hrend sich im Hintergrund die Berge erheben - eine unvergessliche Hochzeitskulisse.\" role=\"img\" ><\/div>\n\t\t\t\t\t\t\t\t\t\t\t\t\t\t<\/div>\n\t\t\t\t\t\t\t<div class=\"e-gallery-item elementor-gallery-item elementor-animated-content\">\n\t\t\t\t\t<div class=\"e-gallery-image elementor-gallery-item__image\" data-thumbnail=\"https:\/\/stephanie-wedding.com\/wp-content\/uploads\/2026\/02\/stephanie-weddings-hochzeitsplanerin-zell-am-see-11-1029x1536.jpg\" data-width=\"1029\" data-height=\"1536\" aria-label=\"Braut und Br\u00e4utigam l\u00e4chelnd beim Anschneiden einer dreist\u00f6ckigen, mit Blumen verzierten Hochzeitstorte bei ihrer Hochzeit in \u00d6sterreich.\" role=\"img\" ><\/div>\n\t\t\t\t\t\t\t\t\t\t\t\t\t\t<\/div>\n\t\t\t\t\t\t\t<div class=\"e-gallery-item elementor-gallery-item elementor-animated-content\">\n\t\t\t\t\t<div class=\"e-gallery-image elementor-gallery-item__image\" data-thumbnail=\"https:\/\/stephanie-wedding.com\/wp-content\/uploads\/2026\/02\/stephanie-weddings-hochzeitsplanerin-zell-am-see-13-1024x1536.jpg\" data-width=\"1024\" data-height=\"1536\" aria-label=\"Die Braut im wei\u00dfen Kleid sitzt l\u00e4chelnd auf einem Steg am Seeufer, mit Bergen und Blumen im Hintergrund - die perfekte Inspiration f\u00fcr eine Hochzeitsplanerin, die Traumhochzeiten in S\u00fcddeutschland oder \u00d6sterreich plant.\" role=\"img\" ><\/div>\n\t\t\t\t\t\t\t\t\t\t\t\t\t\t<\/div>\n\t\t\t\t\t\t\t<div class=\"e-gallery-item elementor-gallery-item elementor-animated-content\">\n\t\t\t\t\t<div class=\"e-gallery-image elementor-gallery-item__image\" data-thumbnail=\"https:\/\/stephanie-wedding.com\/wp-content\/uploads\/2026\/02\/stephanie-weddings-hochzeitsplanerin-zell-am-see-12-1024x1536.jpg\" data-width=\"1024\" data-height=\"1536\" aria-label=\"Braut und Br\u00e4utigam l\u00e4chelnd und eng umschlungen am Wasser, die Berge im Hintergrund - ein unvergesslicher Moment, eingefangen in S\u00fcddeutschland, perfekt f\u00fcr Paare, die Inspiration bei einer erfahrenen Hochzeitsplanerin suchen.\" role=\"img\" ><\/div>\n\t\t\t\t\t\t\t\t\t\t\t\t\t\t<\/div>\n\t\t\t\t\t\t\t<div class=\"e-gallery-item elementor-gallery-item elementor-animated-content\">\n\t\t\t\t\t<div class=\"e-gallery-image elementor-gallery-item__image\" data-thumbnail=\"https:\/\/stephanie-wedding.com\/wp-content\/uploads\/2026\/02\/stephanie-weddings-hochzeitsplanerin-zell-am-see-15-1024x1536.jpg\" data-width=\"1024\" data-height=\"1536\" aria-label=\"Eine rustikale Hochzeitstorte mit Blumen und Macarons; hergestellt von einer erfahrenen Hochzeitsplanerin in S\u00fcddeutschland, w\u00e4hrend die Braut und die G\u00e4ste im Hintergrund verschwommen sind.\" role=\"img\" ><\/div>\n\t\t\t\t\t\t\t\t\t\t\t\t\t\t<\/div>\n\t\t\t\t\t\t\t<div class=\"e-gallery-item elementor-gallery-item elementor-animated-content\">\n\t\t\t\t\t<div class=\"e-gallery-image elementor-gallery-item__image\" data-thumbnail=\"https:\/\/stephanie-wedding.com\/wp-content\/uploads\/2026\/02\/stephanie-weddings-hochzeitsplanerin-zell-am-see-16-1024x1536.jpg\" data-width=\"1024\" data-height=\"1536\" aria-label=\"Braut und Br\u00e4utigam stehen unter einem Blumenbogen an einem See mit Bergen im Hintergrund an einem sonnigen Hochzeitstag in S\u00fcddeutschland.\" role=\"img\" ><\/div>\n\t\t\t\t\t\t\t\t\t\t\t\t\t\t<\/div>\n\t\t\t\t\t\t\t<div class=\"e-gallery-item elementor-gallery-item elementor-animated-content\">\n\t\t\t\t\t<div class=\"e-gallery-image elementor-gallery-item__image\" data-thumbnail=\"https:\/\/stephanie-wedding.com\/wp-content\/uploads\/2026\/02\/stephanie-weddings-hochzeitsplanerin-zell-am-see-24-1024x1536.jpg\" data-width=\"1024\" data-height=\"1536\" aria-label=\"Eine Braut in einem wei\u00dfen Kleid und mit Blumen in der Hand steht l\u00e4chelnd neben einem \u00e4lteren Mann in einem schwarzen Anzug im Freien und h\u00e4lt einen fr\u00f6hlichen Hochzeitsmoment in \u00d6sterreich fest.\" role=\"img\" ><\/div>\n\t\t\t\t\t\t\t\t\t\t\t\t\t\t<\/div>\n\t\t\t\t\t\t\t<div class=\"e-gallery-item elementor-gallery-item elementor-animated-content\">\n\t\t\t\t\t<div class=\"e-gallery-image elementor-gallery-item__image\" data-thumbnail=\"https:\/\/stephanie-wedding.com\/wp-content\/uploads\/2026\/02\/stephanie-weddings-hochzeitsplanerin-zell-am-see-25-1024x1536.jpg\" data-width=\"1024\" data-height=\"1536\" aria-label=\"Eine Braut in einem wei\u00dfen Kleid h\u00e4lt einen Blumenstrau\u00df und l\u00e4chelt an einem See, mit majest\u00e4tischen Bergen im Hintergrund - die perfekte Kulisse f\u00fcr eine Hochzeit in S\u00fcddeutschland.\" role=\"img\" ><\/div>\n\t\t\t\t\t\t\t\t\t\t\t\t\t\t<\/div>\n\t\t\t\t\t\t\t<div class=\"e-gallery-item elementor-gallery-item elementor-animated-content\">\n\t\t\t\t\t<div class=\"e-gallery-image elementor-gallery-item__image\" data-thumbnail=\"https:\/\/stephanie-wedding.com\/wp-content\/uploads\/2026\/02\/stephanie-weddings-hochzeitsplanerin-zell-am-see-29-1024x1536.jpg\" data-width=\"1024\" data-height=\"1536\" aria-label=\"Elegant gedeckter Tisch f\u00fcr eine Hochzeit in S\u00fcddeutschland mit Blumen, Kerzen, Tellern und Besteck auf einem Holztisch.\" role=\"img\" ><\/div>\n\t\t\t\t\t\t\t\t\t\t\t\t\t\t<\/div>\n\t\t\t\t\t\t\t<div class=\"e-gallery-item elementor-gallery-item elementor-animated-content\">\n\t\t\t\t\t<div class=\"e-gallery-image elementor-gallery-item__image\" data-thumbnail=\"https:\/\/stephanie-wedding.com\/wp-content\/uploads\/2026\/02\/stephanie-weddings-hochzeitsplanerin-zell-am-see-26-1024x1536.jpg\" data-width=\"1024\" data-height=\"1536\" aria-label=\"Ein Mann in einem schwarzen Anzug steht l\u00e4chelnd auf einem h\u00f6lzernen Steg an einem See, mit Bergen im Hintergrund - perfekt f\u00fcr eine unvergessliche Hochzeit in \u00d6sterreich oder S\u00fcddeutschland.\" role=\"img\" ><\/div>\n\t\t\t\t\t\t\t\t\t\t\t\t\t\t<\/div>\n\t\t\t\t\t\t\t<div class=\"e-gallery-item elementor-gallery-item elementor-animated-content\">\n\t\t\t\t\t<div class=\"e-gallery-image elementor-gallery-item__image\" data-thumbnail=\"https:\/\/stephanie-wedding.com\/wp-content\/uploads\/2026\/02\/stephanie-weddings-hochzeitsplanerin-zell-am-see-27-1024x1536.jpg\" data-width=\"1024\" data-height=\"1536\" aria-label=\"Braut und Br\u00e4utigam umarmen sich im Freien, l\u00e4cheln sanft, mit majest\u00e4tischen Bergen und Himmel im Hintergrund - perfekt f\u00fcr eine Hochzeit in \u00d6sterreich oder S\u00fcddeutschland.\" role=\"img\" ><\/div>\n\t\t\t\t\t\t\t\t\t\t\t\t\t\t<\/div>\n\t\t\t\t\t\t\t<div class=\"e-gallery-item elementor-gallery-item elementor-animated-content\">\n\t\t\t\t\t<div class=\"e-gallery-image elementor-gallery-item__image\" data-thumbnail=\"https:\/\/stephanie-wedding.com\/wp-content\/uploads\/2026\/02\/stephanie-weddings-hochzeitsplanerin-zell-am-see-28-1024x1536.jpg\" data-width=\"1024\" data-height=\"1536\" aria-label=\"Eine Papierliste mit der Aufschrift Tisch 1 mit zw\u00f6lf Namen in einer Spalte unter Gr\u00fcnzeug - perfekt f\u00fcr eine Hochzeitsplanerin in S\u00fcddeutschland oder \u00d6sterreich.\" role=\"img\" ><\/div>\n\t\t\t\t\t\t\t\t\t\t\t\t\t\t<\/div>\n\t\t\t\t\t<\/div>\n\t\t\t\t\t<\/div>\n\t\t\t\t<\/div>\n\t\t\t\t<\/div>\n\t\t<div class=\"elementor-element elementor-element-3cc1e5e e-con-full e-flex e-con e-child\" data-id=\"3cc1e5e\" data-element_type=\"container\" data-e-type=\"container\">\n\t\t\t\t<div class=\"elementor-element elementor-element-9f63399 elementor-widget elementor-widget-heading\" data-id=\"9f63399\" data-element_type=\"widget\" data-e-type=\"widget\" data-widget_type=\"heading.default\">\n\t\t\t\t<div class=\"elementor-widget-container\">\n\t\t\t\t\t<h2 class=\"elementor-heading-title elementor-size-default\">Een bruiloft in de magie van Zell am See - een onvergetelijke dag in het Seehotel Bellevue<\/h2>\t\t\t\t<\/div>\n\t\t\t\t<\/div>\n\t\t<div class=\"elementor-element elementor-element-48a61bd e-grid e-con-full e-con e-child\" data-id=\"48a61bd\" data-element_type=\"container\" data-e-type=\"container\">\n\t\t\t\t<div class=\"elementor-element elementor-element-edcefe7 elementor-widget elementor-widget-text-editor\" data-id=\"edcefe7\" data-element_type=\"widget\" data-e-type=\"widget\" data-widget_type=\"text-editor.default\">\n\t\t\t\t<div class=\"elementor-widget-container\">\n\t\t\t\t\t\t\t\t\t<p>Wat een magische dag! Een bruiloft in het prachtige Zell am See - de perfecte locatie voor de liefde die tot in elke hoek voelbaar was. De dag begon met een spannende 'getting ready': de bruid en haar bruidsmeisjes werden omgetoverd tot echte prinsessen, terwijl de bruidegom zich met zijn beste vrienden voorbereidde op het grote moment. De spanning was bijna voelbaar, maar tegelijkertijd kon je de anticipatie voelen van wat komen ging.<\/p><p>Het hoogtepunt van de ochtend was de first look. Een moment dat voor altijd herinnerd zal worden. De bruidegom stond nog nietsvermoedend met zijn rug naar zijn bruid toen ze stilletjes van achteren haar armen om hem heen sloeg. Een moment vol emotie, zonder een enkel woord. De eerste keer dat ze elkaar echt ontmoetten, op een moment dat niet in woorden te vatten is - alleen maar liefde en pure magie.<\/p>\t\t\t\t\t\t\t\t<\/div>\n\t\t\t\t<\/div>\n\t\t\t\t<div class=\"elementor-element elementor-element-bfbfc23 elementor-widget elementor-widget-text-editor\" data-id=\"bfbfc23\" data-element_type=\"widget\" data-e-type=\"widget\" data-widget_type=\"text-editor.default\">\n\t\t\t\t<div class=\"elementor-widget-container\">\n\t\t\t\t\t\t\t\t\t<p>De huwelijksceremonie bij het meer was de bekroning van de dag. In de stralende zon en tegen een adembenemende achtergrond zeiden ze \u201eJa, ik wil\u201c - vlak bij het water, omringd door familie en vrienden die dit speciale moment met hen deelden. Het was een onvergetelijk moment vol liefde, geluk en gelach.<\/p><p>Na de ceremonie was het tijd voor het aperitief - een genot begeleid door de muziek van een saxofonist. De bruidstaart was een waar meesterwerk en werd door alle gasten enthousiast gesmaakt. Het fantastische weer lokte sommige gasten zelfs direct het koele meer in - een spontaan moment van vreugde en verfrissing.<\/p><p>De avond eindigde met een elegant diner en de eerste dans van het bruidspaar. De DJ begon te spelen en de dansvloer stroomde al snel vol. De sfeer was uitgelaten, de muziek liet niemand stilstaan en het feest ging door tot in de vroege uurtjes.<\/p>\t\t\t\t\t\t\t\t<\/div>\n\t\t\t\t<\/div>\n\t\t\t\t<\/div>\n\t\t\t\t<\/div>\n\t\t\t\t<\/div>\n\t\t\t\t<\/div>","protected":false},"excerpt":{"rendered":"<p>Stephanie &amp; Chris Eine Hochzeit im Zauber von Zell am See \u2013 Ein unvergesslicher Tag im Seehotel Bellevue Was f\u00fcr ein magischer Tag! Eine Hochzeit am wundersch\u00f6nen Zell am See \u2013 der perfekte Ort f\u00fcr die Liebe, die hier in jeder Ecke sp\u00fcrbar war. Der Tag begann mit aufregendem Getting Ready: Die Braut und ihre [&hellip;]<\/p>\n","protected":false},"author":4,"featured_media":0,"parent":0,"menu_order":0,"comment_status":"closed","ping_status":"closed","template":"elementor_header_footer","meta":{"footnotes":""},"class_list":["post-5059","page","type-page","status-publish","hentry"],"_links":{"self":[{"href":"https:\/\/stephanie-wedding.com\/nl\/wp-json\/wp\/v2\/pages\/5059","targetHints":{"allow":["GET"]}}],"collection":[{"href":"https:\/\/stephanie-wedding.com\/nl\/wp-json\/wp\/v2\/pages"}],"about":[{"href":"https:\/\/stephanie-wedding.com\/nl\/wp-json\/wp\/v2\/types\/page"}],"author":[{"embeddable":true,"href":"https:\/\/stephanie-wedding.com\/nl\/wp-json\/wp\/v2\/users\/4"}],"replies":[{"embeddable":true,"href":"https:\/\/stephanie-wedding.com\/nl\/wp-json\/wp\/v2\/comments?post=5059"}],"version-history":[{"count":10,"href":"https:\/\/stephanie-wedding.com\/nl\/wp-json\/wp\/v2\/pages\/5059\/revisions"}],"predecessor-version":[{"id":6147,"href":"https:\/\/stephanie-wedding.com\/nl\/wp-json\/wp\/v2\/pages\/5059\/revisions\/6147"}],"wp:attachment":[{"href":"https:\/\/stephanie-wedding.com\/nl\/wp-json\/wp\/v2\/media?parent=5059"}],"curies":[{"name":"wp","href":"https:\/\/api.w.org\/{rel}","templated":true}]}}