{"id":4294,"date":"2025-12-02T11:38:33","date_gmt":"2025-12-02T10:38:33","guid":{"rendered":"https:\/\/stephanie-wedding.com\/?page_id=4294"},"modified":"2026-03-25T08:26:43","modified_gmt":"2026-03-25T07:26:43","slug":"manager-trouwdag","status":"publish","type":"page","link":"https:\/\/stephanie-wedding.com\/nl\/wedding-day-manager\/","title":{"rendered":"Manager trouwdag"},"content":{"rendered":"<div data-elementor-type=\"wp-page\" data-elementor-id=\"4294\" class=\"elementor elementor-4294\" data-elementor-post-type=\"page\">\n\t\t\t\t<div class=\"elementor-element elementor-element-c1d5d32 e-con-full e-flex e-con e-parent\" data-id=\"c1d5d32\" data-element_type=\"container\" data-e-type=\"container\" data-settings=\"{&quot;background_background&quot;:&quot;classic&quot;}\">\n\t\t\t\t<div class=\"elementor-element elementor-element-0c0edb0 elementor-widget elementor-widget-heading\" data-id=\"0c0edb0\" data-element_type=\"widget\" data-e-type=\"widget\" data-widget_type=\"heading.default\">\n\t\t\t\t<div class=\"elementor-widget-container\">\n\t\t\t\t\t<h1 class=\"elementor-heading-title elementor-size-default\">Beheer van de trouwdag<\/h1>\t\t\t\t<\/div>\n\t\t\t\t<\/div>\n\t\t\t\t<div class=\"elementor-element elementor-element-c209063 elementor-widget elementor-widget-heading\" data-id=\"c209063\" data-element_type=\"widget\" data-e-type=\"widget\" data-widget_type=\"heading.default\">\n\t\t\t\t<div class=\"elementor-widget-container\">\n\t\t\t\t\t<h4 class=\"elementor-heading-title elementor-size-default\">voor uw ontspannen trouwdag<\/h4>\t\t\t\t<\/div>\n\t\t\t\t<\/div>\n\t\t\t\t<div class=\"elementor-element elementor-element-8994888 elementor-widget elementor-widget-spacer\" data-id=\"8994888\" data-element_type=\"widget\" data-e-type=\"widget\" data-widget_type=\"spacer.default\">\n\t\t\t\t<div class=\"elementor-widget-container\">\n\t\t\t\t\t\t\t<div class=\"elementor-spacer\">\n\t\t\t<div class=\"elementor-spacer-inner\"><\/div>\n\t\t<\/div>\n\t\t\t\t\t\t<\/div>\n\t\t\t\t<\/div>\n\t\t\t\t<div class=\"elementor-element elementor-element-ff21c66 elementor-align-center elementor-widget elementor-widget-global elementor-global-5338 elementor-widget-button\" data-id=\"ff21c66\" data-element_type=\"widget\" data-e-type=\"widget\" data-widget_type=\"button.default\">\n\t\t\t\t<div class=\"elementor-widget-container\">\n\t\t\t\t\t\t\t\t\t<div class=\"elementor-button-wrapper\">\n\t\t\t\t\t<a class=\"elementor-button elementor-button-link elementor-size-sm\" href=\"https:\/\/stephanie-wedding.com\/nl\/kontakt\/\">\n\t\t\t\t\t\t<span class=\"elementor-button-content-wrapper\">\n\t\t\t\t\t\t\t\t\t<span class=\"elementor-button-text\">Eerste gesprek aanvragen<\/span>\n\t\t\t\t\t<\/span>\n\t\t\t\t\t<\/a>\n\t\t\t\t<\/div>\n\t\t\t\t\t\t\t\t<\/div>\n\t\t\t\t<\/div>\n\t\t\t\t<\/div>\n\t\t<div class=\"elementor-element elementor-element-a4d1a6f e-con-full e-flex e-con e-parent\" data-id=\"a4d1a6f\" data-element_type=\"container\" data-e-type=\"container\" data-settings=\"{&quot;background_background&quot;:&quot;classic&quot;}\">\n\t\t<div class=\"elementor-element elementor-element-d154236 e-con-full e-flex e-con e-child\" data-id=\"d154236\" data-element_type=\"container\" data-e-type=\"container\">\n\t\t\t\t<div class=\"elementor-element elementor-element-8a7a93f elementor-widget elementor-widget-gallery\" data-id=\"8a7a93f\" data-element_type=\"widget\" data-e-type=\"widget\" data-settings=\"{&quot;columns&quot;:2,&quot;gap&quot;:{&quot;unit&quot;:&quot;px&quot;,&quot;size&quot;:8,&quot;sizes&quot;:[]},&quot;columns_mobile&quot;:2,&quot;gallery_layout&quot;:&quot;masonry&quot;,&quot;columns_tablet&quot;:2,&quot;gap_tablet&quot;:{&quot;unit&quot;:&quot;px&quot;,&quot;size&quot;:10,&quot;sizes&quot;:[]},&quot;gap_mobile&quot;:{&quot;unit&quot;:&quot;px&quot;,&quot;size&quot;:10,&quot;sizes&quot;:[]},&quot;overlay_background&quot;:&quot;yes&quot;,&quot;content_hover_animation&quot;:&quot;fade-in&quot;}\" data-widget_type=\"gallery.default\">\n\t\t\t\t<div class=\"elementor-widget-container\">\n\t\t\t\t\t\t\t<div class=\"elementor-gallery__container\">\n\t\t\t\t\t\t\t<div class=\"e-gallery-item elementor-gallery-item elementor-animated-content\">\n\t\t\t\t\t<div class=\"e-gallery-image elementor-gallery-item__image\" data-thumbnail=\"https:\/\/stephanie-wedding.com\/wp-content\/uploads\/2025\/12\/stephanie-weddings-hochzeitsplanung-real-wedding10-scaled.jpg\" data-width=\"1709\" data-height=\"2560\" aria-label=\"Bruid en bruidegom in trouwkleding delen een intiem moment en houden een boeket witte rozen vast tijdens hun bruiloft in Zuid-Duitsland.\" role=\"img\" ><\/div>\n\t\t\t\t\t\t\t\t\t\t\t<div class=\"elementor-gallery-item__overlay\"><\/div>\n\t\t\t\t\t\t\t\t\t\t\t\t\t\t<\/div>\n\t\t\t\t\t\t\t<div class=\"e-gallery-item elementor-gallery-item elementor-animated-content\">\n\t\t\t\t\t<div class=\"e-gallery-image elementor-gallery-item__image\" data-thumbnail=\"https:\/\/stephanie-wedding.com\/wp-content\/uploads\/2025\/12\/stephanie-weddings-hochzeitsplanung-real-wedding9-scaled.jpg\" data-width=\"1709\" data-height=\"2560\" aria-label=\"De bruid in een witte kanten jurk met witte rozen in haar hand staat bij een houten reling, nabij een meer \u2013 de perfecte inspiratie voor uw bruiloft in Zuid-Duitsland, zorgvuldig samengesteld door een ervaren weddingplanner.\" role=\"img\" ><\/div>\n\t\t\t\t\t\t\t\t\t\t\t<div class=\"elementor-gallery-item__overlay\"><\/div>\n\t\t\t\t\t\t\t\t\t\t\t\t\t\t<\/div>\n\t\t\t\t\t\t\t<div class=\"e-gallery-item elementor-gallery-item elementor-animated-content\">\n\t\t\t\t\t<div class=\"e-gallery-image elementor-gallery-item__image\" data-thumbnail=\"https:\/\/stephanie-wedding.com\/wp-content\/uploads\/2025\/12\/stephanie-weddings-hochzeitsplanung-real-wedding8-scaled.jpg\" data-width=\"1709\" data-height=\"2560\" aria-label=\"Bruid en bruidegom omhelzen elkaar op een steiger aan een meer in Oostenrijk, de bruid houdt een wit bruidsboeket vast, op de achtergrond de bergen - een perfect huwelijk moment.\" role=\"img\" ><\/div>\n\t\t\t\t\t\t\t\t\t\t\t<div class=\"elementor-gallery-item__overlay\"><\/div>\n\t\t\t\t\t\t\t\t\t\t\t\t\t\t<\/div>\n\t\t\t\t\t\t\t<div class=\"e-gallery-item elementor-gallery-item elementor-animated-content\">\n\t\t\t\t\t<div class=\"e-gallery-image elementor-gallery-item__image\" data-thumbnail=\"https:\/\/stephanie-wedding.com\/wp-content\/uploads\/2025\/12\/stephanie-weddings-hochzeitsplanung-real-wedding7-scaled.jpg\" data-width=\"1709\" data-height=\"2560\" aria-label=\"Een bruidegom in een blauw pak kust zijn bruid in een witte jurk, beiden lachen verheugd buiten tijdens hun bruiloft in Oostenrijk.\" role=\"img\" ><\/div>\n\t\t\t\t\t\t\t\t\t\t\t<div class=\"elementor-gallery-item__overlay\"><\/div>\n\t\t\t\t\t\t\t\t\t\t\t\t\t\t<\/div>\n\t\t\t\t\t<\/div>\n\t\t\t\t\t<\/div>\n\t\t\t\t<\/div>\n\t\t\t\t<\/div>\n\t\t<div class=\"elementor-element elementor-element-5739721 e-con-full e-flex e-con e-child\" data-id=\"5739721\" data-element_type=\"container\" data-e-type=\"container\">\n\t\t\t\t<div class=\"elementor-element elementor-element-fcf5b64 elementor-widget elementor-widget-heading\" data-id=\"fcf5b64\" data-element_type=\"widget\" data-e-type=\"widget\" data-widget_type=\"heading.default\">\n\t\t\t\t<div class=\"elementor-widget-container\">\n\t\t\t\t\t<h2 class=\"elementor-heading-title elementor-size-default\">Wat Wedding Day Management betekent<\/h2>\t\t\t\t<\/div>\n\t\t\t\t<\/div>\n\t\t\t\t<div class=\"elementor-element elementor-element-5a9291e elementor-widget elementor-widget-heading\" data-id=\"5a9291e\" data-element_type=\"widget\" data-e-type=\"widget\" data-widget_type=\"heading.default\">\n\t\t\t\t<div class=\"elementor-widget-container\">\n\t\t\t\t\t<h3 class=\"elementor-heading-title elementor-size-default\">Professionele co\u00f6rdinatie op de trouwdag - aanwezig op de achtergrond, betrouwbaar in het proces<\/h3>\t\t\t\t<\/div>\n\t\t\t\t<\/div>\n\t\t\t\t<div class=\"elementor-element elementor-element-dbe67ef elementor-widget elementor-widget-text-editor\" data-id=\"dbe67ef\" data-element_type=\"widget\" data-e-type=\"widget\" data-widget_type=\"text-editor.default\">\n\t\t\t\t<div class=\"elementor-widget-container\">\n\t\t\t\t\t\t\t\t\t<p data-start=\"553\" data-end=\"721\">Wedding Day Management is bedoeld voor bruidsparen die hun bruiloft zelf hebben gepland, maar de trouwdag willen overlaten aan professionals.<\/p><p data-start=\"723\" data-end=\"973\">Ik zorg voor de co\u00f6rdinatie van alle processen en dienstverleners op locatie en zorg ervoor dat het geplande programma soepel wordt uitgevoerd. Je kunt je concentreren op je dag - zonder organisatorische taken of co\u00f6rdinatie op de achtergrond.<\/p>\t\t\t\t\t\t\t\t<\/div>\n\t\t\t\t<\/div>\n\t\t\t\t<div class=\"elementor-element elementor-element-506f06d elementor-align-left elementor-widget elementor-widget-global elementor-global-5350 elementor-widget-button\" data-id=\"506f06d\" data-element_type=\"widget\" data-e-type=\"widget\" data-widget_type=\"button.default\">\n\t\t\t\t<div class=\"elementor-widget-container\">\n\t\t\t\t\t\t\t\t\t<div class=\"elementor-button-wrapper\">\n\t\t\t\t\t<a class=\"elementor-button elementor-button-link elementor-size-sm\" href=\"https:\/\/stephanie-wedding.com\/nl\/kontakt\/\">\n\t\t\t\t\t\t<span class=\"elementor-button-content-wrapper\">\n\t\t\t\t\t\t\t\t\t<span class=\"elementor-button-text\">Eerste gesprek aanvragen<\/span>\n\t\t\t\t\t<\/span>\n\t\t\t\t\t<\/a>\n\t\t\t\t<\/div>\n\t\t\t\t\t\t\t\t<\/div>\n\t\t\t\t<\/div>\n\t\t\t\t<\/div>\n\t\t\t\t<\/div>\n\t\t<div class=\"elementor-element elementor-element-4ca22d1 e-con-full e-flex e-con e-parent\" data-id=\"4ca22d1\" data-element_type=\"container\" data-e-type=\"container\" data-settings=\"{&quot;background_background&quot;:&quot;classic&quot;}\">\n\t\t<div class=\"elementor-element elementor-element-ace4f57 e-con-full e-flex e-con e-child\" data-id=\"ace4f57\" data-element_type=\"container\" data-e-type=\"container\">\n\t\t\t\t<div class=\"elementor-element elementor-element-ce87ba5 elementor-widget elementor-widget-image\" data-id=\"ce87ba5\" data-element_type=\"widget\" data-e-type=\"widget\" data-widget_type=\"image.default\">\n\t\t\t\t<div class=\"elementor-widget-container\">\n\t\t\t\t\t\t\t\t\t\t\t\t\t\t\t<img fetchpriority=\"high\" decoding=\"async\" width=\"683\" height=\"1024\" src=\"https:\/\/stephanie-wedding.com\/wp-content\/uploads\/2026\/02\/stephanie-weddings-hochzeitsplanung-real-wedding37-683x1024.jpg\" class=\"attachment-large size-large wp-image-5918\" alt=\"Een bruid in het wit staat tussen twee bruidsmeisjes in blauwe jurken, die allemaal lachend op een steiger aan de oever van een meer staan \u200b\u200btijdens een prachtige bruiloft in Zuid-Duitsland.\" srcset=\"https:\/\/stephanie-wedding.com\/wp-content\/uploads\/2026\/02\/stephanie-weddings-hochzeitsplanung-real-wedding37-683x1024.jpg 683w, https:\/\/stephanie-wedding.com\/wp-content\/uploads\/2026\/02\/stephanie-weddings-hochzeitsplanung-real-wedding37-200x300.jpg 200w, https:\/\/stephanie-wedding.com\/wp-content\/uploads\/2026\/02\/stephanie-weddings-hochzeitsplanung-real-wedding37-768x1152.jpg 768w, https:\/\/stephanie-wedding.com\/wp-content\/uploads\/2026\/02\/stephanie-weddings-hochzeitsplanung-real-wedding37-1024x1536.jpg 1024w, https:\/\/stephanie-wedding.com\/wp-content\/uploads\/2026\/02\/stephanie-weddings-hochzeitsplanung-real-wedding37-1365x2048.jpg 1365w, https:\/\/stephanie-wedding.com\/wp-content\/uploads\/2026\/02\/stephanie-weddings-hochzeitsplanung-real-wedding37-scaled.jpg 1707w\" sizes=\"(max-width: 683px) 100vw, 683px\" \/>\t\t\t\t\t\t\t\t\t\t\t\t\t\t\t<\/div>\n\t\t\t\t<\/div>\n\t\t\t\t<\/div>\n\t\t<div class=\"elementor-element elementor-element-b88185b e-con-full e-flex e-con e-child\" data-id=\"b88185b\" data-element_type=\"container\" data-e-type=\"container\">\n\t\t\t\t<div class=\"elementor-element elementor-element-37a32c8 elementor-widget elementor-widget-heading\" data-id=\"37a32c8\" data-element_type=\"widget\" data-e-type=\"widget\" data-widget_type=\"heading.default\">\n\t\t\t\t<div class=\"elementor-widget-container\">\n\t\t\t\t\t<h2 class=\"elementor-heading-title elementor-size-default\">Diensten als onderdeel van het huwelijksdagmanagement<\/h2>\t\t\t\t<\/div>\n\t\t\t\t<\/div>\n\t\t\t\t<div class=\"elementor-element elementor-element-b894326 elementor-icon-list--layout-traditional elementor-list-item-link-full_width elementor-widget elementor-widget-icon-list\" data-id=\"b894326\" data-element_type=\"widget\" data-e-type=\"widget\" data-widget_type=\"icon-list.default\">\n\t\t\t\t<div class=\"elementor-widget-container\">\n\t\t\t\t\t\t\t<ul class=\"elementor-icon-list-items\">\n\t\t\t\t\t\t\t<li class=\"elementor-icon-list-item\">\n\t\t\t\t\t\t\t\t\t\t\t<span class=\"elementor-icon-list-icon\">\n\t\t\t\t\t\t\t<svg xmlns=\"http:\/\/www.w3.org\/2000\/svg\" id=\"Ebene_1\" viewbox=\"0 0 15 15\"><defs><style>      .st0 {        fill-rule: evenodd;      }    <\/style><\/defs><path class=\"st0\" d=\"M12.94,2.39c.34.24.41.71.17,1.05l-6.5,9c-.13.19-.34.3-.57.31-.23.01-.45-.08-.6-.26l-3.5-4c-.27-.31-.24-.79.07-1.06.31-.27.79-.24,1.06.07l2.88,3.29L11.89,2.56c.24-.34.71-.41,1.05-.17Z\"><\/path><\/svg>\t\t\t\t\t\t<\/span>\n\t\t\t\t\t\t\t\t\t\t<span class=\"elementor-icon-list-text\">Opstellen en afwerken van de dagplanning<\/span>\n\t\t\t\t\t\t\t\t\t<\/li>\n\t\t\t\t\t\t\t\t<li class=\"elementor-icon-list-item\">\n\t\t\t\t\t\t\t\t\t\t\t<span class=\"elementor-icon-list-icon\">\n\t\t\t\t\t\t\t<svg xmlns=\"http:\/\/www.w3.org\/2000\/svg\" id=\"Ebene_1\" viewbox=\"0 0 15 15\"><defs><style>      .st0 {        fill-rule: evenodd;      }    <\/style><\/defs><path class=\"st0\" d=\"M12.94,2.39c.34.24.41.71.17,1.05l-6.5,9c-.13.19-.34.3-.57.31-.23.01-.45-.08-.6-.26l-3.5-4c-.27-.31-.24-.79.07-1.06.31-.27.79-.24,1.06.07l2.88,3.29L11.89,2.56c.24-.34.71-.41,1.05-.17Z\"><\/path><\/svg>\t\t\t\t\t\t<\/span>\n\t\t\t\t\t\t\t\t\t\t<span class=\"elementor-icon-list-text\">Evaluatie en co\u00f6rdinatie van alle dienstverleners<\/span>\n\t\t\t\t\t\t\t\t\t<\/li>\n\t\t\t\t\t\t\t\t<li class=\"elementor-icon-list-item\">\n\t\t\t\t\t\t\t\t\t\t\t<span class=\"elementor-icon-list-icon\">\n\t\t\t\t\t\t\t<svg xmlns=\"http:\/\/www.w3.org\/2000\/svg\" id=\"Ebene_1\" viewbox=\"0 0 15 15\"><defs><style>      .st0 {        fill-rule: evenodd;      }    <\/style><\/defs><path class=\"st0\" d=\"M12.94,2.39c.34.24.41.71.17,1.05l-6.5,9c-.13.19-.34.3-.57.31-.23.01-.45-.08-.6-.26l-3.5-4c-.27-.31-.24-.79.07-1.06.31-.27.79-.24,1.06.07l2.88,3.29L11.89,2.56c.24-.34.71-.41,1.05-.17Z\"><\/path><\/svg>\t\t\t\t\t\t<\/span>\n\t\t\t\t\t\t\t\t\t\t<span class=\"elementor-icon-list-text\">Contactpersoon voor dienstverleners, locatie en gasten<\/span>\n\t\t\t\t\t\t\t\t\t<\/li>\n\t\t\t\t\t\t\t\t<li class=\"elementor-icon-list-item\">\n\t\t\t\t\t\t\t\t\t\t\t<span class=\"elementor-icon-list-icon\">\n\t\t\t\t\t\t\t<svg xmlns=\"http:\/\/www.w3.org\/2000\/svg\" id=\"Ebene_1\" viewbox=\"0 0 15 15\"><defs><style>      .st0 {        fill-rule: evenodd;      }    <\/style><\/defs><path class=\"st0\" d=\"M12.94,2.39c.34.24.41.71.17,1.05l-6.5,9c-.13.19-.34.3-.57.31-.23.01-.45-.08-.6-.26l-3.5-4c-.27-.31-.24-.79.07-1.06.31-.27.79-.24,1.06.07l2.88,3.29L11.89,2.56c.24-.34.71-.41,1.05-.17Z\"><\/path><\/svg>\t\t\t\t\t\t<\/span>\n\t\t\t\t\t\t\t\t\t\t<span class=\"elementor-icon-list-text\">Controle van tijdschema's en procedures op de trouwdag<\/span>\n\t\t\t\t\t\t\t\t\t<\/li>\n\t\t\t\t\t\t\t\t<li class=\"elementor-icon-list-item\">\n\t\t\t\t\t\t\t\t\t\t\t<span class=\"elementor-icon-list-icon\">\n\t\t\t\t\t\t\t<svg xmlns=\"http:\/\/www.w3.org\/2000\/svg\" id=\"Ebene_1\" viewbox=\"0 0 15 15\"><defs><style>      .st0 {        fill-rule: evenodd;      }    <\/style><\/defs><path class=\"st0\" d=\"M12.94,2.39c.34.24.41.71.17,1.05l-6.5,9c-.13.19-.34.3-.57.31-.23.01-.45-.08-.6-.26l-3.5-4c-.27-.31-.24-.79.07-1.06.31-.27.79-.24,1.06.07l2.88,3.29L11.89,2.56c.24-.34.71-.41,1.05-.17Z\"><\/path><\/svg>\t\t\t\t\t\t<\/span>\n\t\t\t\t\t\t\t\t\t\t<span class=\"elementor-icon-list-text\">Onvoorziene situaties ter plaatse oplossen<\/span>\n\t\t\t\t\t\t\t\t\t<\/li>\n\t\t\t\t\t\t\t\t<li class=\"elementor-icon-list-item\">\n\t\t\t\t\t\t\t\t\t\t\t<span class=\"elementor-icon-list-icon\">\n\t\t\t\t\t\t\t<svg xmlns=\"http:\/\/www.w3.org\/2000\/svg\" id=\"Ebene_1\" viewbox=\"0 0 15 15\"><defs><style>      .st0 {        fill-rule: evenodd;      }    <\/style><\/defs><path class=\"st0\" d=\"M12.94,2.39c.34.24.41.71.17,1.05l-6.5,9c-.13.19-.34.3-.57.31-.23.01-.45-.08-.6-.26l-3.5-4c-.27-.31-.24-.79.07-1.06.31-.27.79-.24,1.06.07l2.88,3.29L11.89,2.56c.24-.34.71-.41,1.05-.17Z\"><\/path><\/svg>\t\t\t\t\t\t<\/span>\n\t\t\t\t\t\t\t\t\t\t<span class=\"elementor-icon-list-text\">Co\u00f6rdinatie van montage en demontage<\/span>\n\t\t\t\t\t\t\t\t\t<\/li>\n\t\t\t\t\t\t<\/ul>\n\t\t\t\t\t\t<\/div>\n\t\t\t\t<\/div>\n\t\t\t\t<div class=\"elementor-element elementor-element-c99143c elementor-align-left elementor-widget elementor-widget-global elementor-global-5350 elementor-widget-button\" data-id=\"c99143c\" data-element_type=\"widget\" data-e-type=\"widget\" data-widget_type=\"button.default\">\n\t\t\t\t<div class=\"elementor-widget-container\">\n\t\t\t\t\t\t\t\t\t<div class=\"elementor-button-wrapper\">\n\t\t\t\t\t<a class=\"elementor-button elementor-button-link elementor-size-sm\" href=\"https:\/\/stephanie-wedding.com\/nl\/kontakt\/\">\n\t\t\t\t\t\t<span class=\"elementor-button-content-wrapper\">\n\t\t\t\t\t\t\t\t\t<span class=\"elementor-button-text\">Eerste gesprek aanvragen<\/span>\n\t\t\t\t\t<\/span>\n\t\t\t\t\t<\/a>\n\t\t\t\t<\/div>\n\t\t\t\t\t\t\t\t<\/div>\n\t\t\t\t<\/div>\n\t\t\t\t<\/div>\n\t\t\t\t<\/div>\n\t\t\t\t<\/div>","protected":false},"excerpt":{"rendered":"<p>Wedding Day Management f\u00fcr euren entspannten Hochzeitstag Erstgespr\u00e4ch vereinbaren Was Wedding Day Management bedeutet Professionelle Koordination am Hochzeitstag \u2013 im Hintergrund pr\u00e4sent, im Ablauf verl\u00e4sslich Das Wedding Day Management richtet sich an Paare, die ihre Hochzeit selbst geplant haben, den Hochzeitstag jedoch in professionelle H\u00e4nde \u00fcbergeben m\u00f6chten. Ich \u00fcbernehme die Koordination aller Abl\u00e4ufe und Dienstleister [&hellip;]<\/p>\n","protected":false},"author":3,"featured_media":0,"parent":0,"menu_order":0,"comment_status":"closed","ping_status":"closed","template":"elementor_header_footer","meta":{"footnotes":""},"class_list":["post-4294","page","type-page","status-publish","hentry"],"_links":{"self":[{"href":"https:\/\/stephanie-wedding.com\/nl\/wp-json\/wp\/v2\/pages\/4294","targetHints":{"allow":["GET"]}}],"collection":[{"href":"https:\/\/stephanie-wedding.com\/nl\/wp-json\/wp\/v2\/pages"}],"about":[{"href":"https:\/\/stephanie-wedding.com\/nl\/wp-json\/wp\/v2\/types\/page"}],"author":[{"embeddable":true,"href":"https:\/\/stephanie-wedding.com\/nl\/wp-json\/wp\/v2\/users\/3"}],"replies":[{"embeddable":true,"href":"https:\/\/stephanie-wedding.com\/nl\/wp-json\/wp\/v2\/comments?post=4294"}],"version-history":[{"count":10,"href":"https:\/\/stephanie-wedding.com\/nl\/wp-json\/wp\/v2\/pages\/4294\/revisions"}],"predecessor-version":[{"id":6736,"href":"https:\/\/stephanie-wedding.com\/nl\/wp-json\/wp\/v2\/pages\/4294\/revisions\/6736"}],"wp:attachment":[{"href":"https:\/\/stephanie-wedding.com\/nl\/wp-json\/wp\/v2\/media?parent=4294"}],"curies":[{"name":"wp","href":"https:\/\/api.w.org\/{rel}","templated":true}]}}