{"id":4290,"date":"2025-12-02T11:38:08","date_gmt":"2025-12-02T10:38:08","guid":{"rendered":"https:\/\/stephanie-wedding.com\/?page_id=4290"},"modified":"2026-02-18T14:50:35","modified_gmt":"2026-02-18T13:50:35","slug":"gedeeltelijke-planning","status":"publish","type":"page","link":"https:\/\/stephanie-wedding.com\/nl\/teilplanung\/","title":{"rendered":"Gedeeltelijke planning"},"content":{"rendered":"<div data-elementor-type=\"wp-page\" data-elementor-id=\"4290\" class=\"elementor elementor-4290\" data-elementor-post-type=\"page\">\n\t\t\t\t<div class=\"elementor-element elementor-element-66dc06e e-con-full e-flex e-con e-parent\" data-id=\"66dc06e\" data-element_type=\"container\" data-e-type=\"container\" data-settings=\"{&quot;background_background&quot;:&quot;classic&quot;}\">\n\t\t\t\t<div class=\"elementor-element elementor-element-ce5ebc2 elementor-widget elementor-widget-heading\" data-id=\"ce5ebc2\" data-element_type=\"widget\" data-e-type=\"widget\" data-widget_type=\"heading.default\">\n\t\t\t\t<div class=\"elementor-widget-container\">\n\t\t\t\t\t<h1 class=\"elementor-heading-title elementor-size-default\">Gedeeltelijke planning <\/h1>\t\t\t\t<\/div>\n\t\t\t\t<\/div>\n\t\t\t\t<div class=\"elementor-element elementor-element-4e94cdb elementor-widget elementor-widget-heading\" data-id=\"4e94cdb\" data-element_type=\"widget\" data-e-type=\"widget\" data-widget_type=\"heading.default\">\n\t\t\t\t<div class=\"elementor-widget-container\">\n\t\t\t\t\t<h4 class=\"elementor-heading-title elementor-size-default\">voor bruiloften met duidelijke ondersteuning<\/h4>\t\t\t\t<\/div>\n\t\t\t\t<\/div>\n\t\t\t\t<div class=\"elementor-element elementor-element-9f821a6 elementor-widget elementor-widget-spacer\" data-id=\"9f821a6\" data-element_type=\"widget\" data-e-type=\"widget\" data-widget_type=\"spacer.default\">\n\t\t\t\t<div class=\"elementor-widget-container\">\n\t\t\t\t\t\t\t<div class=\"elementor-spacer\">\n\t\t\t<div class=\"elementor-spacer-inner\"><\/div>\n\t\t<\/div>\n\t\t\t\t\t\t<\/div>\n\t\t\t\t<\/div>\n\t\t\t\t<div class=\"elementor-element elementor-element-41dd7e3 elementor-align-center elementor-widget elementor-widget-global elementor-global-5338 elementor-widget-button\" data-id=\"41dd7e3\" data-element_type=\"widget\" data-e-type=\"widget\" data-widget_type=\"button.default\">\n\t\t\t\t<div class=\"elementor-widget-container\">\n\t\t\t\t\t\t\t\t\t<div class=\"elementor-button-wrapper\">\n\t\t\t\t\t<a class=\"elementor-button elementor-button-link elementor-size-sm\" href=\"https:\/\/stephanie-wedding.com\/nl\/kontakt\/\">\n\t\t\t\t\t\t<span class=\"elementor-button-content-wrapper\">\n\t\t\t\t\t\t\t\t\t<span class=\"elementor-button-text\">Eerste gesprek aanvragen<\/span>\n\t\t\t\t\t<\/span>\n\t\t\t\t\t<\/a>\n\t\t\t\t<\/div>\n\t\t\t\t\t\t\t\t<\/div>\n\t\t\t\t<\/div>\n\t\t\t\t<\/div>\n\t\t<div class=\"elementor-element elementor-element-641a09f e-con-full e-flex e-con e-parent\" data-id=\"641a09f\" data-element_type=\"container\" data-e-type=\"container\" data-settings=\"{&quot;background_background&quot;:&quot;classic&quot;}\">\n\t\t<div class=\"elementor-element elementor-element-89a1fbf e-con-full e-flex e-con e-child\" data-id=\"89a1fbf\" data-element_type=\"container\" data-e-type=\"container\">\n\t\t\t\t<div class=\"elementor-element elementor-element-9e4ee0e elementor-widget elementor-widget-gallery\" data-id=\"9e4ee0e\" data-element_type=\"widget\" data-e-type=\"widget\" data-settings=\"{&quot;columns&quot;:2,&quot;gap&quot;:{&quot;unit&quot;:&quot;px&quot;,&quot;size&quot;:8,&quot;sizes&quot;:[]},&quot;columns_mobile&quot;:2,&quot;gallery_layout&quot;:&quot;masonry&quot;,&quot;columns_tablet&quot;:2,&quot;gap_tablet&quot;:{&quot;unit&quot;:&quot;px&quot;,&quot;size&quot;:10,&quot;sizes&quot;:[]},&quot;gap_mobile&quot;:{&quot;unit&quot;:&quot;px&quot;,&quot;size&quot;:10,&quot;sizes&quot;:[]},&quot;overlay_background&quot;:&quot;yes&quot;,&quot;content_hover_animation&quot;:&quot;fade-in&quot;}\" data-widget_type=\"gallery.default\">\n\t\t\t\t<div class=\"elementor-widget-container\">\n\t\t\t\t\t\t\t<div class=\"elementor-gallery__container\">\n\t\t\t\t\t\t\t<div class=\"e-gallery-item elementor-gallery-item elementor-animated-content\">\n\t\t\t\t\t<div class=\"e-gallery-image elementor-gallery-item__image\" data-thumbnail=\"https:\/\/stephanie-wedding.com\/wp-content\/uploads\/2026\/01\/stephanie-weddings-hochzeitsplanung-Salzburg-1-scaled.jpg\" data-width=\"1703\" data-height=\"2560\" aria-label=\"Een bruidegom tilt zijn bruid op voor een meer en bergen onder een bewolkte hemel, en legt zo een magisch huwelijksmoment in Zuid-Duitsland vast.\" role=\"img\" ><\/div>\n\t\t\t\t\t\t\t\t\t\t\t<div class=\"elementor-gallery-item__overlay\"><\/div>\n\t\t\t\t\t\t\t\t\t\t\t\t\t\t<\/div>\n\t\t\t\t\t\t\t<div class=\"e-gallery-item elementor-gallery-item elementor-animated-content\">\n\t\t\t\t\t<div class=\"e-gallery-image elementor-gallery-item__image\" data-thumbnail=\"https:\/\/stephanie-wedding.com\/wp-content\/uploads\/2026\/01\/stephanie-weddings-hochzeitsplanung-Salzburg-3-scaled.jpg\" data-width=\"1703\" data-height=\"2560\" aria-label=\"Drie personen poseren op een bruiloft in Zuid-Duitsland; de bruid houdt een boeket vast, geflankeerd door twee glimlachende gasten in formele kleding.\" role=\"img\" ><\/div>\n\t\t\t\t\t\t\t\t\t\t\t<div class=\"elementor-gallery-item__overlay\"><\/div>\n\t\t\t\t\t\t\t\t\t\t\t\t\t\t<\/div>\n\t\t\t\t\t\t\t<div class=\"e-gallery-item elementor-gallery-item elementor-animated-content\">\n\t\t\t\t\t<div class=\"e-gallery-image elementor-gallery-item__image\" data-thumbnail=\"https:\/\/stephanie-wedding.com\/wp-content\/uploads\/2026\/01\/stephanie-weddings-hochzeitsplanung-Salzburg-8-scaled.jpg\" data-width=\"1703\" data-height=\"2560\" aria-label=\"Tweedelige witte taart met roze bloemen, omringd door een bloemenkrans en roze stof op een houten tafel - perfect voor een bruiloft in Zuid-Duitsland.\" role=\"img\" ><\/div>\n\t\t\t\t\t\t\t\t\t\t\t<div class=\"elementor-gallery-item__overlay\"><\/div>\n\t\t\t\t\t\t\t\t\t\t\t\t\t\t<\/div>\n\t\t\t\t\t\t\t<div class=\"e-gallery-item elementor-gallery-item elementor-animated-content\">\n\t\t\t\t\t<div class=\"e-gallery-image elementor-gallery-item__image\" data-thumbnail=\"https:\/\/stephanie-wedding.com\/wp-content\/uploads\/2026\/01\/stephanie-weddings-hochzeitsplanung-Salzburg-7-scaled.jpg\" data-width=\"1703\" data-height=\"2560\" aria-label=\"Vrouw in bordeauxrode outfit staat voor bloemstukken in een lichte ruimte met grote ramen en bergen buiten \u2013 de perfecte inspiratie voor een bruiloft in Zuid-Duitsland of elke bruiloftsplanner die op zoek is naar elegante idee\u00ebn.\" role=\"img\" ><\/div>\n\t\t\t\t\t\t\t\t\t\t\t<div class=\"elementor-gallery-item__overlay\"><\/div>\n\t\t\t\t\t\t\t\t\t\t\t\t\t\t<\/div>\n\t\t\t\t\t<\/div>\n\t\t\t\t\t<\/div>\n\t\t\t\t<\/div>\n\t\t\t\t<\/div>\n\t\t<div class=\"elementor-element elementor-element-ada4d17 e-con-full e-flex e-con e-child\" data-id=\"ada4d17\" data-element_type=\"container\" data-e-type=\"container\">\n\t\t\t\t<div class=\"elementor-element elementor-element-7719c48 elementor-widget elementor-widget-heading\" data-id=\"7719c48\" data-element_type=\"widget\" data-e-type=\"widget\" data-widget_type=\"heading.default\">\n\t\t\t\t<div class=\"elementor-widget-container\">\n\t\t\t\t\t<h2 class=\"elementor-heading-title elementor-size-default\">Wat gedeeltelijke planning betekent<\/h2>\t\t\t\t<\/div>\n\t\t\t\t<\/div>\n\t\t\t\t<div class=\"elementor-element elementor-element-b431c2d elementor-widget elementor-widget-heading\" data-id=\"b431c2d\" data-element_type=\"widget\" data-e-type=\"widget\" data-widget_type=\"heading.default\">\n\t\t\t\t<div class=\"elementor-widget-container\">\n\t\t\t\t\t<h3 class=\"elementor-heading-title elementor-size-default\">Gerichte ondersteuning waar structuur en ervaring nodig zijn<\/h3>\t\t\t\t<\/div>\n\t\t\t\t<\/div>\n\t\t\t\t<div class=\"elementor-element elementor-element-f3c6726 elementor-widget elementor-widget-text-editor\" data-id=\"f3c6726\" data-element_type=\"widget\" data-e-type=\"widget\" data-widget_type=\"text-editor.default\">\n\t\t\t\t<div class=\"elementor-widget-container\">\n\t\t\t\t\t\t\t\t\t<p data-start=\"450\" data-end=\"670\">Gedeeltelijke planning is bedoeld voor bruidsparen die hun bruiloft al zelf plannen of die bepaalde gebieden zelfstandig willen realiseren, maar op bepaalde gebieden professionele ondersteuning willen.<\/p><p data-start=\"672\" data-end=\"816\">Ik grijp in waar verlichting zinvol is - duidelijk gedefinieerd, transparant geco\u00f6rdineerd en altijd aangepast aan uw bestaande planningsstatus.<\/p>\t\t\t\t\t\t\t\t<\/div>\n\t\t\t\t<\/div>\n\t\t\t\t<div class=\"elementor-element elementor-element-ef19077 elementor-align-left elementor-widget elementor-widget-global elementor-global-5350 elementor-widget-button\" data-id=\"ef19077\" data-element_type=\"widget\" data-e-type=\"widget\" data-widget_type=\"button.default\">\n\t\t\t\t<div class=\"elementor-widget-container\">\n\t\t\t\t\t\t\t\t\t<div class=\"elementor-button-wrapper\">\n\t\t\t\t\t<a class=\"elementor-button elementor-button-link elementor-size-sm\" href=\"https:\/\/stephanie-wedding.com\/nl\/kontakt\/\">\n\t\t\t\t\t\t<span class=\"elementor-button-content-wrapper\">\n\t\t\t\t\t\t\t\t\t<span class=\"elementor-button-text\">Eerste gesprek aanvragen<\/span>\n\t\t\t\t\t<\/span>\n\t\t\t\t\t<\/a>\n\t\t\t\t<\/div>\n\t\t\t\t\t\t\t\t<\/div>\n\t\t\t\t<\/div>\n\t\t\t\t<\/div>\n\t\t\t\t<\/div>\n\t\t<div class=\"elementor-element elementor-element-bf3bbab e-con-full e-flex e-con e-parent\" data-id=\"bf3bbab\" data-element_type=\"container\" data-e-type=\"container\" data-settings=\"{&quot;background_background&quot;:&quot;classic&quot;}\">\n\t\t<div class=\"elementor-element elementor-element-a634b42 e-con-full e-flex e-con e-child\" data-id=\"a634b42\" data-element_type=\"container\" data-e-type=\"container\">\n\t\t\t\t<div class=\"elementor-element elementor-element-6d4a80e elementor-widget elementor-widget-image\" data-id=\"6d4a80e\" data-element_type=\"widget\" data-e-type=\"widget\" data-widget_type=\"image.default\">\n\t\t\t\t<div class=\"elementor-widget-container\">\n\t\t\t\t\t\t\t\t\t\t\t\t\t\t\t<img fetchpriority=\"high\" decoding=\"async\" width=\"683\" height=\"1024\" src=\"https:\/\/stephanie-wedding.com\/wp-content\/uploads\/2025\/12\/stephanie-weddings-hochzeitsplanerin-lichtermeer-oesterreich15-683x1024.jpg\" class=\"attachment-large size-large wp-image-4372\" alt=\"Een bruidegom in een pak duikt zijn bruid in een witte jurk, beiden glimlachend in de buitenlucht bij zonlicht en vangen de vreugde van hun bruiloft in Oostenrijk of Zuid-Duitsland.\" srcset=\"https:\/\/stephanie-wedding.com\/wp-content\/uploads\/2025\/12\/stephanie-weddings-hochzeitsplanerin-lichtermeer-oesterreich15-683x1024.jpg 683w, https:\/\/stephanie-wedding.com\/wp-content\/uploads\/2025\/12\/stephanie-weddings-hochzeitsplanerin-lichtermeer-oesterreich15-200x300.jpg 200w, https:\/\/stephanie-wedding.com\/wp-content\/uploads\/2025\/12\/stephanie-weddings-hochzeitsplanerin-lichtermeer-oesterreich15-768x1152.jpg 768w, https:\/\/stephanie-wedding.com\/wp-content\/uploads\/2025\/12\/stephanie-weddings-hochzeitsplanerin-lichtermeer-oesterreich15-1024x1536.jpg 1024w, https:\/\/stephanie-wedding.com\/wp-content\/uploads\/2025\/12\/stephanie-weddings-hochzeitsplanerin-lichtermeer-oesterreich15-1365x2048.jpg 1365w, https:\/\/stephanie-wedding.com\/wp-content\/uploads\/2025\/12\/stephanie-weddings-hochzeitsplanerin-lichtermeer-oesterreich15-scaled.jpg 1707w\" sizes=\"(max-width: 683px) 100vw, 683px\" \/>\t\t\t\t\t\t\t\t\t\t\t\t\t\t\t<\/div>\n\t\t\t\t<\/div>\n\t\t\t\t<\/div>\n\t\t<div class=\"elementor-element elementor-element-4a87090 e-con-full e-flex e-con e-child\" data-id=\"4a87090\" data-element_type=\"container\" data-e-type=\"container\">\n\t\t\t\t<div class=\"elementor-element elementor-element-06e8664 elementor-widget elementor-widget-heading\" data-id=\"06e8664\" data-element_type=\"widget\" data-e-type=\"widget\" data-widget_type=\"heading.default\">\n\t\t\t\t<div class=\"elementor-widget-container\">\n\t\t\t\t\t<h2 class=\"elementor-heading-title elementor-size-default\">Waarbij ik je ondersteun als weddingplanner<\/h2>\t\t\t\t<\/div>\n\t\t\t\t<\/div>\n\t\t\t\t<div class=\"elementor-element elementor-element-7edbbc6 elementor-icon-list--layout-traditional elementor-list-item-link-full_width elementor-widget elementor-widget-icon-list\" data-id=\"7edbbc6\" data-element_type=\"widget\" data-e-type=\"widget\" data-widget_type=\"icon-list.default\">\n\t\t\t\t<div class=\"elementor-widget-container\">\n\t\t\t\t\t\t\t<ul class=\"elementor-icon-list-items\">\n\t\t\t\t\t\t\t<li class=\"elementor-icon-list-item\">\n\t\t\t\t\t\t\t\t\t\t\t<span class=\"elementor-icon-list-icon\">\n\t\t\t\t\t\t\t<svg xmlns=\"http:\/\/www.w3.org\/2000\/svg\" id=\"Ebene_1\" viewbox=\"0 0 15 15\"><defs><style>      .st0 {        fill-rule: evenodd;      }    <\/style><\/defs><path class=\"st0\" d=\"M12.94,2.39c.34.24.41.71.17,1.05l-6.5,9c-.13.19-.34.3-.57.31-.23.01-.45-.08-.6-.26l-3.5-4c-.27-.31-.24-.79.07-1.06.31-.27.79-.24,1.06.07l2.88,3.29L11.89,2.56c.24-.34.71-.41,1.05-.17Z\"><\/path><\/svg>\t\t\t\t\t\t<\/span>\n\t\t\t\t\t\t\t\t\t\t<span class=\"elementor-icon-list-text\">Ondersteuning bij de selectie van individuele dienstverleners<\/span>\n\t\t\t\t\t\t\t\t\t<\/li>\n\t\t\t\t\t\t\t\t<li class=\"elementor-icon-list-item\">\n\t\t\t\t\t\t\t\t\t\t\t<span class=\"elementor-icon-list-icon\">\n\t\t\t\t\t\t\t<svg xmlns=\"http:\/\/www.w3.org\/2000\/svg\" id=\"Ebene_1\" viewbox=\"0 0 15 15\"><defs><style>      .st0 {        fill-rule: evenodd;      }    <\/style><\/defs><path class=\"st0\" d=\"M12.94,2.39c.34.24.41.71.17,1.05l-6.5,9c-.13.19-.34.3-.57.31-.23.01-.45-.08-.6-.26l-3.5-4c-.27-.31-.24-.79.07-1.06.31-.27.79-.24,1.06.07l2.88,3.29L11.89,2.56c.24-.34.71-.41,1.05-.17Z\"><\/path><\/svg>\t\t\t\t\t\t<\/span>\n\t\t\t\t\t\t\t\t\t\t<span class=\"elementor-icon-list-text\">Advies over budget, prioriteiten en processtructuur<\/span>\n\t\t\t\t\t\t\t\t\t<\/li>\n\t\t\t\t\t\t\t\t<li class=\"elementor-icon-list-item\">\n\t\t\t\t\t\t\t\t\t\t\t<span class=\"elementor-icon-list-icon\">\n\t\t\t\t\t\t\t<svg xmlns=\"http:\/\/www.w3.org\/2000\/svg\" id=\"Ebene_1\" viewbox=\"0 0 15 15\"><defs><style>      .st0 {        fill-rule: evenodd;      }    <\/style><\/defs><path class=\"st0\" d=\"M12.94,2.39c.34.24.41.71.17,1.05l-6.5,9c-.13.19-.34.3-.57.31-.23.01-.45-.08-.6-.26l-3.5-4c-.27-.31-.24-.79.07-1.06.31-.27.79-.24,1.06.07l2.88,3.29L11.89,2.56c.24-.34.71-.41,1.05-.17Z\"><\/path><\/svg>\t\t\t\t\t\t<\/span>\n\t\t\t\t\t\t\t\t\t\t<span class=\"elementor-icon-list-text\">Opstellen of optimaliseren van een tijd- en procesplan<\/span>\n\t\t\t\t\t\t\t\t\t<\/li>\n\t\t\t\t\t\t\t\t<li class=\"elementor-icon-list-item\">\n\t\t\t\t\t\t\t\t\t\t\t<span class=\"elementor-icon-list-icon\">\n\t\t\t\t\t\t\t<svg xmlns=\"http:\/\/www.w3.org\/2000\/svg\" id=\"Ebene_1\" viewbox=\"0 0 15 15\"><defs><style>      .st0 {        fill-rule: evenodd;      }    <\/style><\/defs><path class=\"st0\" d=\"M12.94,2.39c.34.24.41.71.17,1.05l-6.5,9c-.13.19-.34.3-.57.31-.23.01-.45-.08-.6-.26l-3.5-4c-.27-.31-.24-.79.07-1.06.31-.27.79-.24,1.06.07l2.88,3.29L11.89,2.56c.24-.34.71-.41,1.05-.17Z\"><\/path><\/svg>\t\t\t\t\t\t<\/span>\n\t\t\t\t\t\t\t\t\t\t<span class=\"elementor-icon-list-text\">Co\u00f6rdinatie tussen geselecteerde dienstverleners<\/span>\n\t\t\t\t\t\t\t\t\t<\/li>\n\t\t\t\t\t\t\t\t<li class=\"elementor-icon-list-item\">\n\t\t\t\t\t\t\t\t\t\t\t<span class=\"elementor-icon-list-icon\">\n\t\t\t\t\t\t\t<svg xmlns=\"http:\/\/www.w3.org\/2000\/svg\" id=\"Ebene_1\" viewbox=\"0 0 15 15\"><defs><style>      .st0 {        fill-rule: evenodd;      }    <\/style><\/defs><path class=\"st0\" d=\"M12.94,2.39c.34.24.41.71.17,1.05l-6.5,9c-.13.19-.34.3-.57.31-.23.01-.45-.08-.6-.26l-3.5-4c-.27-.31-.24-.79.07-1.06.31-.27.79-.24,1.06.07l2.88,3.29L11.89,2.56c.24-.34.71-.41,1.05-.17Z\"><\/path><\/svg>\t\t\t\t\t\t<\/span>\n\t\t\t\t\t\t\t\t\t\t<span class=\"elementor-icon-list-text\">Ondersteuning tijdens de laatste planningsfase<\/span>\n\t\t\t\t\t\t\t\t\t<\/li>\n\t\t\t\t\t\t<\/ul>\n\t\t\t\t\t\t<\/div>\n\t\t\t\t<\/div>\n\t\t\t\t<div class=\"elementor-element elementor-element-01216e5 elementor-align-left elementor-widget elementor-widget-global elementor-global-5350 elementor-widget-button\" data-id=\"01216e5\" data-element_type=\"widget\" data-e-type=\"widget\" data-widget_type=\"button.default\">\n\t\t\t\t<div class=\"elementor-widget-container\">\n\t\t\t\t\t\t\t\t\t<div class=\"elementor-button-wrapper\">\n\t\t\t\t\t<a class=\"elementor-button elementor-button-link elementor-size-sm\" href=\"https:\/\/stephanie-wedding.com\/nl\/kontakt\/\">\n\t\t\t\t\t\t<span class=\"elementor-button-content-wrapper\">\n\t\t\t\t\t\t\t\t\t<span class=\"elementor-button-text\">Eerste gesprek aanvragen<\/span>\n\t\t\t\t\t<\/span>\n\t\t\t\t\t<\/a>\n\t\t\t\t<\/div>\n\t\t\t\t\t\t\t\t<\/div>\n\t\t\t\t<\/div>\n\t\t\t\t<\/div>\n\t\t\t\t<\/div>\n\t\t\t\t<\/div>","protected":false},"excerpt":{"rendered":"<p>Teilplanung f\u00fcr Hochzeiten mit klarer Unterst\u00fctzung Beratungsgespr\u00e4ch vereinbaren Was Teilplanung bedeutet Gezielte Begleitung dort, wo Struktur und Erfahrung gebraucht werden Die Teilplanung richtet sich an Paare, die ihre Hochzeit bereits selbst planen oder bestimmte Bereiche eigenst\u00e4ndig umsetzen m\u00f6chten, sich jedoch in ausgew\u00e4hlten Punkten professionelle Unterst\u00fctzung w\u00fcnschen. Ich steige dort ein, wo Entlastung sinnvoll ist \u2013 [&hellip;]<\/p>\n","protected":false},"author":3,"featured_media":0,"parent":0,"menu_order":0,"comment_status":"closed","ping_status":"closed","template":"elementor_header_footer","meta":{"footnotes":""},"class_list":["post-4290","page","type-page","status-publish","hentry"],"_links":{"self":[{"href":"https:\/\/stephanie-wedding.com\/nl\/wp-json\/wp\/v2\/pages\/4290","targetHints":{"allow":["GET"]}}],"collection":[{"href":"https:\/\/stephanie-wedding.com\/nl\/wp-json\/wp\/v2\/pages"}],"about":[{"href":"https:\/\/stephanie-wedding.com\/nl\/wp-json\/wp\/v2\/types\/page"}],"author":[{"embeddable":true,"href":"https:\/\/stephanie-wedding.com\/nl\/wp-json\/wp\/v2\/users\/3"}],"replies":[{"embeddable":true,"href":"https:\/\/stephanie-wedding.com\/nl\/wp-json\/wp\/v2\/comments?post=4290"}],"version-history":[{"count":10,"href":"https:\/\/stephanie-wedding.com\/nl\/wp-json\/wp\/v2\/pages\/4290\/revisions"}],"predecessor-version":[{"id":6168,"href":"https:\/\/stephanie-wedding.com\/nl\/wp-json\/wp\/v2\/pages\/4290\/revisions\/6168"}],"wp:attachment":[{"href":"https:\/\/stephanie-wedding.com\/nl\/wp-json\/wp\/v2\/media?parent=4290"}],"curies":[{"name":"wp","href":"https:\/\/api.w.org\/{rel}","templated":true}]}}