{"id":4288,"date":"2025-12-02T11:37:58","date_gmt":"2025-12-02T10:37:58","guid":{"rendered":"https:\/\/stephanie-wedding.com\/?page_id=4288"},"modified":"2026-02-18T14:30:02","modified_gmt":"2026-02-18T13:30:02","slug":"volledige-planning","status":"publish","type":"page","link":"https:\/\/stephanie-wedding.com\/nl\/komplettplanung\/","title":{"rendered":"Volledige planning"},"content":{"rendered":"<div data-elementor-type=\"wp-page\" data-elementor-id=\"4288\" class=\"elementor elementor-4288\" data-elementor-post-type=\"page\">\n\t\t\t\t<div class=\"elementor-element elementor-element-cca38a7 e-con-full e-flex e-con e-parent\" data-id=\"cca38a7\" data-element_type=\"container\" data-e-type=\"container\" data-settings=\"{&quot;background_background&quot;:&quot;classic&quot;}\">\n\t\t\t\t<div class=\"elementor-element elementor-element-09b51af elementor-widget elementor-widget-heading\" data-id=\"09b51af\" data-element_type=\"widget\" data-e-type=\"widget\" data-widget_type=\"heading.default\">\n\t\t\t\t<div class=\"elementor-widget-container\">\n\t\t\t\t\t<h1 class=\"elementor-heading-title elementor-size-default\">Volledige planning<\/h1>\t\t\t\t<\/div>\n\t\t\t\t<\/div>\n\t\t\t\t<div class=\"elementor-element elementor-element-f3a4901 elementor-widget__width-initial elementor-widget elementor-widget-heading\" data-id=\"f3a4901\" data-element_type=\"widget\" data-e-type=\"widget\" data-widget_type=\"heading.default\">\n\t\t\t\t<div class=\"elementor-widget-container\">\n\t\t\t\t\t<h4 class=\"elementor-heading-title elementor-size-default\">Uitgebreide ondersteuning voor jullie bruiloft in <br>Oostenrijk en Zuid-Duitsland<\/h4>\t\t\t\t<\/div>\n\t\t\t\t<\/div>\n\t\t\t\t<div class=\"elementor-element elementor-element-a2238ec elementor-widget elementor-widget-spacer\" data-id=\"a2238ec\" data-element_type=\"widget\" data-e-type=\"widget\" data-widget_type=\"spacer.default\">\n\t\t\t\t<div class=\"elementor-widget-container\">\n\t\t\t\t\t\t\t<div class=\"elementor-spacer\">\n\t\t\t<div class=\"elementor-spacer-inner\"><\/div>\n\t\t<\/div>\n\t\t\t\t\t\t<\/div>\n\t\t\t\t<\/div>\n\t\t\t\t<div class=\"elementor-element elementor-element-b48935c elementor-align-center elementor-widget elementor-widget-global elementor-global-5338 elementor-widget-button\" data-id=\"b48935c\" data-element_type=\"widget\" data-e-type=\"widget\" data-widget_type=\"button.default\">\n\t\t\t\t<div class=\"elementor-widget-container\">\n\t\t\t\t\t\t\t\t\t<div class=\"elementor-button-wrapper\">\n\t\t\t\t\t<a class=\"elementor-button elementor-button-link elementor-size-sm\" href=\"https:\/\/stephanie-wedding.com\/nl\/kontakt\/\">\n\t\t\t\t\t\t<span class=\"elementor-button-content-wrapper\">\n\t\t\t\t\t\t\t\t\t<span class=\"elementor-button-text\">Eerste gesprek aanvragen<\/span>\n\t\t\t\t\t<\/span>\n\t\t\t\t\t<\/a>\n\t\t\t\t<\/div>\n\t\t\t\t\t\t\t\t<\/div>\n\t\t\t\t<\/div>\n\t\t\t\t<\/div>\n\t\t<div class=\"elementor-element elementor-element-8bdc781 e-con-full e-flex e-con e-parent\" data-id=\"8bdc781\" data-element_type=\"container\" data-e-type=\"container\" data-settings=\"{&quot;background_background&quot;:&quot;classic&quot;}\">\n\t\t<div class=\"elementor-element elementor-element-6652460 e-con-full e-flex e-con e-child\" data-id=\"6652460\" data-element_type=\"container\" data-e-type=\"container\">\n\t\t\t\t<div class=\"elementor-element elementor-element-74cd2b3 elementor-widget elementor-widget-gallery\" data-id=\"74cd2b3\" data-element_type=\"widget\" data-e-type=\"widget\" data-settings=\"{&quot;columns&quot;:2,&quot;gap&quot;:{&quot;unit&quot;:&quot;px&quot;,&quot;size&quot;:8,&quot;sizes&quot;:[]},&quot;columns_mobile&quot;:2,&quot;gallery_layout&quot;:&quot;masonry&quot;,&quot;columns_tablet&quot;:2,&quot;gap_tablet&quot;:{&quot;unit&quot;:&quot;px&quot;,&quot;size&quot;:10,&quot;sizes&quot;:[]},&quot;gap_mobile&quot;:{&quot;unit&quot;:&quot;px&quot;,&quot;size&quot;:10,&quot;sizes&quot;:[]},&quot;overlay_background&quot;:&quot;yes&quot;,&quot;content_hover_animation&quot;:&quot;fade-in&quot;}\" data-widget_type=\"gallery.default\">\n\t\t\t\t<div class=\"elementor-widget-container\">\n\t\t\t\t\t\t\t<div class=\"elementor-gallery__container\">\n\t\t\t\t\t\t\t<div class=\"e-gallery-item elementor-gallery-item elementor-animated-content\">\n\t\t\t\t\t<div class=\"e-gallery-image elementor-gallery-item__image\" data-thumbnail=\"https:\/\/stephanie-wedding.com\/wp-content\/uploads\/2025\/12\/stephanie-weddings-hochzeitsplanerin-lichtermeer-oesterreich22.jpg\" data-width=\"1707\" data-height=\"2560\" aria-label=\"Stephanie Menzdorf in een blazer dekt een feestelijk gedekte tafel met kaarsen en glazen en lacht in een warm verlichte ruimte - perfect voor een onvergetelijke bruiloft in Zuid-Duitsland of Oostenrijk.\" role=\"img\" ><\/div>\n\t\t\t\t\t\t\t\t\t\t\t<div class=\"elementor-gallery-item__overlay\"><\/div>\n\t\t\t\t\t\t\t\t\t\t\t\t\t\t<\/div>\n\t\t\t\t\t\t\t<div class=\"e-gallery-item elementor-gallery-item elementor-animated-content\">\n\t\t\t\t\t<div class=\"e-gallery-image elementor-gallery-item__image\" data-thumbnail=\"https:\/\/stephanie-wedding.com\/wp-content\/uploads\/2025\/12\/stephanie-weddings-hochzeitsplanerin-lichtermeer-oesterreich28-scaled.jpg\" data-width=\"1707\" data-height=\"2560\" aria-label=\"Een vrolijk stel viert aan een champagnefontein, omringd door kaarsen en lichtjes in een gezellige ruimte - de perfecte inspiratie voor elke bruiloftsplanner in Oostenrijk of Zuid-Duitsland.\" role=\"img\" ><\/div>\n\t\t\t\t\t\t\t\t\t\t\t<div class=\"elementor-gallery-item__overlay\"><\/div>\n\t\t\t\t\t\t\t\t\t\t\t\t\t\t<\/div>\n\t\t\t\t\t\t\t<div class=\"e-gallery-item elementor-gallery-item elementor-animated-content\">\n\t\t\t\t\t<div class=\"e-gallery-image elementor-gallery-item__image\" data-thumbnail=\"https:\/\/stephanie-wedding.com\/wp-content\/uploads\/2025\/12\/stephanie-weddings-hochzeitsplanerin-lichtermeer-oesterreich32-scaled.jpg\" data-width=\"1707\" data-height=\"2560\" aria-label=\"Een bruidegom tilt zijn bruid op terwijl gasten sterretjes vasthouden en vieren onder sprankelende lichten in de zaal - een magische bruiloft in Oostenrijk die tot leven is gebracht door een ervaren weddingplanner.\" role=\"img\" ><\/div>\n\t\t\t\t\t\t\t\t\t\t\t<div class=\"elementor-gallery-item__overlay\"><\/div>\n\t\t\t\t\t\t\t\t\t\t\t\t\t\t<\/div>\n\t\t\t\t\t\t\t<div class=\"e-gallery-item elementor-gallery-item elementor-animated-content\">\n\t\t\t\t\t<div class=\"e-gallery-image elementor-gallery-item__image\" data-thumbnail=\"https:\/\/stephanie-wedding.com\/wp-content\/uploads\/2025\/12\/stephanie-weddings-hochzeitsplanerin-lichtermeer-oesterreich26-scaled.jpg\" data-width=\"1707\" data-height=\"2560\" aria-label=\"Een persoon schenkt bij een bruiloft in Zuid-Duitsland sekt in een glazen toren, met druiven en kaarsen ernaast.\" role=\"img\" ><\/div>\n\t\t\t\t\t\t\t\t\t\t\t<div class=\"elementor-gallery-item__overlay\"><\/div>\n\t\t\t\t\t\t\t\t\t\t\t\t\t\t<\/div>\n\t\t\t\t\t<\/div>\n\t\t\t\t\t<\/div>\n\t\t\t\t<\/div>\n\t\t\t\t<\/div>\n\t\t<div class=\"elementor-element elementor-element-507c9a8 e-con-full e-flex e-con e-child\" data-id=\"507c9a8\" data-element_type=\"container\" data-e-type=\"container\">\n\t\t\t\t<div class=\"elementor-element elementor-element-8abed35 elementor-widget elementor-widget-heading\" data-id=\"8abed35\" data-element_type=\"widget\" data-e-type=\"widget\" data-widget_type=\"heading.default\">\n\t\t\t\t<div class=\"elementor-widget-container\">\n\t\t\t\t\t<h2 class=\"elementor-heading-title elementor-size-default\">Wat volledige planning betekent<\/h2>\t\t\t\t<\/div>\n\t\t\t\t<\/div>\n\t\t\t\t<div class=\"elementor-element elementor-element-cea0d62 elementor-widget elementor-widget-heading\" data-id=\"cea0d62\" data-element_type=\"widget\" data-e-type=\"widget\" data-widget_type=\"heading.default\">\n\t\t\t\t<div class=\"elementor-widget-container\">\n\t\t\t\t\t<h3 class=\"elementor-heading-title elementor-size-default\">Van het eerste idee tot de trouwdag - gestructureerde planning en professionele realisatie<\/h3>\t\t\t\t<\/div>\n\t\t\t\t<\/div>\n\t\t\t\t<div class=\"elementor-element elementor-element-8428ad8 elementor-widget elementor-widget-text-editor\" data-id=\"8428ad8\" data-element_type=\"widget\" data-e-type=\"widget\" data-widget_type=\"text-editor.default\">\n\t\t\t\t<div class=\"elementor-widget-container\">\n\t\t\t\t\t\t\t\t\t<p data-start=\"552\" data-end=\"825\">Complete planning is bedoeld voor bruidsparen die hun bruiloft vanaf het begin in professionele handen willen leggen. Van het eerste conceptidee tot de selectie van alle dienstverleners en de co\u00f6rdinatie op de trouwdag, ik begeleid het hele planningsproces.<\/p><p data-start=\"827\" data-end=\"1027\">Het doel is een duidelijke, realistische en goed gestructureerde planning die zekerheid biedt en de organisatorische last vermindert - zonder de individualiteit van jullie bruiloft uit het oog te verliezen.<\/p>\t\t\t\t\t\t\t\t<\/div>\n\t\t\t\t<\/div>\n\t\t\t\t<div class=\"elementor-element elementor-element-2b0fa22 elementor-align-left elementor-widget elementor-widget-global elementor-global-5350 elementor-widget-button\" data-id=\"2b0fa22\" data-element_type=\"widget\" data-e-type=\"widget\" data-widget_type=\"button.default\">\n\t\t\t\t<div class=\"elementor-widget-container\">\n\t\t\t\t\t\t\t\t\t<div class=\"elementor-button-wrapper\">\n\t\t\t\t\t<a class=\"elementor-button elementor-button-link elementor-size-sm\" href=\"https:\/\/stephanie-wedding.com\/nl\/kontakt\/\">\n\t\t\t\t\t\t<span class=\"elementor-button-content-wrapper\">\n\t\t\t\t\t\t\t\t\t<span class=\"elementor-button-text\">Eerste gesprek aanvragen<\/span>\n\t\t\t\t\t<\/span>\n\t\t\t\t\t<\/a>\n\t\t\t\t<\/div>\n\t\t\t\t\t\t\t\t<\/div>\n\t\t\t\t<\/div>\n\t\t\t\t<\/div>\n\t\t\t\t<\/div>\n\t\t<div class=\"elementor-element elementor-element-c3e47b0 e-con-full e-flex e-con e-parent\" data-id=\"c3e47b0\" data-element_type=\"container\" data-e-type=\"container\" data-settings=\"{&quot;background_background&quot;:&quot;classic&quot;}\">\n\t\t<div class=\"elementor-element elementor-element-814aa5f e-con-full e-flex e-con e-child\" data-id=\"814aa5f\" data-element_type=\"container\" data-e-type=\"container\">\n\t\t\t\t<div class=\"elementor-element elementor-element-95dab9a elementor-widget elementor-widget-image\" data-id=\"95dab9a\" data-element_type=\"widget\" data-e-type=\"widget\" data-widget_type=\"image.default\">\n\t\t\t\t<div class=\"elementor-widget-container\">\n\t\t\t\t\t\t\t\t\t\t\t\t\t\t\t<img fetchpriority=\"high\" decoding=\"async\" width=\"768\" height=\"1024\" src=\"https:\/\/stephanie-wedding.com\/wp-content\/uploads\/2025\/12\/berghochzeit-mountain-wedding-planning-by-stephanie22-768x1024.jpg\" class=\"attachment-large size-large wp-image-4454\" alt=\"Een bruid en bruidegom staan \u200b\u200barm in arm voor de bergen van Zuid-Duitsland, omringd door bloemen en bruiloftsdesserts - een onvergetelijke, perfect geplande bruiloft.\" srcset=\"https:\/\/stephanie-wedding.com\/wp-content\/uploads\/2025\/12\/berghochzeit-mountain-wedding-planning-by-stephanie22-768x1024.jpg 768w, https:\/\/stephanie-wedding.com\/wp-content\/uploads\/2025\/12\/berghochzeit-mountain-wedding-planning-by-stephanie22-225x300.jpg 225w, https:\/\/stephanie-wedding.com\/wp-content\/uploads\/2025\/12\/berghochzeit-mountain-wedding-planning-by-stephanie22-1152x1536.jpg 1152w, https:\/\/stephanie-wedding.com\/wp-content\/uploads\/2025\/12\/berghochzeit-mountain-wedding-planning-by-stephanie22-1536x2048.jpg 1536w, https:\/\/stephanie-wedding.com\/wp-content\/uploads\/2025\/12\/berghochzeit-mountain-wedding-planning-by-stephanie22-scaled.jpg 1920w\" sizes=\"(max-width: 768px) 100vw, 768px\" \/>\t\t\t\t\t\t\t\t\t\t\t\t\t\t\t<\/div>\n\t\t\t\t<\/div>\n\t\t\t\t<\/div>\n\t\t<div class=\"elementor-element elementor-element-e0fa93e e-con-full e-flex e-con e-child\" data-id=\"e0fa93e\" data-element_type=\"container\" data-e-type=\"container\">\n\t\t\t\t<div class=\"elementor-element elementor-element-57d0636 elementor-widget elementor-widget-heading\" data-id=\"57d0636\" data-element_type=\"widget\" data-e-type=\"widget\" data-widget_type=\"heading.default\">\n\t\t\t\t<div class=\"elementor-widget-container\">\n\t\t\t\t\t<h2 class=\"elementor-heading-title elementor-size-default\">Diensten binnen het bereik van volledige planning<\/h2>\t\t\t\t<\/div>\n\t\t\t\t<\/div>\n\t\t\t\t<div class=\"elementor-element elementor-element-d027050 elementor-icon-list--layout-traditional elementor-list-item-link-full_width elementor-widget elementor-widget-icon-list\" data-id=\"d027050\" data-element_type=\"widget\" data-e-type=\"widget\" data-widget_type=\"icon-list.default\">\n\t\t\t\t<div class=\"elementor-widget-container\">\n\t\t\t\t\t\t\t<ul class=\"elementor-icon-list-items\">\n\t\t\t\t\t\t\t<li class=\"elementor-icon-list-item\">\n\t\t\t\t\t\t\t\t\t\t\t<span class=\"elementor-icon-list-icon\">\n\t\t\t\t\t\t\t<svg xmlns=\"http:\/\/www.w3.org\/2000\/svg\" id=\"Ebene_1\" viewbox=\"0 0 15 15\"><defs><style>      .st0 {        fill-rule: evenodd;      }    <\/style><\/defs><path class=\"st0\" d=\"M12.94,2.39c.34.24.41.71.17,1.05l-6.5,9c-.13.19-.34.3-.57.31-.23.01-.45-.08-.6-.26l-3.5-4c-.27-.31-.24-.79.07-1.06.31-.27.79-.24,1.06.07l2.88,3.29L11.89,2.56c.24-.34.71-.41,1.05-.17Z\"><\/path><\/svg>\t\t\t\t\t\t<\/span>\n\t\t\t\t\t\t\t\t\t\t<span class=\"elementor-icon-list-text\">Ontwikkeling van een trouwconcept op maat<\/span>\n\t\t\t\t\t\t\t\t\t<\/li>\n\t\t\t\t\t\t\t\t<li class=\"elementor-icon-list-item\">\n\t\t\t\t\t\t\t\t\t\t\t<span class=\"elementor-icon-list-icon\">\n\t\t\t\t\t\t\t<svg xmlns=\"http:\/\/www.w3.org\/2000\/svg\" id=\"Ebene_1\" viewbox=\"0 0 15 15\"><defs><style>      .st0 {        fill-rule: evenodd;      }    <\/style><\/defs><path class=\"st0\" d=\"M12.94,2.39c.34.24.41.71.17,1.05l-6.5,9c-.13.19-.34.3-.57.31-.23.01-.45-.08-.6-.26l-3.5-4c-.27-.31-.24-.79.07-1.06.31-.27.79-.24,1.06.07l2.88,3.29L11.89,2.56c.24-.34.71-.41,1.05-.17Z\"><\/path><\/svg>\t\t\t\t\t\t<\/span>\n\t\t\t\t\t\t\t\t\t\t<span class=\"elementor-icon-list-text\">Budgetplanning en doorlopende budgetcontrole<\/span>\n\t\t\t\t\t\t\t\t\t<\/li>\n\t\t\t\t\t\t\t\t<li class=\"elementor-icon-list-item\">\n\t\t\t\t\t\t\t\t\t\t\t<span class=\"elementor-icon-list-icon\">\n\t\t\t\t\t\t\t<svg xmlns=\"http:\/\/www.w3.org\/2000\/svg\" id=\"Ebene_1\" viewbox=\"0 0 15 15\"><defs><style>      .st0 {        fill-rule: evenodd;      }    <\/style><\/defs><path class=\"st0\" d=\"M12.94,2.39c.34.24.41.71.17,1.05l-6.5,9c-.13.19-.34.3-.57.31-.23.01-.45-.08-.6-.26l-3.5-4c-.27-.31-.24-.79.07-1.06.31-.27.79-.24,1.06.07l2.88,3.29L11.89,2.56c.24-.34.71-.41,1.05-.17Z\"><\/path><\/svg>\t\t\t\t\t\t<\/span>\n\t\t\t\t\t\t\t\t\t\t<span class=\"elementor-icon-list-text\">Onderzoek en selectie van geschikte locaties<\/span>\n\t\t\t\t\t\t\t\t\t<\/li>\n\t\t\t\t\t\t\t\t<li class=\"elementor-icon-list-item\">\n\t\t\t\t\t\t\t\t\t\t\t<span class=\"elementor-icon-list-icon\">\n\t\t\t\t\t\t\t<svg xmlns=\"http:\/\/www.w3.org\/2000\/svg\" id=\"Ebene_1\" viewbox=\"0 0 15 15\"><defs><style>      .st0 {        fill-rule: evenodd;      }    <\/style><\/defs><path class=\"st0\" d=\"M12.94,2.39c.34.24.41.71.17,1.05l-6.5,9c-.13.19-.34.3-.57.31-.23.01-.45-.08-.6-.26l-3.5-4c-.27-.31-.24-.79.07-1.06.31-.27.79-.24,1.06.07l2.88,3.29L11.89,2.56c.24-.34.71-.41,1.05-.17Z\"><\/path><\/svg>\t\t\t\t\t\t<\/span>\n\t\t\t\t\t\t\t\t\t\t<span class=\"elementor-icon-list-text\">Aanbeveling, co\u00f6rdinatie en harmonisatie van alle dienstverleners<\/span>\n\t\t\t\t\t\t\t\t\t<\/li>\n\t\t\t\t\t\t\t\t<li class=\"elementor-icon-list-item\">\n\t\t\t\t\t\t\t\t\t\t\t<span class=\"elementor-icon-list-icon\">\n\t\t\t\t\t\t\t<svg xmlns=\"http:\/\/www.w3.org\/2000\/svg\" id=\"Ebene_1\" viewbox=\"0 0 15 15\"><defs><style>      .st0 {        fill-rule: evenodd;      }    <\/style><\/defs><path class=\"st0\" d=\"M12.94,2.39c.34.24.41.71.17,1.05l-6.5,9c-.13.19-.34.3-.57.31-.23.01-.45-.08-.6-.26l-3.5-4c-.27-.31-.24-.79.07-1.06.31-.27.79-.24,1.06.07l2.88,3.29L11.89,2.56c.24-.34.71-.41,1.05-.17Z\"><\/path><\/svg>\t\t\t\t\t\t<\/span>\n\t\t\t\t\t\t\t\t\t\t<span class=\"elementor-icon-list-text\">Opstellen van een gedetailleerd tijd- en procesplan<\/span>\n\t\t\t\t\t\t\t\t\t<\/li>\n\t\t\t\t\t\t\t\t<li class=\"elementor-icon-list-item\">\n\t\t\t\t\t\t\t\t\t\t\t<span class=\"elementor-icon-list-icon\">\n\t\t\t\t\t\t\t<svg xmlns=\"http:\/\/www.w3.org\/2000\/svg\" id=\"Ebene_1\" viewbox=\"0 0 15 15\"><defs><style>      .st0 {        fill-rule: evenodd;      }    <\/style><\/defs><path class=\"st0\" d=\"M12.94,2.39c.34.24.41.71.17,1.05l-6.5,9c-.13.19-.34.3-.57.31-.23.01-.45-.08-.6-.26l-3.5-4c-.27-.31-.24-.79.07-1.06.31-.27.79-.24,1.06.07l2.88,3.29L11.89,2.56c.24-.34.71-.41,1.05-.17Z\"><\/path><\/svg>\t\t\t\t\t\t<\/span>\n\t\t\t\t\t\t\t\t\t\t<span class=\"elementor-icon-list-text\">Voortdurende communicatie en ondersteuning bij beslissingen<\/span>\n\t\t\t\t\t\t\t\t\t<\/li>\n\t\t\t\t\t\t\t\t<li class=\"elementor-icon-list-item\">\n\t\t\t\t\t\t\t\t\t\t\t<span class=\"elementor-icon-list-icon\">\n\t\t\t\t\t\t\t<svg xmlns=\"http:\/\/www.w3.org\/2000\/svg\" id=\"Ebene_1\" viewbox=\"0 0 15 15\"><defs><style>      .st0 {        fill-rule: evenodd;      }    <\/style><\/defs><path class=\"st0\" d=\"M12.94,2.39c.34.24.41.71.17,1.05l-6.5,9c-.13.19-.34.3-.57.31-.23.01-.45-.08-.6-.26l-3.5-4c-.27-.31-.24-.79.07-1.06.31-.27.79-.24,1.06.07l2.88,3.29L11.89,2.56c.24-.34.71-.41,1.05-.17Z\"><\/path><\/svg>\t\t\t\t\t\t<\/span>\n\t\t\t\t\t\t\t\t\t\t<span class=\"elementor-icon-list-text\">Algehele co\u00f6rdinatie op de trouwdag<\/span>\n\t\t\t\t\t\t\t\t\t<\/li>\n\t\t\t\t\t\t<\/ul>\n\t\t\t\t\t\t<\/div>\n\t\t\t\t<\/div>\n\t\t\t\t<div class=\"elementor-element elementor-element-b92f1dc elementor-align-left elementor-widget elementor-widget-global elementor-global-5350 elementor-widget-button\" data-id=\"b92f1dc\" data-element_type=\"widget\" data-e-type=\"widget\" data-widget_type=\"button.default\">\n\t\t\t\t<div class=\"elementor-widget-container\">\n\t\t\t\t\t\t\t\t\t<div class=\"elementor-button-wrapper\">\n\t\t\t\t\t<a class=\"elementor-button elementor-button-link elementor-size-sm\" href=\"https:\/\/stephanie-wedding.com\/nl\/kontakt\/\">\n\t\t\t\t\t\t<span class=\"elementor-button-content-wrapper\">\n\t\t\t\t\t\t\t\t\t<span class=\"elementor-button-text\">Eerste gesprek aanvragen<\/span>\n\t\t\t\t\t<\/span>\n\t\t\t\t\t<\/a>\n\t\t\t\t<\/div>\n\t\t\t\t\t\t\t\t<\/div>\n\t\t\t\t<\/div>\n\t\t\t\t<\/div>\n\t\t\t\t<\/div>\n\t\t<div class=\"elementor-element elementor-element-c517826 e-con-full elementor-hidden-mobile e-flex e-con e-parent\" data-id=\"c517826\" data-element_type=\"container\" data-e-type=\"container\">\n\t\t<div class=\"elementor-element elementor-element-5e0d8b9 e-flex e-con-boxed e-con e-child\" data-id=\"5e0d8b9\" data-element_type=\"container\" data-e-type=\"container\" data-settings=\"{&quot;background_background&quot;:&quot;classic&quot;}\">\n\t\t\t\t\t<div class=\"e-con-inner\">\n\t\t\t\t\t<\/div>\n\t\t\t\t<\/div>\n\t\t<div class=\"elementor-element elementor-element-d00d069 e-flex e-con-boxed e-con e-child\" data-id=\"d00d069\" data-element_type=\"container\" data-e-type=\"container\" data-settings=\"{&quot;background_background&quot;:&quot;classic&quot;}\">\n\t\t\t\t\t<div class=\"e-con-inner\">\n\t\t\t\t\t<\/div>\n\t\t\t\t<\/div>\n\t\t<div class=\"elementor-element elementor-element-eaf550c e-flex e-con-boxed e-con e-child\" data-id=\"eaf550c\" data-element_type=\"container\" data-e-type=\"container\" data-settings=\"{&quot;background_background&quot;:&quot;classic&quot;}\">\n\t\t\t\t\t<div class=\"e-con-inner\">\n\t\t\t\t\t<\/div>\n\t\t\t\t<\/div>\n\t\t\t\t<\/div>\n\t\t\t\t<\/div>","protected":false},"excerpt":{"rendered":"<p>Komplettplanung Vollumf\u00e4ngliche Unterst\u00fctzung f\u00fcr eure Hochzeit in \u00d6sterreich und S\u00fcddeutschland Beratungsgespr\u00e4ch vereinbaren Was Komplettplanung bedeutet Von der ersten Idee bis zum Hochzeitstag \u2013 strukturiert geplant und professionell umgesetzt Die Komplettplanung richtet sich an Paare, die ihre Hochzeit von Anfang an in professionelle H\u00e4nde geben m\u00f6chten. Von der ersten Konzeptidee \u00fcber die Auswahl aller Dienstleister bis [&hellip;]<\/p>\n","protected":false},"author":3,"featured_media":0,"parent":0,"menu_order":0,"comment_status":"closed","ping_status":"closed","template":"elementor_header_footer","meta":{"footnotes":""},"class_list":["post-4288","page","type-page","status-publish","hentry"],"_links":{"self":[{"href":"https:\/\/stephanie-wedding.com\/nl\/wp-json\/wp\/v2\/pages\/4288","targetHints":{"allow":["GET"]}}],"collection":[{"href":"https:\/\/stephanie-wedding.com\/nl\/wp-json\/wp\/v2\/pages"}],"about":[{"href":"https:\/\/stephanie-wedding.com\/nl\/wp-json\/wp\/v2\/types\/page"}],"author":[{"embeddable":true,"href":"https:\/\/stephanie-wedding.com\/nl\/wp-json\/wp\/v2\/users\/3"}],"replies":[{"embeddable":true,"href":"https:\/\/stephanie-wedding.com\/nl\/wp-json\/wp\/v2\/comments?post=4288"}],"version-history":[{"count":10,"href":"https:\/\/stephanie-wedding.com\/nl\/wp-json\/wp\/v2\/pages\/4288\/revisions"}],"predecessor-version":[{"id":6165,"href":"https:\/\/stephanie-wedding.com\/nl\/wp-json\/wp\/v2\/pages\/4288\/revisions\/6165"}],"wp:attachment":[{"href":"https:\/\/stephanie-wedding.com\/nl\/wp-json\/wp\/v2\/media?parent=4288"}],"curies":[{"name":"wp","href":"https:\/\/api.w.org\/{rel}","templated":true}]}}