{"id":2933,"date":"2025-07-01T10:37:46","date_gmt":"2025-07-01T08:37:46","guid":{"rendered":"https:\/\/stephanie-wedding.com\/?page_id=2933"},"modified":"2026-02-18T12:04:21","modified_gmt":"2026-02-18T11:04:21","slug":"opdruk","status":"publish","type":"page","link":"https:\/\/stephanie-wedding.com\/nl\/impressum\/","title":{"rendered":"Afdruk"},"content":{"rendered":"<p>informatie volgens \u00a7 5 telemediawet (tmg):<\/p>\n\n\n\n<p>Stephanie Menzdorf<br>Heiligenstatt 101H - 5211 Lengau<br>Telefoon: 0043 676 714 21 10<br>E-mail: info@stephanie-wedding.com<br><br>De inhoud van onze pagina's is met de grootste zorg samengesteld. We kunnen echter geen aansprakelijkheid aanvaarden voor de juistheid, volledigheid en actualiteit van de inhoud. Als dienstverlener zijn we verantwoordelijk voor onze eigen inhoud op deze pagina's in overeenstemming met \u00a7 7 para.1 TMG (Duitse Telemediawet) en algemene wetten. Volgens \u00a7\u00a7 8 tot 10 TMG zijn wij als dienstverlener echter niet verplicht om doorgegeven of opgeslagen informatie van derden te controleren of omstandigheden te onderzoeken die duiden op illegale activiteiten. Verplichtingen om informatie te verwijderen of het gebruik ervan te blokkeren in overeenstemming met de algemene wetgeving blijven hierdoor onaangetast. Aansprakelijkheid in dit opzicht is echter pas mogelijk vanaf het moment van kennis van een specifieke inbreuk. Zodra we kennis nemen van dergelijke inbreuken, zullen we deze inhoud onmiddellijk verwijderen.<br><br>Onze website bevat links naar externe websites van derden op de inhoud waarvan wij geen invloed hebben. Daarom kunnen wij geen aansprakelijkheid aanvaarden voor deze inhoud van derden. Voor de inhoud van de gelinkte pagina's is altijd de desbetreffende aanbieder of exploitant van de pagina's verantwoordelijk. De gekoppelde pagina's werden op het moment van koppelen gecontroleerd op mogelijke wetsovertredingen. Illegale inhoud was op het moment van linken niet herkenbaar. Een permanente controle van de inhoud van de gelinkte pagina's is echter niet redelijk zonder concrete aanwijzingen voor een overtreding. Als wij kennis krijgen van wetsovertredingen, zullen wij dergelijke links onmiddellijk verwijderen.<br><br>De door de sitebeheerders op deze pagina's gecre\u00eberde inhoud en werken vallen onder het Duitse auteursrecht. Voor vermenigvuldiging, bewerking, verspreiding en elke vorm van gebruik buiten de grenzen van het auteursrecht is de schriftelijke toestemming van de betreffende auteur of maker vereist. Downloads en kopie\u00ebn van deze site zijn alleen toegestaan voor priv\u00e9-, niet-commercieel gebruik. Voor zover de inhoud op deze site niet door de exploitant is gemaakt, worden de auteursrechten van derden gerespecteerd. Inhoud van derden wordt als zodanig aangeduid. Mocht u desondanks een inbreuk op het auteursrecht constateren, dan verzoeken wij u ons hiervan op de hoogte te stellen. Als wij kennis nemen van inbreuken, zullen wij dergelijke inhoud onmiddellijk verwijderen.<br><br>De exacte afbeeldingsbeschrijvingen zijn te vinden in het afbeeldingsbestand zelf.<\/p>\n\n\n\n<p>DISCLAIMER AANSPRAKELIJKHEID VOOR INHOUD<\/p>\n\n\n\n<p>AANSPRAKELIJKHEID VOOR LINKS<\/p>\n\n\n\n<p>Fonts gebruikt van www.onlinewebfonts.com: Le Jour Serif, TT Chocolate<\/p>\n\n\n\n<p>COPYRIGHT<\/p>\n\n\n\n<p>WEBIDEE CONCEPT REALISATIE:<br>MAIKRANZ GmbH<br>web &amp; bedrijf -\u00a0<a href=\"https:\/\/hochzeitsbusiness.com\/\" target=\"_blank\" rel=\"noopener\">weddingbusiness.nl<\/a><\/p>\n\n\n\n<p>ALLE RECHTEN VOORBEHOUDEN<\/p>\n\n\n\n<p><\/p>","protected":false},"excerpt":{"rendered":"<p>ANGABEN GEM\u00c4\u00df \u00a7 5 TELEMEDIENGESETZ (TMG): Stephanie MenzdorfHeiligenstatt 101H \u00b7 5211 LengauTelefon: 0043 676 714 21 10E-Mail: info@stephanie-wedding.com Die Inhalte unserer Seiten wurden mit gr\u00f6\u00dfter Sorgfalt erstellt. F\u00fcr die Richtigkeit, Vollst\u00e4ndigkeit und Aktualit\u00e4t der Inhalte k\u00f6nnen wir jedoch keine Gew\u00e4hr \u00fcbernehmen. Als Diensteanbieter sind wir gem\u00e4\u00df \u00a7 7 Abs.1 TMG f\u00fcr eigene Inhalte auf diesen [&hellip;]<\/p>\n","protected":false},"author":3,"featured_media":0,"parent":0,"menu_order":0,"comment_status":"closed","ping_status":"closed","template":"","meta":{"footnotes":""},"class_list":["post-2933","page","type-page","status-publish","hentry"],"_links":{"self":[{"href":"https:\/\/stephanie-wedding.com\/nl\/wp-json\/wp\/v2\/pages\/2933","targetHints":{"allow":["GET"]}}],"collection":[{"href":"https:\/\/stephanie-wedding.com\/nl\/wp-json\/wp\/v2\/pages"}],"about":[{"href":"https:\/\/stephanie-wedding.com\/nl\/wp-json\/wp\/v2\/types\/page"}],"author":[{"embeddable":true,"href":"https:\/\/stephanie-wedding.com\/nl\/wp-json\/wp\/v2\/users\/3"}],"replies":[{"embeddable":true,"href":"https:\/\/stephanie-wedding.com\/nl\/wp-json\/wp\/v2\/comments?post=2933"}],"version-history":[{"count":7,"href":"https:\/\/stephanie-wedding.com\/nl\/wp-json\/wp\/v2\/pages\/2933\/revisions"}],"predecessor-version":[{"id":5323,"href":"https:\/\/stephanie-wedding.com\/nl\/wp-json\/wp\/v2\/pages\/2933\/revisions\/5323"}],"wp:attachment":[{"href":"https:\/\/stephanie-wedding.com\/nl\/wp-json\/wp\/v2\/media?parent=2933"}],"curies":[{"name":"wp","href":"https:\/\/api.w.org\/{rel}","templated":true}]}}