{"id":6421,"date":"2026-02-24T09:39:39","date_gmt":"2026-02-24T08:39:39","guid":{"rendered":"https:\/\/stephanie-wedding.com\/?page_id=6421"},"modified":"2026-03-05T10:14:15","modified_gmt":"2026-03-05T09:14:15","slug":"style-shooting-natalie-marcel","status":"publish","type":"page","link":"https:\/\/stephanie-wedding.com\/en\/style-shooting-natalie-marcel\/","title":{"rendered":"Style Shooting Natalie &amp; Marcel"},"content":{"rendered":"<div data-elementor-type=\"wp-page\" data-elementor-id=\"6421\" class=\"elementor elementor-6421\" data-elementor-post-type=\"page\">\n\t\t\t\t<div class=\"elementor-element elementor-element-28db743 e-con-full e-flex e-con e-parent\" data-id=\"28db743\" data-element_type=\"container\" data-e-type=\"container\" data-settings=\"{&quot;background_background&quot;:&quot;classic&quot;}\">\n\t\t\t\t<div class=\"elementor-element elementor-element-6fad7b1 elementor-widget elementor-widget-heading\" data-id=\"6fad7b1\" data-element_type=\"widget\" data-e-type=\"widget\" data-widget_type=\"heading.default\">\n\t\t\t\t<div class=\"elementor-widget-container\">\n\t\t\t\t\t<h1 class=\"elementor-heading-title elementor-size-default\">Natalie &amp; Marcel<\/h1>\t\t\t\t<\/div>\n\t\t\t\t<\/div>\n\t\t\t\t<\/div>\n\t\t<div class=\"elementor-element elementor-element-0c0076d e-con-full e-flex e-con e-parent\" data-id=\"0c0076d\" data-element_type=\"container\" data-e-type=\"container\" data-settings=\"{&quot;background_background&quot;:&quot;classic&quot;}\">\n\t\t<div class=\"elementor-element elementor-element-7cbec0e e-con-full e-flex e-con e-child\" data-id=\"7cbec0e\" data-element_type=\"container\" data-e-type=\"container\">\n\t\t\t\t<div class=\"elementor-element elementor-element-838ef82 elementor-widget elementor-widget-gallery\" data-id=\"838ef82\" data-element_type=\"widget\" data-e-type=\"widget\" data-settings=\"{&quot;columns&quot;:3,&quot;aspect_ratio&quot;:&quot;1:1&quot;,&quot;columns_tablet&quot;:3,&quot;columns_mobile&quot;:3,&quot;lazyload&quot;:&quot;yes&quot;,&quot;gallery_layout&quot;:&quot;grid&quot;,&quot;gap&quot;:{&quot;unit&quot;:&quot;px&quot;,&quot;size&quot;:10,&quot;sizes&quot;:[]},&quot;gap_tablet&quot;:{&quot;unit&quot;:&quot;px&quot;,&quot;size&quot;:10,&quot;sizes&quot;:[]},&quot;gap_mobile&quot;:{&quot;unit&quot;:&quot;px&quot;,&quot;size&quot;:10,&quot;sizes&quot;:[]},&quot;content_hover_animation&quot;:&quot;fade-in&quot;}\" data-widget_type=\"gallery.default\">\n\t\t\t\t<div class=\"elementor-widget-container\">\n\t\t\t\t\t\t\t<div class=\"elementor-gallery__container\">\n\t\t\t\t\t\t\t<div class=\"e-gallery-item elementor-gallery-item elementor-animated-content\">\n\t\t\t\t\t<div class=\"e-gallery-image elementor-gallery-item__image\" data-thumbnail=\"https:\/\/stephanie-wedding.com\/wp-content\/uploads\/2026\/02\/stephanie-weddings-hochzeitsplanung-alm-20-1097x1536.jpg\" data-width=\"1097\" data-height=\"1536\" aria-label=\"Eine Frau im wei\u00dfen Gewand steht l\u00e4chelnd in einem gem\u00fctlichen Holzrestaurant mit gro\u00dfen Fenstern und einem Kamin, perfekt f\u00fcr eine Hochzeitsplanerin, die Traumhochzeiten in \u00d6sterreich oder S\u00fcddeutschland plant.\" role=\"img\" ><\/div>\n\t\t\t\t\t\t\t\t\t\t\t\t\t\t<\/div>\n\t\t\t\t\t\t\t<div class=\"e-gallery-item elementor-gallery-item elementor-animated-content\">\n\t\t\t\t\t<div class=\"e-gallery-image elementor-gallery-item__image\" data-thumbnail=\"https:\/\/stephanie-wedding.com\/wp-content\/uploads\/2026\/02\/stephanie-weddings-hochzeitsplanung-alm-10-1097x1536.jpg\" data-width=\"1097\" data-height=\"1536\" aria-label=\"Hochzeitseinladung mit floraler Umrandung, goldenem Ring in einer blauen Schachtel, Blumen und pastellfarbenen Umschl\u00e4gen auf einer Steinoberfl\u00e4che - perfekt f\u00fcr eine Hochzeit in \u00d6sterreich oder S\u00fcddeutschland.\" role=\"img\" ><\/div>\n\t\t\t\t\t\t\t\t\t\t\t\t\t\t<\/div>\n\t\t\t\t\t\t\t<div class=\"e-gallery-item elementor-gallery-item elementor-animated-content\">\n\t\t\t\t\t<div class=\"e-gallery-image elementor-gallery-item__image\" data-thumbnail=\"https:\/\/stephanie-wedding.com\/wp-content\/uploads\/2026\/02\/stephanie-weddings-hochzeitsplanung-alm-19-1024x1536.jpg\" data-width=\"1024\" data-height=\"1536\" aria-label=\"Ein Mann in einem hellblauen Hemd mit Hosentr\u00e4gern steht l\u00e4chelnd im Freien, mit einem bewaldeten Berg im Hintergrund - und f\u00e4ngt den Charme einer s\u00fcddeutschen Hochzeit ein.\" role=\"img\" ><\/div>\n\t\t\t\t\t\t\t\t\t\t\t\t\t\t<\/div>\n\t\t\t\t\t\t\t<div class=\"e-gallery-item elementor-gallery-item elementor-animated-content\">\n\t\t\t\t\t<div class=\"e-gallery-image elementor-gallery-item__image\" data-thumbnail=\"https:\/\/stephanie-wedding.com\/wp-content\/uploads\/2026\/02\/stephanie-weddings-hochzeitsplanung-alm-30-1097x1536.jpg\" data-width=\"1097\" data-height=\"1536\" aria-label=\"Hellgraue Weste und Hose h\u00e4ngen auf Geweih vor einer rustikalen Holzwand - ein stilvoller Hingucker f\u00fcr jede Hochzeit in S\u00fcddeutschland.\" role=\"img\" ><\/div>\n\t\t\t\t\t\t\t\t\t\t\t\t\t\t<\/div>\n\t\t\t\t\t\t\t<div class=\"e-gallery-item elementor-gallery-item elementor-animated-content\">\n\t\t\t\t\t<div class=\"e-gallery-image elementor-gallery-item__image\" data-thumbnail=\"https:\/\/stephanie-wedding.com\/wp-content\/uploads\/2026\/02\/stephanie-weddings-hochzeitsplanung-alm-14-1097x1536.jpg\" data-width=\"1097\" data-height=\"1536\" aria-label=\"Ein Buch mit der Aufschrift &quot;Carpe Diem&quot; liegt auf einem Tisch neben einer Vase mit blauen und wei\u00dfen Blumen, die an den Charme S\u00fcddeutschlands erinnern.\" role=\"img\" ><\/div>\n\t\t\t\t\t\t\t\t\t\t\t\t\t\t<\/div>\n\t\t\t\t\t\t\t<div class=\"e-gallery-item elementor-gallery-item elementor-animated-content\">\n\t\t\t\t\t<div class=\"e-gallery-image elementor-gallery-item__image\" data-thumbnail=\"https:\/\/stephanie-wedding.com\/wp-content\/uploads\/2026\/02\/stephanie-weddings-hochzeitsplanung-alm-15-1097x1536.jpg\" data-width=\"1097\" data-height=\"1536\" aria-label=\"Ein Paar steht l\u00e4chelnd zusammen bei einer Hochzeit im Freien in \u00d6sterreich, umgeben von bunten Blumenb\u00f6gen.\" role=\"img\" ><\/div>\n\t\t\t\t\t\t\t\t\t\t\t\t\t\t<\/div>\n\t\t\t\t\t\t\t<div class=\"e-gallery-item elementor-gallery-item elementor-animated-content\">\n\t\t\t\t\t<div class=\"e-gallery-image elementor-gallery-item__image\" data-thumbnail=\"https:\/\/stephanie-wedding.com\/wp-content\/uploads\/2026\/02\/stephanie-weddings-hochzeitsplanung-alm-16-1097x1536.jpg\" data-width=\"1097\" data-height=\"1536\" aria-label=\"Ein \u00e4rmelloses Kleid aus Spitze und T\u00fcll h\u00e4ngt auf einem Kleiderb\u00fcgel drau\u00dfen in einem Terrassencaf\u00e9 mit Bergen im Hintergrund, perfekt f\u00fcr eine Hochzeit in \u00d6sterreich.\" role=\"img\" ><\/div>\n\t\t\t\t\t\t\t\t\t\t\t\t\t\t<\/div>\n\t\t\t\t\t\t\t<div class=\"e-gallery-item elementor-gallery-item elementor-animated-content\">\n\t\t\t\t\t<div class=\"e-gallery-image elementor-gallery-item__image\" data-thumbnail=\"https:\/\/stephanie-wedding.com\/wp-content\/uploads\/2026\/02\/stephanie-weddings-hochzeitsplanung-alm-17-1097x1536.jpg\" data-width=\"1097\" data-height=\"1536\" aria-label=\"Ein gem\u00fctliches Picknick im Freien in S\u00fcddeutschland mit Brot, Obst, Geb\u00e4ck und Getr\u00e4nken auf einer Decke neben einem Holztisch - perfekt f\u00fcr eine intime Hochzeitsfeier.\" role=\"img\" ><\/div>\n\t\t\t\t\t\t\t\t\t\t\t\t\t\t<\/div>\n\t\t\t\t\t\t\t<div class=\"e-gallery-item elementor-gallery-item elementor-animated-content\">\n\t\t\t\t\t<div class=\"e-gallery-image elementor-gallery-item__image\" data-thumbnail=\"https:\/\/stephanie-wedding.com\/wp-content\/uploads\/2026\/02\/stephanie-weddings-hochzeitsplanung-alm-18-1097x1536.jpg\" data-width=\"1097\" data-height=\"1536\" aria-label=\"Eine florale Hochzeitstorte mit blauen und rosafarbenen Blumen steht auf einem mit Bl\u00fcten und Kerzen geschm\u00fcckten Tisch im Freien - die perfekte Inspiration f\u00fcr Ihre Feier in S\u00fcddeutschland, egal ob Sie eine Braut oder eine erfahrene Hochzeitsplanerin sind.\" role=\"img\" ><\/div>\n\t\t\t\t\t\t\t\t\t\t\t\t\t\t<\/div>\n\t\t\t\t\t\t\t<div class=\"e-gallery-item elementor-gallery-item elementor-animated-content\">\n\t\t\t\t\t<div class=\"e-gallery-image elementor-gallery-item__image\" data-thumbnail=\"https:\/\/stephanie-wedding.com\/wp-content\/uploads\/2026\/02\/stephanie-weddings-hochzeitsplanung-alm-22-1097x1536.jpg\" data-width=\"1097\" data-height=\"1536\" aria-label=\"In einem gem\u00fctlichen, warm beleuchteten Raum lockt ein Friseur einer Frau mit einem Lockenstab die Haare und bereitet sie auf eine sch\u00f6ne Hochzeit in \u00d6sterreich vor.\" role=\"img\" ><\/div>\n\t\t\t\t\t\t\t\t\t\t\t\t\t\t<\/div>\n\t\t\t\t\t\t\t<div class=\"e-gallery-item elementor-gallery-item elementor-animated-content\">\n\t\t\t\t\t<div class=\"e-gallery-image elementor-gallery-item__image\" data-thumbnail=\"https:\/\/stephanie-wedding.com\/wp-content\/uploads\/2026\/02\/stephanie-weddings-hochzeitsplanung-alm-24-1097x1536.jpg\" data-width=\"1097\" data-height=\"1536\" aria-label=\"Eine Frau in blauem Rock und Blumenkranz, vielleicht eine Hochzeitsplanerin aus S\u00fcddeutschland, sitzt auf einer Holzbr\u00fccke und h\u00e4lt einen Blumenstrau\u00df in der Hand, umgeben von Wasser und \u00fcppigem Gr\u00fcn.\" role=\"img\" ><\/div>\n\t\t\t\t\t\t\t\t\t\t\t\t\t\t<\/div>\n\t\t\t\t\t\t\t<div class=\"e-gallery-item elementor-gallery-item elementor-animated-content\">\n\t\t\t\t\t<div class=\"e-gallery-image elementor-gallery-item__image\" data-thumbnail=\"https:\/\/stephanie-wedding.com\/wp-content\/uploads\/2026\/02\/stephanie-weddings-hochzeitsplanung-alm-13-1097x1536.jpg\" data-width=\"1097\" data-height=\"1536\" aria-label=\"Hochzeitspapeterie mit floralen Motiven, einschlie\u00dflich Men\u00fcs, Einladungen und Namenskarten auf einer Steinoberfl\u00e4che - die perfekte Ausstattung f\u00fcr Ihre Hochzeit in \u00d6sterreich, liebevoll kuratiert von einer erfahrenen Hochzeitsplanerin.\" role=\"img\" ><\/div>\n\t\t\t\t\t\t\t\t\t\t\t\t\t\t<\/div>\n\t\t\t\t\t\t\t<div class=\"e-gallery-item elementor-gallery-item elementor-animated-content\">\n\t\t\t\t\t<div class=\"e-gallery-image elementor-gallery-item__image\" data-thumbnail=\"https:\/\/stephanie-wedding.com\/wp-content\/uploads\/2026\/01\/stephanie-weddings-hochzeitsplanung-alm-8-1097x1536.jpg\" data-width=\"1097\" data-height=\"1536\" aria-label=\"A couple stands at their outdoor wedding ceremony in Austria, surrounded by floral arrangements and a beautifully decorated table.\" role=\"img\" ><\/div>\n\t\t\t\t\t\t\t\t\t\t\t\t\t\t<\/div>\n\t\t\t\t\t\t\t<div class=\"e-gallery-item elementor-gallery-item elementor-animated-content\">\n\t\t\t\t\t<div class=\"e-gallery-image elementor-gallery-item__image\" data-thumbnail=\"https:\/\/stephanie-wedding.com\/wp-content\/uploads\/2026\/02\/stephanie-weddings-hochzeitsplanung-alm-21-1097x1536.jpg\" data-width=\"1097\" data-height=\"1536\" aria-label=\"Eine Glaskugel ruht auf einer stacheligen Distel auf einem verwitterten Holzpfosten, im Hintergrund ist ein verschwommener Berg zu sehen, der den rustikalen Charme S\u00fcddeutschlands einf\u00e4ngt.\" role=\"img\" ><\/div>\n\t\t\t\t\t\t\t\t\t\t\t\t\t\t<\/div>\n\t\t\t\t\t\t\t<div class=\"e-gallery-item elementor-gallery-item elementor-animated-content\">\n\t\t\t\t\t<div class=\"e-gallery-image elementor-gallery-item__image\" data-thumbnail=\"https:\/\/stephanie-wedding.com\/wp-content\/uploads\/2026\/02\/stephanie-weddings-hochzeitsplanung-alm-23-1097x1536.jpg\" data-width=\"1097\" data-height=\"1536\" aria-label=\"A couple embraces outdoors in Southern Germany; the woman holds a bouquet, wears a flower crown, and a long blue skirt, capturing the essence of a romantic wedding.\" role=\"img\" ><\/div>\n\t\t\t\t\t\t\t\t\t\t\t\t\t\t<\/div>\n\t\t\t\t\t\t\t<div class=\"e-gallery-item elementor-gallery-item elementor-animated-content\">\n\t\t\t\t\t<div class=\"e-gallery-image elementor-gallery-item__image\" data-thumbnail=\"https:\/\/stephanie-wedding.com\/wp-content\/uploads\/2026\/02\/stephanie-weddings-hochzeitsplanung-alm-25-1097x1536.jpg\" data-width=\"1097\" data-height=\"1536\" aria-label=\"Eine Hochzeitsplanerin arrangiert Blumen auf einem rustikalen Outdoor-Tisch mit einer hohen floralen Torte und weiteren Dekorationen - perfekt f\u00fcr eine Hochzeit in S\u00fcddeutschland.\" role=\"img\" ><\/div>\n\t\t\t\t\t\t\t\t\t\t\t\t\t\t<\/div>\n\t\t\t\t\t\t\t<div class=\"e-gallery-item elementor-gallery-item elementor-animated-content\">\n\t\t\t\t\t<div class=\"e-gallery-image elementor-gallery-item__image\" data-thumbnail=\"https:\/\/stephanie-wedding.com\/wp-content\/uploads\/2026\/02\/stephanie-weddings-hochzeitsplanung-alm-27-1097x1536.jpg\" data-width=\"1097\" data-height=\"1536\" aria-label=\"Ein langes salbeigr\u00fcnes und wei\u00dfes Kleid h\u00e4ngt im Freien mit den Bergen im Hintergrund - die perfekte Inspiration f\u00fcr eine Hochzeitsplanerin in \u00d6sterreich oder S\u00fcddeutschland; Jacke und Schuhe liegen auf einem Stuhl in der N\u00e4he.\" role=\"img\" ><\/div>\n\t\t\t\t\t\t\t\t\t\t\t\t\t\t<\/div>\n\t\t\t\t\t\t\t<div class=\"e-gallery-item elementor-gallery-item elementor-animated-content\">\n\t\t\t\t\t<div class=\"e-gallery-image elementor-gallery-item__image\" data-thumbnail=\"https:\/\/stephanie-wedding.com\/wp-content\/uploads\/2026\/02\/stephanie-weddings-hochzeitsplanung-alm-26-1097x1536.jpg\" data-width=\"1097\" data-height=\"1536\" aria-label=\"Ein Mann in Hosentr\u00e4gern und hellblauem Hemd steht am Fenster eines rustikalen, h\u00f6lzernen Raumes, bereit f\u00fcr eine Hochzeit in S\u00fcddeutschland.\" role=\"img\" ><\/div>\n\t\t\t\t\t\t\t\t\t\t\t\t\t\t<\/div>\n\t\t\t\t\t\t\t<div class=\"e-gallery-item elementor-gallery-item elementor-animated-content\">\n\t\t\t\t\t<div class=\"e-gallery-image elementor-gallery-item__image\" data-thumbnail=\"https:\/\/stephanie-wedding.com\/wp-content\/uploads\/2026\/02\/stephanie-weddings-hochzeitsplanung-alm-31-1097x1536.jpg\" data-width=\"1097\" data-height=\"1536\" aria-label=\"Ein goldener Diamantring ruht auf der Spitze eines wei\u00dfen St\u00f6ckelschuhs auf einer rustikalen Holzoberfl\u00e4che - die perfekte Inspiration f\u00fcr Ihre Hochzeit in \u00d6sterreich.\" role=\"img\" ><\/div>\n\t\t\t\t\t\t\t\t\t\t\t\t\t\t<\/div>\n\t\t\t\t\t\t\t<div class=\"e-gallery-item elementor-gallery-item elementor-animated-content\">\n\t\t\t\t\t<div class=\"e-gallery-image elementor-gallery-item__image\" data-thumbnail=\"https:\/\/stephanie-wedding.com\/wp-content\/uploads\/2026\/02\/stephanie-weddings-hochzeitsplanung-alm-11-1097x1536.jpg\" data-width=\"1097\" data-height=\"1536\" aria-label=\"Florale Hochzeitseinladung mit blauer Schleife auf einer strukturierten Steinoberfl\u00e4che - perfekt f\u00fcr Feiern in S\u00fcddeutschland oder \u00d6sterreich.\" role=\"img\" ><\/div>\n\t\t\t\t\t\t\t\t\t\t\t\t\t\t<\/div>\n\t\t\t\t\t\t\t<div class=\"e-gallery-item elementor-gallery-item elementor-animated-content\">\n\t\t\t\t\t<div class=\"e-gallery-image elementor-gallery-item__image\" data-thumbnail=\"https:\/\/stephanie-wedding.com\/wp-content\/uploads\/2026\/02\/stephanie-weddings-hochzeitsplanung-alm-28-1097x1536.jpg\" data-width=\"1097\" data-height=\"1536\" aria-label=\"Ein alter Stuhl im Freien, auf dem ein graues Jackett, blaue Hosentr\u00e4ger, eine Fliege und Manschettenkn\u00f6pfe drapiert sind - die perfekte Inspiration f\u00fcr eine Hochzeitsplanerin in \u00d6sterreich oder S\u00fcddeutschland.\" role=\"img\" ><\/div>\n\t\t\t\t\t\t\t\t\t\t\t\t\t\t<\/div>\n\t\t\t\t\t\t\t<div class=\"e-gallery-item elementor-gallery-item elementor-animated-content\">\n\t\t\t\t\t<div class=\"e-gallery-image elementor-gallery-item__image\" data-thumbnail=\"https:\/\/stephanie-wedding.com\/wp-content\/uploads\/2026\/02\/stephanie-weddings-hochzeitsplanung-alm-29-1097x1536.jpg\" data-width=\"1097\" data-height=\"1536\" aria-label=\"Ein hellgrauer Anzug, eine Weste und ein Hemd - perfekt f\u00fcr eine s\u00fcddeutsche Hochzeit - h\u00e4ngen an einem Geweih, das an einer rustikalen Holzwand \u00fcber einer Bank angebracht ist.\" role=\"img\" ><\/div>\n\t\t\t\t\t\t\t\t\t\t\t\t\t\t<\/div>\n\t\t\t\t\t\t\t<div class=\"e-gallery-item elementor-gallery-item elementor-animated-content\">\n\t\t\t\t\t<div class=\"e-gallery-image elementor-gallery-item__image\" data-thumbnail=\"https:\/\/stephanie-wedding.com\/wp-content\/uploads\/2026\/01\/stephanie-weddings-hochzeitsplanung-alm-7-1097x1536.jpg\" data-width=\"1097\" data-height=\"1536\" aria-label=\"Eine l\u00e4chelnde Frau in einem blauen Kleid lehnt sich an einen Mann in einer Weste, umgeben von Blumen im Freien - die perfekte Szene f\u00fcr eine Hochzeit in S\u00fcddeutschland.\" role=\"img\" ><\/div>\n\t\t\t\t\t\t\t\t\t\t\t\t\t\t<\/div>\n\t\t\t\t\t\t\t<div class=\"e-gallery-item elementor-gallery-item elementor-animated-content\">\n\t\t\t\t\t<div class=\"e-gallery-image elementor-gallery-item__image\" data-thumbnail=\"https:\/\/stephanie-wedding.com\/wp-content\/uploads\/2026\/01\/stephanie-weddings-hochzeitsplanung-alm-1-1097x1536.jpg\" data-width=\"1097\" data-height=\"1536\" aria-label=\"Eine Frau steht in einem rustikalen Holzzimmer in S\u00fcddeutschland und l\u00e4chelt in ihr Telefon neben einem mit pastellfarbenen Blumen und Kerzen geschm\u00fcckten Tisch - vielleicht ber\u00e4t sie ihre Hochzeitsplanerin f\u00fcr die perfekte Hochzeitsfeier.\" role=\"img\" ><\/div>\n\t\t\t\t\t\t\t\t\t\t\t\t\t\t<\/div>\n\t\t\t\t\t<\/div>\n\t\t\t\t\t<\/div>\n\t\t\t\t<\/div>\n\t\t\t\t<\/div>\n\t\t<div class=\"elementor-element elementor-element-6910033 e-con-full e-flex e-con e-child\" data-id=\"6910033\" data-element_type=\"container\" data-e-type=\"container\">\n\t\t\t\t<div class=\"elementor-element elementor-element-bd6dc8b elementor-widget__width-initial elementor-widget elementor-widget-heading\" data-id=\"bd6dc8b\" data-element_type=\"widget\" data-e-type=\"widget\" data-widget_type=\"heading.default\">\n\t\t\t\t<div class=\"elementor-widget-container\">\n\t\t\t\t\t<h2 class=\"elementor-heading-title elementor-size-default\">Style shoot on a mountain pasture<\/h2>\t\t\t\t<\/div>\n\t\t\t\t<\/div>\n\t\t\t\t<div class=\"elementor-element elementor-element-88297ad elementor-widget__width-initial elementor-widget elementor-widget-heading\" data-id=\"88297ad\" data-element_type=\"widget\" data-e-type=\"widget\" data-widget_type=\"heading.default\">\n\t\t\t\t<div class=\"elementor-widget-container\">\n\t\t\t\t\t<h3 class=\"elementor-heading-title elementor-size-default\">Colors: Light blue, apricot, pink, lilac, soft yellow\nPastel shades\n\n<\/h3>\t\t\t\t<\/div>\n\t\t\t\t<\/div>\n\t\t<div class=\"elementor-element elementor-element-c57e5b2 e-grid e-con-full e-con e-child\" data-id=\"c57e5b2\" data-element_type=\"container\" data-e-type=\"container\">\n\t\t\t\t<div class=\"elementor-element elementor-element-1208bfc elementor-widget elementor-widget-text-editor\" data-id=\"1208bfc\" data-element_type=\"widget\" data-e-type=\"widget\" data-widget_type=\"text-editor.default\">\n\t\t\t\t<div class=\"elementor-widget-container\">\n\t\t\t\t\t\t\t\t\t<p data-start=\"101\" data-end=\"217\"><strong data-start=\"101\" data-end=\"128\">Location: Tiergartenalm<\/strong><br data-start=\"128\" data-end=\"131\" \/>In the middle of the imposing mountain world of the Hochk\u00f6nig.<br data-start=\"179\" data-end=\"182\" \/>Expanse. Panorama. Summer evening light.<\/p><p data-start=\"219\" data-end=\"331\"><strong data-start=\"219\" data-end=\"293\">Color world: pastel shades - light blue, apricot, pink, lilac, soft yellow.<\/strong><br data-start=\"293\" data-end=\"296\" \/>Light. Delicate. Romantically playful.<\/p><p data-start=\"333\" data-end=\"382\"><strong data-start=\"333\" data-end=\"382\">Concept: A midsummer night's dream in the mountains.<br \/><\/strong>Delicate floral style. A modern interpretation.<\/p><p data-start=\"429\" data-end=\"544\">Weddings in the mountains no longer have to be traditional. They can be individual. Personal. Stylish.<\/p><p data-start=\"546\" data-end=\"581\">As unique as the couple themselves.<\/p><p data-start=\"1055\" data-end=\"1079\">\u00a0<\/p>\t\t\t\t\t\t\t\t<\/div>\n\t\t\t\t<\/div>\n\t\t\t\t<div class=\"elementor-element elementor-element-4ff3bdf elementor-widget elementor-widget-text-editor\" data-id=\"4ff3bdf\" data-element_type=\"widget\" data-e-type=\"widget\" data-widget_type=\"text-editor.default\">\n\t\t\t\t<div class=\"elementor-widget-container\">\n\t\t\t\t\t\t\t\t\t<p data-start=\"583\" data-end=\"598\"><strong data-start=\"583\" data-end=\"598\">Highlights:<br \/><\/strong><\/p><ul><li data-start=\"600\" data-end=\"644\">Opulent floristry in soft pastel shades.<\/li><li data-start=\"646\" data-end=\"710\">An impressive grape arch in front of a breathtaking mountain backdrop.<\/li><li data-start=\"712\" data-end=\"784\">Picnic in the mountains as an aperitif - relaxed, natural, special.<\/li><li data-start=\"786\" data-end=\"890\">Motorcycles as a wedding vehicle - the first ride together as a married couple through the alpine landscape.<\/li><li data-start=\"892\" data-end=\"966\">Floral wedding cake - romantic, detailed, perfectly staged.<\/li><li data-start=\"968\" data-end=\"1053\">Goosebump moments at the wedding ceremony - accompanied by an extraordinary singer.<\/li><\/ul><p data-pm-slice=\"1 1 []\">\u00a0<\/p><p data-pm-slice=\"1 1 []\">A shoot that shows:<br \/>The mountains are more than just tradition. They are the stage for modern, stylish and emotional weddings.<\/p>\t\t\t\t\t\t\t\t<\/div>\n\t\t\t\t<\/div>\n\t\t\t\t<\/div>\n\t\t\t\t<\/div>\n\t\t\t\t<\/div>\n\t\t\t\t<\/div>","protected":false},"excerpt":{"rendered":"<p>Natalie &amp; Marcel Style Shooting auf einer Alm Farben: Hellblau, Apricot, Rosa, Flieder, zartes Gelb Pastellt\u00f6ne Location: TiergartenalmMitten in der imposanten Bergwelt des Hochk\u00f6nig.Weite. Panorama. Sommerabend-Licht. Farbwelt: Pastellt\u00f6ne \u2013 Hellblau, Aprikot, Rosa, Flieder, zartes Gelb.Leicht. Zart. Romantisch verspielt. Konzept: Ein Sommernachtstraum in den Bergen.Zart-blumiger Stil. Modern interpretiert. Hochzeiten in den Bergen m\u00fcssen l\u00e4ngst nicht mehr [&hellip;]<\/p>\n","protected":false},"author":4,"featured_media":0,"parent":0,"menu_order":0,"comment_status":"closed","ping_status":"closed","template":"elementor_header_footer","meta":{"footnotes":""},"class_list":["post-6421","page","type-page","status-publish","hentry"],"_links":{"self":[{"href":"https:\/\/stephanie-wedding.com\/en\/wp-json\/wp\/v2\/pages\/6421","targetHints":{"allow":["GET"]}}],"collection":[{"href":"https:\/\/stephanie-wedding.com\/en\/wp-json\/wp\/v2\/pages"}],"about":[{"href":"https:\/\/stephanie-wedding.com\/en\/wp-json\/wp\/v2\/types\/page"}],"author":[{"embeddable":true,"href":"https:\/\/stephanie-wedding.com\/en\/wp-json\/wp\/v2\/users\/4"}],"replies":[{"embeddable":true,"href":"https:\/\/stephanie-wedding.com\/en\/wp-json\/wp\/v2\/comments?post=6421"}],"version-history":[{"count":10,"href":"https:\/\/stephanie-wedding.com\/en\/wp-json\/wp\/v2\/pages\/6421\/revisions"}],"predecessor-version":[{"id":6685,"href":"https:\/\/stephanie-wedding.com\/en\/wp-json\/wp\/v2\/pages\/6421\/revisions\/6685"}],"wp:attachment":[{"href":"https:\/\/stephanie-wedding.com\/en\/wp-json\/wp\/v2\/media?parent=6421"}],"curies":[{"name":"wp","href":"https:\/\/api.w.org\/{rel}","templated":true}]}}