{"id":6367,"date":"2026-02-24T08:50:33","date_gmt":"2026-02-24T07:50:33","guid":{"rendered":"https:\/\/stephanie-wedding.com\/?page_id=6367"},"modified":"2026-03-05T09:35:04","modified_gmt":"2026-03-05T08:35:04","slug":"style-shooting-madeleine-sebastian","status":"publish","type":"page","link":"https:\/\/stephanie-wedding.com\/en\/style-shooting-madeleine-sebastian\/","title":{"rendered":"Style Shooting Madeleine &amp; Sebastian"},"content":{"rendered":"<div data-elementor-type=\"wp-page\" data-elementor-id=\"6367\" class=\"elementor elementor-6367\" data-elementor-post-type=\"page\">\n\t\t\t\t<div class=\"elementor-element elementor-element-90c66bb e-con-full e-flex e-con e-parent\" data-id=\"90c66bb\" data-element_type=\"container\" data-e-type=\"container\" data-settings=\"{&quot;background_background&quot;:&quot;classic&quot;}\">\n\t\t\t\t<div class=\"elementor-element elementor-element-202f056 elementor-widget elementor-widget-heading\" data-id=\"202f056\" data-element_type=\"widget\" data-e-type=\"widget\" data-widget_type=\"heading.default\">\n\t\t\t\t<div class=\"elementor-widget-container\">\n\t\t\t\t\t<h1 class=\"elementor-heading-title elementor-size-default\">Madeleine &amp; Sebastian<\/h1>\t\t\t\t<\/div>\n\t\t\t\t<\/div>\n\t\t\t\t<\/div>\n\t\t<div class=\"elementor-element elementor-element-7d05b57 e-con-full e-flex e-con e-parent\" data-id=\"7d05b57\" data-element_type=\"container\" data-e-type=\"container\" data-settings=\"{&quot;background_background&quot;:&quot;classic&quot;}\">\n\t\t<div class=\"elementor-element elementor-element-b4871fb e-con-full e-flex e-con e-child\" data-id=\"b4871fb\" data-element_type=\"container\" data-e-type=\"container\">\n\t\t\t\t<div class=\"elementor-element elementor-element-1c48bb4 elementor-widget elementor-widget-gallery\" data-id=\"1c48bb4\" data-element_type=\"widget\" data-e-type=\"widget\" data-settings=\"{&quot;columns&quot;:3,&quot;aspect_ratio&quot;:&quot;1:1&quot;,&quot;columns_tablet&quot;:3,&quot;columns_mobile&quot;:3,&quot;lazyload&quot;:&quot;yes&quot;,&quot;gallery_layout&quot;:&quot;grid&quot;,&quot;gap&quot;:{&quot;unit&quot;:&quot;px&quot;,&quot;size&quot;:10,&quot;sizes&quot;:[]},&quot;gap_tablet&quot;:{&quot;unit&quot;:&quot;px&quot;,&quot;size&quot;:10,&quot;sizes&quot;:[]},&quot;gap_mobile&quot;:{&quot;unit&quot;:&quot;px&quot;,&quot;size&quot;:10,&quot;sizes&quot;:[]},&quot;content_hover_animation&quot;:&quot;fade-in&quot;}\" data-widget_type=\"gallery.default\">\n\t\t\t\t<div class=\"elementor-widget-container\">\n\t\t\t\t\t\t\t<div class=\"elementor-gallery__container\">\n\t\t\t\t\t\t\t<div class=\"e-gallery-item elementor-gallery-item elementor-animated-content\">\n\t\t\t\t\t<div class=\"e-gallery-image elementor-gallery-item__image\" data-thumbnail=\"https:\/\/stephanie-wedding.com\/wp-content\/uploads\/2026\/02\/berghochzeit-mountain-wedding-planning-by-stephanie34-1152x1536.jpg\" data-width=\"1152\" data-height=\"1536\" aria-label=\"Ein l\u00e4chelndes Paar in Hochzeitskleidung sitzt an einem Tisch mit lila Blumen, im Hintergrund die Berge - eine zauberhafte Szene, perfekt f\u00fcr eine Hochzeitsplanerin in \u00d6sterreich oder S\u00fcddeutschland.\" role=\"img\" ><\/div>\n\t\t\t\t\t\t\t\t\t\t\t\t\t\t<\/div>\n\t\t\t\t\t\t\t<div class=\"e-gallery-item elementor-gallery-item elementor-animated-content\">\n\t\t\t\t\t<div class=\"e-gallery-image elementor-gallery-item__image\" data-thumbnail=\"https:\/\/stephanie-wedding.com\/wp-content\/uploads\/2026\/02\/berghochzeit-mountain-wedding-planning-by-stephanie36-1152x1536.jpg\" data-width=\"1152\" data-height=\"1536\" aria-label=\"Drei Frauen, eine davon im Hochzeitskleid, l\u00e4cheln, w\u00e4hrend man in einem gem\u00fctlichen Holzzimmer Sekt in Gl\u00e4ser sch\u00fcttet, um eine unvergessliche Hochzeit in S\u00fcddeutschland zu feiern.\" role=\"img\" ><\/div>\n\t\t\t\t\t\t\t\t\t\t\t\t\t\t<\/div>\n\t\t\t\t\t\t\t<div class=\"e-gallery-item elementor-gallery-item elementor-animated-content\">\n\t\t\t\t\t<div class=\"e-gallery-image elementor-gallery-item__image\" data-thumbnail=\"https:\/\/stephanie-wedding.com\/wp-content\/uploads\/2026\/02\/berghochzeit-mountain-wedding-planning-by-stephanie37-1152x1536.jpg\" data-width=\"1152\" data-height=\"1536\" aria-label=\"Eine Visagistin tr\u00e4gt in einem gem\u00fctlichen holzget\u00e4felten Raum Rouge auf das Gesicht einer l\u00e4chelnden Frau auf, w\u00e4hrend sich eine Hochzeitsplanerin auf eine sch\u00f6ne Hochzeit in S\u00fcddeutschland vorbereitet.\" role=\"img\" ><\/div>\n\t\t\t\t\t\t\t\t\t\t\t\t\t\t<\/div>\n\t\t\t\t\t\t\t<div class=\"e-gallery-item elementor-gallery-item elementor-animated-content\">\n\t\t\t\t\t<div class=\"e-gallery-image elementor-gallery-item__image\" data-thumbnail=\"https:\/\/stephanie-wedding.com\/wp-content\/uploads\/2026\/02\/berghochzeit-mountain-wedding-planning-by-stephanie33-1152x1536.jpg\" data-width=\"1152\" data-height=\"1536\" aria-label=\"Eine Braut lehnt sich an die Schulter ihres Br\u00e4utigams, w\u00e4hrend sie im Freien nachdenklich in die Ferne blicken. Ein heiterer Hochzeitsmoment in S\u00fcddeutschland.\" role=\"img\" ><\/div>\n\t\t\t\t\t\t\t\t\t\t\t\t\t\t<\/div>\n\t\t\t\t\t\t\t<div class=\"e-gallery-item elementor-gallery-item elementor-animated-content\">\n\t\t\t\t\t<div class=\"e-gallery-image elementor-gallery-item__image\" data-thumbnail=\"https:\/\/stephanie-wedding.com\/wp-content\/uploads\/2026\/02\/berghochzeit-mountain-wedding-planning-by-stephanie32-1152x1536.jpg\" data-width=\"1152\" data-height=\"1536\" aria-label=\"Elegante Tischdekoration mit fliederfarbenen Kerzen, Blumen und Gedecken auf einem Holztisch - perfekt f\u00fcr eine Hochzeit in S\u00fcddeutschland, bereit f\u00fcr die G\u00e4ste, ein sch\u00f6nes Essen zu genie\u00dfen.\" role=\"img\" ><\/div>\n\t\t\t\t\t\t\t\t\t\t\t\t\t\t<\/div>\n\t\t\t\t\t\t\t<div class=\"e-gallery-item elementor-gallery-item elementor-animated-content\">\n\t\t\t\t\t<div class=\"e-gallery-image elementor-gallery-item__image\" data-thumbnail=\"https:\/\/stephanie-wedding.com\/wp-content\/uploads\/2026\/02\/berghochzeit-mountain-wedding-planning-by-stephanie35-1152x1536.jpg\" data-width=\"1152\" data-height=\"1536\" aria-label=\"Eine Hochzeitsplanerin arrangiert Desserts auf einem mit Kuchen und Geb\u00e4ck gedeckten Tisch bei einer Freiluftveranstaltung in S\u00fcddeutschland.\" role=\"img\" ><\/div>\n\t\t\t\t\t\t\t\t\t\t\t\t\t\t<\/div>\n\t\t\t\t\t\t\t<div class=\"e-gallery-item elementor-gallery-item elementor-animated-content\">\n\t\t\t\t\t<div class=\"e-gallery-image elementor-gallery-item__image\" data-thumbnail=\"https:\/\/stephanie-wedding.com\/wp-content\/uploads\/2026\/02\/berghochzeit-mountain-wedding-planning-by-stephanie39-1152x1536.jpg\" data-width=\"1152\" data-height=\"1536\" aria-label=\"Lavendel- und florale Hochzeitseinladungen mit B\u00e4ndern und Wachssiegeln, elegant arrangiert auf einer grauen strukturierten Oberfl\u00e4che - die perfekte Inspiration f\u00fcr Ihre Hochzeit in S\u00fcddeutschland oder jede Hochzeitsplanerin, die nach raffinierten Details sucht.\" role=\"img\" ><\/div>\n\t\t\t\t\t\t\t\t\t\t\t\t\t\t<\/div>\n\t\t\t\t\t\t\t<div class=\"e-gallery-item elementor-gallery-item elementor-animated-content\">\n\t\t\t\t\t<div class=\"e-gallery-image elementor-gallery-item__image\" data-thumbnail=\"https:\/\/stephanie-wedding.com\/wp-content\/uploads\/2025\/12\/berghochzeit-mountain-wedding-planning-by-stephanie28-1152x1536.jpg\" data-width=\"1152\" data-height=\"1536\" aria-label=\"Braut und Br\u00e4utigam stehen zusammen im Freien, umgeben von Blumenarrangements, mit den Bergen im Hintergrund - eine perfekte Hochzeit in S\u00fcddeutschland.\" role=\"img\" ><\/div>\n\t\t\t\t\t\t\t\t\t\t\t\t\t\t<\/div>\n\t\t\t\t\t\t\t<div class=\"e-gallery-item elementor-gallery-item elementor-animated-content\">\n\t\t\t\t\t<div class=\"e-gallery-image elementor-gallery-item__image\" data-thumbnail=\"https:\/\/stephanie-wedding.com\/wp-content\/uploads\/2025\/12\/berghochzeit-mountain-wedding-planning-by-stephanie18-1152x1536.jpg\" data-width=\"1152\" data-height=\"1536\" aria-label=\"Elegant white tiered cake and various desserts on a decorated table, styled by an experienced wedding planner, with flowers in the background - perfect for celebrations in Austria or Southern Germany.\" role=\"img\" ><\/div>\n\t\t\t\t\t\t\t\t\t\t\t\t\t\t<\/div>\n\t\t\t\t\t\t\t<div class=\"e-gallery-item elementor-gallery-item elementor-animated-content\">\n\t\t\t\t\t<div class=\"e-gallery-image elementor-gallery-item__image\" data-thumbnail=\"https:\/\/stephanie-wedding.com\/wp-content\/uploads\/2025\/12\/berghochzeit-mountain-wedding-planning-by-stephanie25-1152x1536.jpg\" data-width=\"1152\" data-height=\"1536\" aria-label=\"Bride and groom kiss outdoors among floral arrangements, with mountains and trees in the background \u2013 a memorable wedding in Austria, beautifully orchestrated by an experienced wedding planner.\" role=\"img\" ><\/div>\n\t\t\t\t\t\t\t\t\t\t\t\t\t\t<\/div>\n\t\t\t\t\t\t\t<div class=\"e-gallery-item elementor-gallery-item elementor-animated-content\">\n\t\t\t\t\t<div class=\"e-gallery-image elementor-gallery-item__image\" data-thumbnail=\"https:\/\/stephanie-wedding.com\/wp-content\/uploads\/2025\/12\/berghochzeit-mountain-wedding-planning-by-stephanie22-1152x1536.jpg\" data-width=\"1152\" data-height=\"1536\" aria-label=\"A bride and groom stand arm in arm in front of the mountains of Southern Germany, surrounded by flowers and wedding desserts - an unforgettable, perfectly planned wedding.\" role=\"img\" ><\/div>\n\t\t\t\t\t\t\t\t\t\t\t\t\t\t<\/div>\n\t\t\t\t\t\t\t<div class=\"e-gallery-item elementor-gallery-item elementor-animated-content\">\n\t\t\t\t\t<div class=\"e-gallery-image elementor-gallery-item__image\" data-thumbnail=\"https:\/\/stephanie-wedding.com\/wp-content\/uploads\/2025\/12\/berghochzeit-mountain-wedding-planning-by-stephanie23-1152x1536.jpg\" data-width=\"1152\" data-height=\"1536\" aria-label=\"Stephanie Menzdorf z\u00fcndet eine violette Kerze an einem elegant gedeckten Tisch im Freien mit Bergen im Hintergrund an und f\u00e4ngt damit den Charme einer Hochzeitsplanerin in S\u00fcddeutschland oder \u00d6sterreich ein.\" role=\"img\" ><\/div>\n\t\t\t\t\t\t\t\t\t\t\t\t\t\t<\/div>\n\t\t\t\t\t\t\t<div class=\"e-gallery-item elementor-gallery-item elementor-animated-content\">\n\t\t\t\t\t<div class=\"e-gallery-image elementor-gallery-item__image\" data-thumbnail=\"https:\/\/stephanie-wedding.com\/wp-content\/uploads\/2025\/12\/berghochzeit-mountain-wedding-planning-by-stephanie19-1152x1536.jpg\" data-width=\"1152\" data-height=\"1536\" aria-label=\"Elegante wei\u00dfe Stufentorte umgeben von lila Blumen und verschiedenen Desserts auf einem dekorierten Tisch im Freien, perfekt f\u00fcr eine Hochzeitsplanerin in S\u00fcddeutschland oder \u00d6sterreich.\" role=\"img\" ><\/div>\n\t\t\t\t\t\t\t\t\t\t\t\t\t\t<\/div>\n\t\t\t\t\t\t\t<div class=\"e-gallery-item elementor-gallery-item elementor-animated-content\">\n\t\t\t\t\t<div class=\"e-gallery-image elementor-gallery-item__image\" data-thumbnail=\"https:\/\/stephanie-wedding.com\/wp-content\/uploads\/2026\/02\/berghochzeit-mountain-wedding-planning-by-stephanie31-1152x1536.jpg\" data-width=\"1152\" data-height=\"1536\" aria-label=\"Elegante Hochzeitseinladung und zwei lavendelfarbene Namenskarten auf einer grauen Oberfl\u00e4che mit verstreuten lila Bl\u00fctenbl\u00e4ttern, perfekt f\u00fcr Paare, die ihre Hochzeit in S\u00fcddeutschland planen.\" role=\"img\" ><\/div>\n\t\t\t\t\t\t\t\t\t\t\t\t\t\t<\/div>\n\t\t\t\t\t\t\t<div class=\"e-gallery-item elementor-gallery-item elementor-animated-content\">\n\t\t\t\t\t<div class=\"e-gallery-image elementor-gallery-item__image\" data-thumbnail=\"https:\/\/stephanie-wedding.com\/wp-content\/uploads\/2025\/12\/berghochzeit-mountain-wedding-planning-by-stephanie24-1152x1536.jpg\" data-width=\"1152\" data-height=\"1536\" aria-label=\"Braut und Br\u00e4utigam stehen mit ihrer Hochzeitsplanerin und dem Trauredner im Freien, umrahmt von lilafarbenen Blumenarrangements und einem atemberaubenden Bergpanorama in S\u00fcddeutschland.\" role=\"img\" ><\/div>\n\t\t\t\t\t\t\t\t\t\t\t\t\t\t<\/div>\n\t\t\t\t\t\t\t<div class=\"e-gallery-item elementor-gallery-item elementor-animated-content\">\n\t\t\t\t\t<div class=\"e-gallery-image elementor-gallery-item__image\" data-thumbnail=\"https:\/\/stephanie-wedding.com\/wp-content\/uploads\/2025\/12\/berghochzeit-mountain-wedding-planning-by-stephanie15-1152x1536.jpg\" data-width=\"1152\" data-height=\"1536\" aria-label=\"A bride stands outdoors as a wedding planner adjusts her long veil on a grassy meadow with hills in the background, capturing a romantic wedding in Austria.\" role=\"img\" ><\/div>\n\t\t\t\t\t\t\t\t\t\t\t\t\t\t<\/div>\n\t\t\t\t\t\t\t<div class=\"e-gallery-item elementor-gallery-item elementor-animated-content\">\n\t\t\t\t\t<div class=\"e-gallery-image elementor-gallery-item__image\" data-thumbnail=\"https:\/\/stephanie-wedding.com\/wp-content\/uploads\/2025\/12\/berghochzeit-mountain-wedding-planning-by-stephanie14-1152x1536.jpg\" data-width=\"1152\" data-height=\"1536\" aria-label=\"Braut und Br\u00e4utigam laufen freudig Hand in Hand \u00fcber eine grasbewachsene Wiese mit Bergen im Hintergrund und fangen den Geist einer traumhaften Hochzeit in S\u00fcddeutschland ein.\" role=\"img\" ><\/div>\n\t\t\t\t\t\t\t\t\t\t\t\t\t\t<\/div>\n\t\t\t\t\t\t\t<div class=\"e-gallery-item elementor-gallery-item elementor-animated-content\">\n\t\t\t\t\t<div class=\"e-gallery-image elementor-gallery-item__image\" data-thumbnail=\"https:\/\/stephanie-wedding.com\/wp-content\/uploads\/2025\/12\/berghochzeit-mountain-wedding-planning-by-stephanie13-1152x1536.jpg\" data-width=\"1152\" data-height=\"1536\" aria-label=\"Braut und Br\u00e4utigam gehen auf einem Weg mit Bergen und B\u00e4umen im Hintergrund, perfekt f\u00fcr eine romantische Hochzeit in S\u00fcddeutschland.\" role=\"img\" ><\/div>\n\t\t\t\t\t\t\t\t\t\t\t\t\t\t<\/div>\n\t\t\t\t\t\t\t<div class=\"e-gallery-item elementor-gallery-item elementor-animated-content\">\n\t\t\t\t\t<div class=\"e-gallery-image elementor-gallery-item__image\" data-thumbnail=\"https:\/\/stephanie-wedding.com\/wp-content\/uploads\/2025\/12\/berghochzeit-mountain-wedding-planning-by-stephanie11-1152x1536.jpg\" data-width=\"1152\" data-height=\"1536\" aria-label=\"Der Br\u00e4utigam taucht die Braut beim Kuss im Freien ein. Die Berge und die gr\u00fcnen Felder S\u00fcddeutschlands bilden eine atemberaubende Kulisse.\" role=\"img\" ><\/div>\n\t\t\t\t\t\t\t\t\t\t\t\t\t\t<\/div>\n\t\t\t\t\t\t\t<div class=\"e-gallery-item elementor-gallery-item elementor-animated-content\">\n\t\t\t\t\t<div class=\"e-gallery-image elementor-gallery-item__image\" data-thumbnail=\"https:\/\/stephanie-wedding.com\/wp-content\/uploads\/2025\/12\/berghochzeit-mountain-wedding-planning-by-stephanie3-1152x1536.jpg\" data-width=\"1152\" data-height=\"1536\" aria-label=\"A woman, likely a wedding planner, pins a boutonniere onto a man&#039;s jacket outdoors in Austria, with both smiling on a meadow at their wedding.\" role=\"img\" ><\/div>\n\t\t\t\t\t\t\t\t\t\t\t\t\t\t<\/div>\n\t\t\t\t\t\t\t<div class=\"e-gallery-item elementor-gallery-item elementor-animated-content\">\n\t\t\t\t\t<div class=\"e-gallery-image elementor-gallery-item__image\" data-thumbnail=\"https:\/\/stephanie-wedding.com\/wp-content\/uploads\/2025\/12\/berghochzeit-mountain-wedding-planning-by-stephanie20-1152x1536.jpg\" data-width=\"1152\" data-height=\"1536\" aria-label=\"\" role=\"img\" ><\/div>\n\t\t\t\t\t\t\t\t\t\t\t\t\t\t<\/div>\n\t\t\t\t\t\t\t<div class=\"e-gallery-item elementor-gallery-item elementor-animated-content\">\n\t\t\t\t\t<div class=\"e-gallery-image elementor-gallery-item__image\" data-thumbnail=\"https:\/\/stephanie-wedding.com\/wp-content\/uploads\/2026\/02\/berghochzeit-mountain-wedding-planning-by-stephanie30-scaled-1-1152x1536.jpg\" data-width=\"1152\" data-height=\"1536\" aria-label=\"A bride, a groom, and a woman smile outdoors under flower arches with mountains in the background, capturing a magical wedding in Southern Germany.\" role=\"img\" ><\/div>\n\t\t\t\t\t\t\t\t\t\t\t\t\t\t<\/div>\n\t\t\t\t\t\t\t<div class=\"e-gallery-item elementor-gallery-item elementor-animated-content\">\n\t\t\t\t\t<div class=\"e-gallery-image elementor-gallery-item__image\" data-thumbnail=\"https:\/\/stephanie-wedding.com\/wp-content\/uploads\/2026\/02\/berghochzeit-mountain-wedding-planning-by-stephanie38-1152x1536.jpg\" data-width=\"1152\" data-height=\"1536\" aria-label=\"Drei Frauen in Kleidern, die wahrscheinlich eine Hochzeit feiern, stehen l\u00e4chelnd und lachend in einem warm beleuchteten Holzzimmer in S\u00fcddeutschland zusammen.\" role=\"img\" ><\/div>\n\t\t\t\t\t\t\t\t\t\t\t\t\t\t<\/div>\n\t\t\t\t\t\t\t<div class=\"e-gallery-item elementor-gallery-item elementor-animated-content\">\n\t\t\t\t\t<div class=\"e-gallery-image elementor-gallery-item__image\" data-thumbnail=\"https:\/\/stephanie-wedding.com\/wp-content\/uploads\/2025\/12\/berghochzeit-mountain-wedding-planning-by-stephanie5-1152x1536.jpg\" data-width=\"1152\" data-height=\"1536\" aria-label=\"Ein Br\u00e4utigam in einem grauen Anzug steht l\u00e4chelnd auf einer Wiese bei seiner Hochzeit in S\u00fcddeutschland, w\u00e4hrend die Braut in einem wei\u00dfen Kleid im Hintergrund verschwommen zu sehen ist.\" role=\"img\" ><\/div>\n\t\t\t\t\t\t\t\t\t\t\t\t\t\t<\/div>\n\t\t\t\t\t<\/div>\n\t\t\t\t\t<\/div>\n\t\t\t\t<\/div>\n\t\t\t\t<\/div>\n\t\t<div class=\"elementor-element elementor-element-19aa069 e-con-full e-flex e-con e-child\" data-id=\"19aa069\" data-element_type=\"container\" data-e-type=\"container\">\n\t\t\t\t<div class=\"elementor-element elementor-element-f550783 elementor-widget__width-initial elementor-widget elementor-widget-heading\" data-id=\"f550783\" data-element_type=\"widget\" data-e-type=\"widget\" data-widget_type=\"heading.default\">\n\t\t\t\t<div class=\"elementor-widget-container\">\n\t\t\t\t\t<h2 class=\"elementor-heading-title elementor-size-default\">Style Shooting Elegance in mauve<\/h2>\t\t\t\t<\/div>\n\t\t\t\t<\/div>\n\t\t\t\t<div class=\"elementor-element elementor-element-44d2ef0 elementor-widget__width-initial elementor-widget elementor-widget-heading\" data-id=\"44d2ef0\" data-element_type=\"widget\" data-e-type=\"widget\" data-widget_type=\"heading.default\">\n\t\t\t\t<div class=\"elementor-widget-container\">\n\t\t\t\t\t<h3 class=\"elementor-heading-title elementor-size-default\">Main color: Lilac\nShooting in the mountains\n<\/h3>\t\t\t\t<\/div>\n\t\t\t\t<\/div>\n\t\t<div class=\"elementor-element elementor-element-24627db e-grid e-con-full e-con e-child\" data-id=\"24627db\" data-element_type=\"container\" data-e-type=\"container\">\n\t\t\t\t<div class=\"elementor-element elementor-element-37bb487 elementor-widget elementor-widget-text-editor\" data-id=\"37bb487\" data-element_type=\"widget\" data-e-type=\"widget\" data-widget_type=\"text-editor.default\">\n\t\t\t\t<div class=\"elementor-widget-container\">\n\t\t\t\t\t\t\t\t\t<p data-start=\"113\" data-end=\"189\"><strong data-start=\"113\" data-end=\"149\">Color world: lilac &amp; soft purple.<\/strong><br data-start=\"149\" data-end=\"152\" \/>Gentle. Elegant. A modern interpretation.<\/p><p data-start=\"191\" data-end=\"281\"><strong data-start=\"191\" data-end=\"281\">Location: Windbeutelbaron - with a view of the imposing mountain backdrop of Berchtesgaden.<\/strong><\/p><p data-start=\"191\" data-end=\"281\">Alpine expanse. Clear air. A backdrop that speaks for itself. A setting that shows how extraordinary weddings in southern Germany and Austria can be. The mountains as a stage. Nature as the strongest design element.<\/p><p data-start=\"508\" data-end=\"558\"><strong data-start=\"508\" data-end=\"523\">Atmosphere:<\/strong><br data-start=\"523\" data-end=\"526\" \/>Soft light. Warm evening sun. Atmospheric contrasts between delicate purple tones and a powerful mountain landscape.<\/p>\t\t\t\t\t\t\t\t<\/div>\n\t\t\t\t<\/div>\n\t\t\t\t<div class=\"elementor-element elementor-element-d07725a elementor-widget elementor-widget-text-editor\" data-id=\"d07725a\" data-element_type=\"widget\" data-e-type=\"widget\" data-widget_type=\"text-editor.default\">\n\t\t\t\t<div class=\"elementor-widget-container\">\n\t\t\t\t\t\t\t\t\t<p data-start=\"644\" data-end=\"746\"><strong data-start=\"644\" data-end=\"658\">Highlight:<\/strong><br data-start=\"658\" data-end=\"661\" \/>The wedding cake &amp; sweet table - stylishly staged, designed with attention to detail.<\/p><p data-start=\"748\" data-end=\"802\">An elegant eye-catcher against a dramatic Alpine backdrop.<\/p><p data-start=\"804\" data-end=\"881\">A shoot that combines alpine aesthetics with modern wedding design.<\/p><p data-start=\"883\" data-end=\"920\" data-is-last-node=\"\" data-is-only-node=\"\">Natural. High quality. Impressive.<\/p>\t\t\t\t\t\t\t\t<\/div>\n\t\t\t\t<\/div>\n\t\t\t\t<\/div>\n\t\t\t\t<\/div>\n\t\t\t\t<\/div>\n\t\t\t\t<\/div>","protected":false},"excerpt":{"rendered":"<p>Madeleine &amp; Sebastian Style Shooting Elegance in Mauve Hauptfarbe: Flieder Shooting in den Bergen Farbwelt: Flieder &amp; zartes Lila.Sanft. Elegant. Modern interpretiert. Location: Windbeutelbaron \u2013 mit Blick auf die imposante Bergkulisse von Berchtesgaden. Alpine Weite. Klare Luft. Eine Kulisse, die f\u00fcr sich spricht. Ein Setting, das zeigt, wie au\u00dfergew\u00f6hnlich Hochzeiten in S\u00fcddeutschland und \u00d6sterreich sein [&hellip;]<\/p>\n","protected":false},"author":4,"featured_media":0,"parent":0,"menu_order":0,"comment_status":"closed","ping_status":"closed","template":"elementor_header_footer","meta":{"footnotes":""},"class_list":["post-6367","page","type-page","status-publish","hentry"],"_links":{"self":[{"href":"https:\/\/stephanie-wedding.com\/en\/wp-json\/wp\/v2\/pages\/6367","targetHints":{"allow":["GET"]}}],"collection":[{"href":"https:\/\/stephanie-wedding.com\/en\/wp-json\/wp\/v2\/pages"}],"about":[{"href":"https:\/\/stephanie-wedding.com\/en\/wp-json\/wp\/v2\/types\/page"}],"author":[{"embeddable":true,"href":"https:\/\/stephanie-wedding.com\/en\/wp-json\/wp\/v2\/users\/4"}],"replies":[{"embeddable":true,"href":"https:\/\/stephanie-wedding.com\/en\/wp-json\/wp\/v2\/comments?post=6367"}],"version-history":[{"count":10,"href":"https:\/\/stephanie-wedding.com\/en\/wp-json\/wp\/v2\/pages\/6367\/revisions"}],"predecessor-version":[{"id":6615,"href":"https:\/\/stephanie-wedding.com\/en\/wp-json\/wp\/v2\/pages\/6367\/revisions\/6615"}],"wp:attachment":[{"href":"https:\/\/stephanie-wedding.com\/en\/wp-json\/wp\/v2\/media?parent=6367"}],"curies":[{"name":"wp","href":"https:\/\/api.w.org\/{rel}","templated":true}]}}