{"id":6283,"date":"2026-02-23T13:33:24","date_gmt":"2026-02-23T12:33:24","guid":{"rendered":"https:\/\/stephanie-wedding.com\/?page_id=6283"},"modified":"2026-03-05T09:18:04","modified_gmt":"2026-03-05T08:18:04","slug":"styleshoot-milad-maryam","status":"publish","type":"page","link":"https:\/\/stephanie-wedding.com\/en\/styleshoot-milad-maryam\/","title":{"rendered":"Styleshoot Milad &amp; Maryam"},"content":{"rendered":"<div data-elementor-type=\"wp-page\" data-elementor-id=\"6283\" class=\"elementor elementor-6283\" data-elementor-post-type=\"page\">\n\t\t\t\t<div class=\"elementor-element elementor-element-e0308d6 e-con-full e-flex e-con e-parent\" data-id=\"e0308d6\" data-element_type=\"container\" data-e-type=\"container\" data-settings=\"{&quot;background_background&quot;:&quot;classic&quot;}\">\n\t\t\t\t<div class=\"elementor-element elementor-element-190bab1 elementor-widget elementor-widget-heading\" data-id=\"190bab1\" data-element_type=\"widget\" data-e-type=\"widget\" data-widget_type=\"heading.default\">\n\t\t\t\t<div class=\"elementor-widget-container\">\n\t\t\t\t\t<h1 class=\"elementor-heading-title elementor-size-default\">Milad &amp; Maryam<\/h1>\t\t\t\t<\/div>\n\t\t\t\t<\/div>\n\t\t\t\t<\/div>\n\t\t<div class=\"elementor-element elementor-element-758cd1f e-con-full e-flex e-con e-parent\" data-id=\"758cd1f\" data-element_type=\"container\" data-e-type=\"container\" data-settings=\"{&quot;background_background&quot;:&quot;classic&quot;}\">\n\t\t<div class=\"elementor-element elementor-element-c5249d8 e-con-full e-flex e-con e-child\" data-id=\"c5249d8\" data-element_type=\"container\" data-e-type=\"container\">\n\t\t\t\t<div class=\"elementor-element elementor-element-12a9469 elementor-widget elementor-widget-gallery\" data-id=\"12a9469\" data-element_type=\"widget\" data-e-type=\"widget\" data-settings=\"{&quot;columns&quot;:3,&quot;aspect_ratio&quot;:&quot;1:1&quot;,&quot;columns_tablet&quot;:3,&quot;columns_mobile&quot;:3,&quot;lazyload&quot;:&quot;yes&quot;,&quot;gallery_layout&quot;:&quot;grid&quot;,&quot;gap&quot;:{&quot;unit&quot;:&quot;px&quot;,&quot;size&quot;:10,&quot;sizes&quot;:[]},&quot;gap_tablet&quot;:{&quot;unit&quot;:&quot;px&quot;,&quot;size&quot;:10,&quot;sizes&quot;:[]},&quot;gap_mobile&quot;:{&quot;unit&quot;:&quot;px&quot;,&quot;size&quot;:10,&quot;sizes&quot;:[]},&quot;content_hover_animation&quot;:&quot;fade-in&quot;}\" data-widget_type=\"gallery.default\">\n\t\t\t\t<div class=\"elementor-widget-container\">\n\t\t\t\t\t\t\t<div class=\"elementor-gallery__container\">\n\t\t\t\t\t\t\t<div class=\"e-gallery-item elementor-gallery-item elementor-animated-content\">\n\t\t\t\t\t<div class=\"e-gallery-image elementor-gallery-item__image\" data-thumbnail=\"https:\/\/stephanie-wedding.com\/wp-content\/uploads\/2025\/12\/SchlossWolfsegg_Oesterreich-hochzeitsplanerin-stephanie-weddings-43-1024x1536.jpg\" data-width=\"1024\" data-height=\"1536\" aria-label=\"Eine Braut in einem wei\u00dfen Kleid sitzt, w\u00e4hrend der Br\u00e4utigam in einem beigen Anzug neben ihr auf einer Wiese vor einem wei\u00dfen Geb\u00e4ude steht - ein bezaubernder Moment, der von einer Hochzeitsplanerin in S\u00fcddeutschland oder \u00d6sterreich gestaltet wurde.\" role=\"img\" ><\/div>\n\t\t\t\t\t\t\t\t\t\t\t\t\t\t<\/div>\n\t\t\t\t\t\t\t<div class=\"e-gallery-item elementor-gallery-item elementor-animated-content\">\n\t\t\t\t\t<div class=\"e-gallery-image elementor-gallery-item__image\" data-thumbnail=\"https:\/\/stephanie-wedding.com\/wp-content\/uploads\/2025\/12\/SchlossWolfsegg_Oesterreich-hochzeitsplanerin-stephanie-weddings-32-1024x1536.jpg\" data-width=\"1024\" data-height=\"1536\" aria-label=\"Eine Frau in einem Spitzenhochzeitskleid sitzt neben einem Stuhl und schaut in die Kamera auf diesem schwarz-wei\u00dfen Hochzeitsfoto aus \u00d6sterreich.\" role=\"img\" ><\/div>\n\t\t\t\t\t\t\t\t\t\t\t\t\t\t<\/div>\n\t\t\t\t\t\t\t<div class=\"e-gallery-item elementor-gallery-item elementor-animated-content\">\n\t\t\t\t\t<div class=\"e-gallery-image elementor-gallery-item__image\" data-thumbnail=\"https:\/\/stephanie-wedding.com\/wp-content\/uploads\/2025\/12\/SchlossWolfsegg_Oesterreich-hochzeitsplanerin-stephanie-weddings-41-1024x1536.jpg\" data-width=\"1024\" data-height=\"1536\" aria-label=\"Bride and groom holding hands outdoors in front of a white building, surrounded by flowers - perfect for a romantic wedding in Austria, accompanied by an experienced wedding planner.\" role=\"img\" ><\/div>\n\t\t\t\t\t\t\t\t\t\t\t\t\t\t<\/div>\n\t\t\t\t\t\t\t<div class=\"e-gallery-item elementor-gallery-item elementor-animated-content\">\n\t\t\t\t\t<div class=\"e-gallery-image elementor-gallery-item__image\" data-thumbnail=\"https:\/\/stephanie-wedding.com\/wp-content\/uploads\/2025\/12\/schlosswolfsegg_oesterreich-hochzeitsplanerin-stephanie-weddings-35-1024x1536.jpg\" data-width=\"1024\" data-height=\"1536\" aria-label=\"Smiling woman, Stephanie Menzdorf, in a pink blazer, holding a folder, standing outdoors on a sunny day near flowers, possibly at a wedding in southern Germany or Austria.\" role=\"img\" ><\/div>\n\t\t\t\t\t\t\t\t\t\t\t\t\t\t<\/div>\n\t\t\t\t\t\t\t<div class=\"e-gallery-item elementor-gallery-item elementor-animated-content\">\n\t\t\t\t\t<div class=\"e-gallery-image elementor-gallery-item__image\" data-thumbnail=\"https:\/\/stephanie-wedding.com\/wp-content\/uploads\/2025\/12\/SchlossWolfsegg_Oesterreich-hochzeitsplanerin-stephanie-weddings-37-1024x1536.jpg\" data-width=\"1024\" data-height=\"1536\" aria-label=\"Eine Braut in einem wei\u00dfen Kleid h\u00e4lt rosa Blumen in der Hand und geht im Freien auf einem Weg in der N\u00e4he von Gr\u00fcn und B\u00e4umen spazieren - perfekt f\u00fcr jede Hochzeitsplanerin in \u00d6sterreich oder S\u00fcddeutschland, die nach romantischer Inspiration sucht.\" role=\"img\" ><\/div>\n\t\t\t\t\t\t\t\t\t\t\t\t\t\t<\/div>\n\t\t\t\t\t\t\t<div class=\"e-gallery-item elementor-gallery-item elementor-animated-content\">\n\t\t\t\t\t<div class=\"e-gallery-image elementor-gallery-item__image\" data-thumbnail=\"https:\/\/stephanie-wedding.com\/wp-content\/uploads\/2025\/12\/SchlossWolfsegg_Oesterreich-hochzeitsplanerin-stephanie-weddings-39-1024x1536.jpg\" data-width=\"1024\" data-height=\"1536\" aria-label=\"Braut und Br\u00e4utigam halten sich vor einer wei\u00dfen Villa in S\u00fcddeutschland an den H\u00e4nden, umgeben von floraler Hochzeitsdekoration - perfekt gestylt von einer erfahrenen Hochzeitsplanerin.\" role=\"img\" ><\/div>\n\t\t\t\t\t\t\t\t\t\t\t\t\t\t<\/div>\n\t\t\t\t\t\t\t<div class=\"e-gallery-item elementor-gallery-item elementor-animated-content\">\n\t\t\t\t\t<div class=\"e-gallery-image elementor-gallery-item__image\" data-thumbnail=\"https:\/\/stephanie-wedding.com\/wp-content\/uploads\/2025\/12\/SchlossWolfsegg_Oesterreich-hochzeitsplanerin-stephanie-weddings-38-1024x1536.jpg\" data-width=\"1024\" data-height=\"1536\" aria-label=\"A bride in a long white dress walks down an outdoor aisle at a beautiful wedding in Austria towards her groom as guests stand on either side.\" role=\"img\" ><\/div>\n\t\t\t\t\t\t\t\t\t\t\t\t\t\t<\/div>\n\t\t\t\t\t\t\t<div class=\"e-gallery-item elementor-gallery-item elementor-animated-content\">\n\t\t\t\t\t<div class=\"e-gallery-image elementor-gallery-item__image\" data-thumbnail=\"https:\/\/stephanie-wedding.com\/wp-content\/uploads\/2025\/12\/SchlossWolfsegg_Oesterreich-hochzeitsplanerin-stephanie-weddings-23-1024x1536.jpg\" data-width=\"1024\" data-height=\"1536\" aria-label=\"A wedding planner helps a bride in a white, off-the-shoulder dress adjust her necklace before the wedding in Southern Germany.\" role=\"img\" ><\/div>\n\t\t\t\t\t\t\t\t\t\t\t\t\t\t<\/div>\n\t\t\t\t\t\t\t<div class=\"e-gallery-item elementor-gallery-item elementor-animated-content\">\n\t\t\t\t\t<div class=\"e-gallery-image elementor-gallery-item__image\" data-thumbnail=\"https:\/\/stephanie-wedding.com\/wp-content\/uploads\/2025\/12\/SchlossWolfsegg_Oesterreich-hochzeitsplanerin-stephanie-weddings-34-1024x1536.jpg\" data-width=\"1024\" data-height=\"1536\" aria-label=\"Wei\u00dfe skulpturale Sockel, geschm\u00fcckt mit rosa und wei\u00dfen Blumen, B\u00e4ndern und Kerzen, bilden einen eleganten Rahmen f\u00fcr die Hochzeit auf dem Rasen in der N\u00e4he eines stattlichen Geb\u00e4udes in S\u00fcddeutschland oder \u00d6sterreich.\" role=\"img\" ><\/div>\n\t\t\t\t\t\t\t\t\t\t\t\t\t\t<\/div>\n\t\t\t\t\t\t\t<div class=\"e-gallery-item elementor-gallery-item elementor-animated-content\">\n\t\t\t\t\t<div class=\"e-gallery-image elementor-gallery-item__image\" data-thumbnail=\"https:\/\/stephanie-wedding.com\/wp-content\/uploads\/2025\/12\/SchlossWolfsegg_Oesterreich-hochzeitsplanerin-stephanie-weddings-30-1024x1536.jpg\" data-width=\"1024\" data-height=\"1536\" aria-label=\"Die Braut im wei\u00dfen Spitzenhochzeitskleid st\u00fctzt ihren Kopf auf einen Vintage-Stuhl und blickt mit geschlossenen Augen nach unten - eingefangen von einer Hochzeitsplanerin in S\u00fcddeutschland f\u00fcr zeitlose Eleganz.\" role=\"img\" ><\/div>\n\t\t\t\t\t\t\t\t\t\t\t\t\t\t<\/div>\n\t\t\t\t\t\t\t<div class=\"e-gallery-item elementor-gallery-item elementor-animated-content\">\n\t\t\t\t\t<div class=\"e-gallery-image elementor-gallery-item__image\" data-thumbnail=\"https:\/\/stephanie-wedding.com\/wp-content\/uploads\/2025\/12\/SchlossWolfsegg_Oesterreich-hochzeitsplanerin-stephanie-weddings-11-1024x1536.jpg\" data-width=\"1024\" data-height=\"1536\" aria-label=\"A couple in wedding attire smiles and clinks glasses at an outdoor wedding in Southern Germany.\" role=\"img\" ><\/div>\n\t\t\t\t\t\t\t\t\t\t\t\t\t\t<\/div>\n\t\t\t\t\t\t\t<div class=\"e-gallery-item elementor-gallery-item elementor-animated-content\">\n\t\t\t\t\t<div class=\"e-gallery-image elementor-gallery-item__image\" data-thumbnail=\"https:\/\/stephanie-wedding.com\/wp-content\/uploads\/2025\/12\/SchlossWolfsegg_Oesterreich-hochzeitsplanerin-stephanie-weddings-17-1024x1536.jpg\" data-width=\"1024\" data-height=\"1536\" aria-label=\"A man in a beige suit adjusts his waistcoat, wearing a patterned bow tie, a watch, and a matching pocket square -- perfectly styled for a wedding in Austria.\" role=\"img\" ><\/div>\n\t\t\t\t\t\t\t\t\t\t\t\t\t\t<\/div>\n\t\t\t\t\t\t\t<div class=\"e-gallery-item elementor-gallery-item elementor-animated-content\">\n\t\t\t\t\t<div class=\"e-gallery-image elementor-gallery-item__image\" data-thumbnail=\"https:\/\/stephanie-wedding.com\/wp-content\/uploads\/2025\/12\/SchlossWolfsegg_Oesterreich-hochzeitsplanerin-stephanie-weddings-42-1024x1536.jpg\" data-width=\"1024\" data-height=\"1536\" aria-label=\"The bride in a white dress and the groom in a beige suit pose in front of a large white building with floral decorations, capturing the elegance of a wedding in Southern Germany.\" role=\"img\" ><\/div>\n\t\t\t\t\t\t\t\t\t\t\t\t\t\t<\/div>\n\t\t\t\t\t\t\t<div class=\"e-gallery-item elementor-gallery-item elementor-animated-content\">\n\t\t\t\t\t<div class=\"e-gallery-image elementor-gallery-item__image\" data-thumbnail=\"https:\/\/stephanie-wedding.com\/wp-content\/uploads\/2025\/12\/SchlossWolfsegg_Oesterreich-hochzeitsplanerin-stephanie-weddings-12-1024x1536.jpg\" data-width=\"1024\" data-height=\"1536\" aria-label=\"White bridal shoes, perfume, wedding invitations, a ring box, and a ribbon on a light tile floor - the perfect inspiration for your wedding in Austria or for any wedding planner looking for timeless elegance.\" role=\"img\" ><\/div>\n\t\t\t\t\t\t\t\t\t\t\t\t\t\t<\/div>\n\t\t\t\t\t\t\t<div class=\"e-gallery-item elementor-gallery-item elementor-animated-content\">\n\t\t\t\t\t<div class=\"e-gallery-image elementor-gallery-item__image\" data-thumbnail=\"https:\/\/stephanie-wedding.com\/wp-content\/uploads\/2025\/12\/SchlossWolfsegg_Oesterreich-hochzeitsplanerin-stephanie-weddings-27-1024x1536.jpg\" data-width=\"1024\" data-height=\"1536\" aria-label=\"Eine Frau in einem wei\u00dfen Spitzenhochzeitskleid sitzt auf einem Stuhl und blickt mit sanftem Ausdruck in die Kamera - so wird die Eleganz einer Hochzeit in \u00d6sterreich eingefangen.\" role=\"img\" ><\/div>\n\t\t\t\t\t\t\t\t\t\t\t\t\t\t<\/div>\n\t\t\t\t\t\t\t<div class=\"e-gallery-item elementor-gallery-item elementor-animated-content\">\n\t\t\t\t\t<div class=\"e-gallery-image elementor-gallery-item__image\" data-thumbnail=\"https:\/\/stephanie-wedding.com\/wp-content\/uploads\/2025\/12\/SchlossWolfsegg_Oesterreich-hochzeitsplanerin-stephanie-weddings-10-1024x1536.jpg\" data-width=\"1024\" data-height=\"1536\" aria-label=\"Ein formell gekleidetes Paar st\u00f6\u00dft im Freien mit Sektgl\u00e4sern an und l\u00e4chelt sich an einem Tisch mit weiteren Gl\u00e4sern zu, um ihre Hochzeit in \u00d6sterreich zu feiern.\" role=\"img\" ><\/div>\n\t\t\t\t\t\t\t\t\t\t\t\t\t\t<\/div>\n\t\t\t\t\t\t\t<div class=\"e-gallery-item elementor-gallery-item elementor-animated-content\">\n\t\t\t\t\t<div class=\"e-gallery-image elementor-gallery-item__image\" data-thumbnail=\"https:\/\/stephanie-wedding.com\/wp-content\/uploads\/2025\/12\/SchlossWolfsegg_Oesterreich-hochzeitsplanerin-stephanie-weddings-14-1024x1536.jpg\" data-width=\"1024\" data-height=\"1536\" aria-label=\"Ein wei\u00dfes Hochzeitskleid mit Kn\u00f6pfen ist \u00fcber einen antiken gr\u00fcnen Stuhl im Sonnenlicht drapiert und f\u00e4ngt die romantische Stimmung einer Hochzeit in S\u00fcddeutschland oder \u00d6sterreich ein.\" role=\"img\" ><\/div>\n\t\t\t\t\t\t\t\t\t\t\t\t\t\t<\/div>\n\t\t\t\t\t\t\t<div class=\"e-gallery-item elementor-gallery-item elementor-animated-content\">\n\t\t\t\t\t<div class=\"e-gallery-image elementor-gallery-item__image\" data-thumbnail=\"https:\/\/stephanie-wedding.com\/wp-content\/uploads\/2025\/12\/SchlossWolfsegg_Oesterreich-hochzeitsplanerin-stephanie-weddings-19-1536x1024.jpg\" data-width=\"1536\" data-height=\"1024\" aria-label=\"Eine Braut in einem wei\u00dfen Kleid tr\u00e4gt vor einem Spiegel Lippenstift auf, mit dem R\u00fccken zur Kamera - ein ruhiger Moment an ihrem Hochzeitstag in \u00d6sterreich.\" role=\"img\" ><\/div>\n\t\t\t\t\t\t\t\t\t\t\t\t\t\t<\/div>\n\t\t\t\t\t\t\t<div class=\"e-gallery-item elementor-gallery-item elementor-animated-content\">\n\t\t\t\t\t<div class=\"e-gallery-image elementor-gallery-item__image\" data-thumbnail=\"https:\/\/stephanie-wedding.com\/wp-content\/uploads\/2025\/12\/SchlossWolfsegg_Oesterreich-hochzeitsplanerin-stephanie-weddings-31-1024x1536.jpg\" data-width=\"1024\" data-height=\"1536\" aria-label=\"Eine Frau im Spitzenhochzeitskleid sitzt auf dem Boden, an einen verzierten Stuhl gelehnt, und schaut in die Kamera - die perfekte Inspiration f\u00fcr eine Hochzeitsplanerin in \u00d6sterreich oder S\u00fcddeutschland.\" role=\"img\" ><\/div>\n\t\t\t\t\t\t\t\t\t\t\t\t\t\t<\/div>\n\t\t\t\t\t\t\t<div class=\"e-gallery-item elementor-gallery-item elementor-animated-content\">\n\t\t\t\t\t<div class=\"e-gallery-image elementor-gallery-item__image\" data-thumbnail=\"https:\/\/stephanie-wedding.com\/wp-content\/uploads\/2025\/12\/SchlossWolfsegg_Oesterreich-hochzeitsplanerin-stephanie-weddings-16-1024x1536.jpg\" data-width=\"1024\" data-height=\"1536\" aria-label=\"Ein wei\u00dfes Hochzeitskleid h\u00e4ngt an einer dunklen Glast\u00fcr, umrahmt von Gr\u00fcnpflanzen und einem Steinweg - eine idyllische Szene, die eine Hochzeitsplanerin in S\u00fcddeutschland oder \u00d6sterreich schaffen k\u00f6nnte.\" role=\"img\" ><\/div>\n\t\t\t\t\t\t\t\t\t\t\t\t\t\t<\/div>\n\t\t\t\t\t\t\t<div class=\"e-gallery-item elementor-gallery-item elementor-animated-content\">\n\t\t\t\t\t<div class=\"e-gallery-image elementor-gallery-item__image\" data-thumbnail=\"https:\/\/stephanie-wedding.com\/wp-content\/uploads\/2025\/12\/SchlossWolfsegg_Oesterreich-hochzeitsplanerin-stephanie-weddings-9-1024x1536.jpg\" data-width=\"1024\" data-height=\"1536\" aria-label=\"Eine Frau in einem wei\u00dfen Kleid gie\u00dft Sekt in Gl\u00e4ser auf einem Tisch im Freien vor einem Geb\u00e4ude ein und schafft so eine elegante Hochzeitsatmosph\u00e4re in \u00d6sterreich.\" role=\"img\" ><\/div>\n\t\t\t\t\t\t\t\t\t\t\t\t\t\t<\/div>\n\t\t\t\t\t<\/div>\n\t\t\t\t\t<\/div>\n\t\t\t\t<\/div>\n\t\t\t\t<\/div>\n\t\t<div class=\"elementor-element elementor-element-060b519 e-con-full e-flex e-con e-child\" data-id=\"060b519\" data-element_type=\"container\" data-e-type=\"container\">\n\t\t\t\t<div class=\"elementor-element elementor-element-be0fc95 elementor-widget__width-initial elementor-widget elementor-widget-heading\" data-id=\"be0fc95\" data-element_type=\"widget\" data-e-type=\"widget\" data-widget_type=\"heading.default\">\n\t\t\t\t<div class=\"elementor-widget-container\">\n\t\t\t\t\t<h3 class=\"elementor-heading-title elementor-size-default\">Special highlights: Experiences with personality<\/h3>\t\t\t\t<\/div>\n\t\t\t\t<\/div>\n\t\t\t\t<div class=\"elementor-element elementor-element-704d47e elementor-widget elementor-widget-text-editor\" data-id=\"704d47e\" data-element_type=\"widget\" data-e-type=\"widget\" data-widget_type=\"text-editor.default\">\n\t\t\t\t<div class=\"elementor-widget-container\">\n\t\t\t\t\t\t\t\t\t<p>What also characterized this styled shoot were deliberately chosen experience elements that go far beyond classic wedding details. Because a wedding shouldn't just look beautiful - it should feel special.<\/p>\t\t\t\t\t\t\t\t<\/div>\n\t\t\t\t<\/div>\n\t\t<div class=\"elementor-element elementor-element-ef33346 e-grid e-con-full e-con e-child\" data-id=\"ef33346\" data-element_type=\"container\" data-e-type=\"container\">\n\t\t\t\t<div class=\"elementor-element elementor-element-56f2ea3 elementor-widget elementor-widget-text-editor\" data-id=\"56f2ea3\" data-element_type=\"widget\" data-e-type=\"widget\" data-widget_type=\"text-editor.default\">\n\t\t\t\t<div class=\"elementor-widget-container\">\n\t\t\t\t\t\t\t\t\t<p data-start=\"2038\" data-end=\"2059\"><strong data-start=\"2038\" data-end=\"2059\">Live portrait art<br \/><\/strong>An artist accompanied the shoot and took a portrait of the bride and groom on location. A moment of tranquillity in the midst of the staging.<\/p><p data-start=\"2202\" data-end=\"2397\">Brushstroke by brushstroke, a work of art was created that not only captures a scene, but also preserves emotion. A memory could hardly be more personal - or more stylish.<\/p><p data-start=\"2404\" data-end=\"2433\"><strong data-start=\"2404\" data-end=\"2433\">Cr\u00eapes trolley as an aperitif<br \/><\/strong>Instead of a classic flying buffet, an elegant cr\u00eapes trolley provided a charming, almost French-style lightness.<\/p><p data-start=\"2563\" data-end=\"2796\">The aroma of freshly baked cr\u00eapes, the quiet crackling of the plate, the casual enjoyment - it is precisely this mixture of sophistication and nonchalance that creates atmosphere. A detail that connects guests and is an instant conversation starter.<\/p>\t\t\t\t\t\t\t\t<\/div>\n\t\t\t\t<\/div>\n\t\t\t\t<div class=\"elementor-element elementor-element-98738fe elementor-widget elementor-widget-text-editor\" data-id=\"98738fe\" data-element_type=\"widget\" data-e-type=\"widget\" data-widget_type=\"text-editor.default\">\n\t\t\t\t<div class=\"elementor-widget-container\">\n\t\t\t\t\t\t\t\t\t<p data-start=\"2803\" data-end=\"2859\"><strong data-start=\"2803\" data-end=\"2859\">Champagne Pong - A stylish twist with a wink<br \/><\/strong>To set the mood for the evening, a party classic was turned into an elegant statement: champagne pong.<\/p><p data-start=\"2961\" data-end=\"3150\">Playful, modern and perfectly integrated into the overall concept. It shows that exclusivity and lightness are not a contradiction in terms. On the contrary - it is precisely this balance that brings a party to life.<\/p><p data-start=\"3157\" data-end=\"3191\"><strong data-start=\"3157\" data-end=\"3191\">Classical music for the ceremony<br \/><\/strong>Two violinists accompanied the wedding ceremony with classical music and created a setting that could hardly have been more emotional.<\/p><p data-start=\"3318\" data-end=\"3468\">The gentle sounds lent depth and grandeur to the ceremony without ever being intrusive. Music that gets under your skin - and carries the moment.<\/p>\t\t\t\t\t\t\t\t<\/div>\n\t\t\t\t<\/div>\n\t\t\t\t<\/div>\n\t\t\t\t<\/div>\n\t\t\t\t<div class=\"elementor-element elementor-element-fa7bdc2 elementor-widget-divider--view-line elementor-widget elementor-widget-divider\" data-id=\"fa7bdc2\" data-element_type=\"widget\" data-e-type=\"widget\" data-widget_type=\"divider.default\">\n\t\t\t\t<div class=\"elementor-widget-container\">\n\t\t\t\t\t\t\t<div class=\"elementor-divider\">\n\t\t\t<span class=\"elementor-divider-separator\">\n\t\t\t\t\t\t<\/span>\n\t\t<\/div>\n\t\t\t\t\t\t<\/div>\n\t\t\t\t<\/div>\n\t\t<div class=\"elementor-element elementor-element-1ddb33e e-con-full e-flex e-con e-child\" data-id=\"1ddb33e\" data-element_type=\"container\" data-e-type=\"container\">\n\t\t\t\t<div class=\"elementor-element elementor-element-b65fdfa elementor-widget__width-initial elementor-widget elementor-widget-heading\" data-id=\"b65fdfa\" data-element_type=\"widget\" data-e-type=\"widget\" data-widget_type=\"heading.default\">\n\t\t\t\t<div class=\"elementor-widget-container\">\n\t\t\t\t\t<h2 class=\"elementor-heading-title elementor-size-default\">Style shoot - decoration focus on the theme of bows\nExtras: food truck, painter, champagne pong\n<\/h2>\t\t\t\t<\/div>\n\t\t\t\t<\/div>\n\t\t\t\t<div class=\"elementor-element elementor-element-e2eadd2 elementor-widget__width-initial elementor-widget elementor-widget-heading\" data-id=\"e2eadd2\" data-element_type=\"widget\" data-e-type=\"widget\" data-widget_type=\"heading.default\">\n\t\t\t\t<div class=\"elementor-widget-container\">\n\t\t\t\t\t<h3 class=\"elementor-heading-title elementor-size-default\">Elegance in bows - a timeless declaration of love<\/h3>\t\t\t\t<\/div>\n\t\t\t\t<\/div>\n\t\t<div class=\"elementor-element elementor-element-2d935db e-grid e-con-full e-con e-child\" data-id=\"2d935db\" data-element_type=\"container\" data-e-type=\"container\">\n\t\t\t\t<div class=\"elementor-element elementor-element-04ae499 elementor-widget elementor-widget-text-editor\" data-id=\"04ae499\" data-element_type=\"widget\" data-e-type=\"widget\" data-widget_type=\"text-editor.default\">\n\t\t\t\t<div class=\"elementor-widget-container\">\n\t\t\t\t\t\t\t\t\t<p data-start=\"123\" data-end=\"260\">There are weddings that follow a trend. And there are weddings that embody an attitude. This styled shoot stands for the latter.<\/p><p data-start=\"262\" data-end=\"588\">\u201eElegance in bows\u201c is a tribute to classic beauty - reinterpreted for modern couples who value style, substance and a clear aesthetic. No overloading, no loud staging. Instead, a well thought-out composition of fine details, warm nuances and a natural elegance that lasts.<\/p><p data-start=\"590\" data-end=\"705\">Bows are more than just a decorative element. They tell of connection. Of cohesion. Of a conscious \u201eyes\u201c.<\/p><p data-start=\"707\" data-end=\"968\">In this concept, they run like a red thread - or rather: like a delicate ribbon - through every detail. Gently tied to the dress, subtly integrated into the stationery, artfully placed around napkins or used as delicate accents in the floristry.<\/p><p data-start=\"970\" data-end=\"1002\">Never intrusive. Always coherent.<\/p>\t\t\t\t\t\t\t\t<\/div>\n\t\t\t\t<\/div>\n\t\t\t\t<div class=\"elementor-element elementor-element-94d8fb7 elementor-widget elementor-widget-text-editor\" data-id=\"94d8fb7\" data-element_type=\"widget\" data-e-type=\"widget\" data-widget_type=\"text-editor.default\">\n\t\t\t\t<div class=\"elementor-widget-container\">\n\t\t\t\t\t\t\t\t\t<p data-start=\"1174\" data-end=\"1378\">It is precisely this restraint that makes the effect so strong. The bow is not a trendy object here, but a statement of conscious design and emotional depth.<\/p><p data-start=\"1174\" data-end=\"1378\">This shoot shows how timeless elements can be rethought in a modern setting. Clear lines meet soft fabrics. Structure meets lightness. Minimalism meets emotional depth.<\/p><p data-start=\"1380\" data-end=\"1585\">For couples who know what they want. For people who value quality over speed. For love stories that should not only look just as beautiful today, but also in twenty years' time.<\/p><p data-start=\"1587\" data-end=\"1738\">Because true elegance doesn't need trends. It needs attitude, sensitivity and a well thought-out concept. And that's exactly what makes a wedding unforgettable.<\/p>\t\t\t\t\t\t\t\t<\/div>\n\t\t\t\t<\/div>\n\t\t\t\t<\/div>\n\t\t\t\t<\/div>\n\t\t\t\t<\/div>\n\t\t\t\t<\/div>","protected":false},"excerpt":{"rendered":"<p>Milad &amp; Maryam Besondere Highlights: Erlebnisse mit Pers\u00f6nlichkeit Was dieses Styled Shoot zus\u00e4tzlich gepr\u00e4gt hat, waren bewusst gew\u00e4hlte Erlebnis-Elemente, die weit \u00fcber klassische Hochzeitsdetails hinausgehen. Denn eine Hochzeit darf nicht nur sch\u00f6n aussehen \u2013 sie darf sich besonders anf\u00fchlen. Live-Portr\u00e4tkunstEin K\u00fcnstler begleitete das Shooting und fertigte vor Ort ein Portr\u00e4t des Brautpaares an. Ein Moment [&hellip;]<\/p>\n","protected":false},"author":4,"featured_media":0,"parent":0,"menu_order":0,"comment_status":"closed","ping_status":"closed","template":"elementor_header_footer","meta":{"footnotes":""},"class_list":["post-6283","page","type-page","status-publish","hentry"],"_links":{"self":[{"href":"https:\/\/stephanie-wedding.com\/en\/wp-json\/wp\/v2\/pages\/6283","targetHints":{"allow":["GET"]}}],"collection":[{"href":"https:\/\/stephanie-wedding.com\/en\/wp-json\/wp\/v2\/pages"}],"about":[{"href":"https:\/\/stephanie-wedding.com\/en\/wp-json\/wp\/v2\/types\/page"}],"author":[{"embeddable":true,"href":"https:\/\/stephanie-wedding.com\/en\/wp-json\/wp\/v2\/users\/4"}],"replies":[{"embeddable":true,"href":"https:\/\/stephanie-wedding.com\/en\/wp-json\/wp\/v2\/comments?post=6283"}],"version-history":[{"count":10,"href":"https:\/\/stephanie-wedding.com\/en\/wp-json\/wp\/v2\/pages\/6283\/revisions"}],"predecessor-version":[{"id":6591,"href":"https:\/\/stephanie-wedding.com\/en\/wp-json\/wp\/v2\/pages\/6283\/revisions\/6591"}],"wp:attachment":[{"href":"https:\/\/stephanie-wedding.com\/en\/wp-json\/wp\/v2\/media?parent=6283"}],"curies":[{"name":"wp","href":"https:\/\/api.w.org\/{rel}","templated":true}]}}